{"id":5868,"date":"2020-03-31T20:54:53","date_gmt":"2020-03-31T18:54:53","guid":{"rendered":"http:\/\/www.mg-modelleisenbahnbau.de\/?post_type=product&#038;p=5868"},"modified":"2025-06-30T11:15:18","modified_gmt":"2025-06-30T09:15:18","slug":"37117-n-gasthaus-riesen-miltenberg","status":"publish","type":"product","link":"https:\/\/www.mg-modelleisenbahnbau.de\/startseite-2\/produkt\/37117-n-gasthaus-riesen-miltenberg\/","title":{"rendered":"37117 N Gasthaus Riesen Miltenberg"},"content":{"rendered":"<div class=\"content--description\">\n<div class=\"content--title\">Produktinformationen &#8222;N Gasthaus Riesen Miltenberg&#8220;<\/div>\n<div class=\"product--description\">Bausatz. Das Haus Zum Riesen in Miltenberg (Unterfranken) ist nach eigenen Angaben eines der \u00e4ltesten Gasth\u00e4user Deutschlands. Ma\u00dfe: L 12,5 x B 7 x H 12,5 cm. Schwierigkeitsgrad: 2 (Fortgeschrittene).<\/div>\n<h3><span style=\"color: #ff6600;\"><strong><span class=\"delivery--text delivery--text-not-available\">Lieferzeit auf Anfrage<\/span><\/strong><\/span><\/h3>\n<\/div>\n","protected":false},"excerpt":{"rendered":"<p>Produktinformationen &#8222;N Gasthaus Riesen Miltenberg&#8220; Bausatz. Das Haus Zum Riesen in Miltenberg (Unterfranken) ist nach eigenen Angaben eines der \u00e4ltesten Gasth\u00e4user Deutschlands. Ma\u00dfe: L 12,5 x B 7 x H 12,5 cm. Schwierigkeitsgrad: 2 (Fortgeschrittene). Lieferzeit auf Anfrage<\/p>\n","protected":false},"featured_media":5869,"comment_status":"open","ping_status":"closed","template":"","meta":[],"product_brand":[],"product_cat":[235,44,228,38],"product_tag":[292,291],"class_list":{"0":"post-5868","1":"product","2":"type-product","3":"status-publish","4":"has-post-thumbnail","6":"product_cat-fachwerkhaeuser-n","7":"product_cat-kibri","8":"product_cat-kibri-spur-n","9":"product_cat-unkategorisiert","10":"product_tag-kein-spielzeug-nicht-geeignet-fuer-kinder-unter-14-jahren","11":"product_tag-warn-und-sicherheitshinweise-modellbauartikel","13":"first","14":"instock","15":"taxable","16":"shipping-taxable","17":"purchasable","18":"product-type-simple"},"jetpack_sharing_enabled":true,"_links":{"self":[{"href":"https:\/\/www.mg-modelleisenbahnbau.de\/startseite-2\/wp-json\/wp\/v2\/product\/5868","targetHints":{"allow":["GET"]}}],"collection":[{"href":"https:\/\/www.mg-modelleisenbahnbau.de\/startseite-2\/wp-json\/wp\/v2\/product"}],"about":[{"href":"https:\/\/www.mg-modelleisenbahnbau.de\/startseite-2\/wp-json\/wp\/v2\/types\/product"}],"replies":[{"embeddable":true,"href":"https:\/\/www.mg-modelleisenbahnbau.de\/startseite-2\/wp-json\/wp\/v2\/comments?post=5868"}],"wp:featuredmedia":[{"embeddable":true,"href":"https:\/\/www.mg-modelleisenbahnbau.de\/startseite-2\/wp-json\/wp\/v2\/media\/5869"}],"wp:attachment":[{"href":"https:\/\/www.mg-modelleisenbahnbau.de\/startseite-2\/wp-json\/wp\/v2\/media?parent=5868"}],"wp:term":[{"taxonomy":"product_brand","embeddable":true,"href":"https:\/\/www.mg-modelleisenbahnbau.de\/startseite-2\/wp-json\/wp\/v2\/product_brand?post=5868"},{"taxonomy":"product_cat","embeddable":true,"href":"https:\/\/www.mg-modelleisenbahnbau.de\/startseite-2\/wp-json\/wp\/v2\/product_cat?post=5868"},{"taxonomy":"product_tag","embeddable":true,"href":"https:\/\/www.mg-modelleisenbahnbau.de\/startseite-2\/wp-json\/wp\/v2\/product_tag?post=5868"}],"curies":[{"name":"wp","href":"https:\/\/api.w.org\/{rel}","templated":true}]}}