{"id":5848,"date":"2020-03-31T20:33:52","date_gmt":"2020-03-31T18:33:52","guid":{"rendered":"http:\/\/www.mg-modelleisenbahnbau.de\/?post_type=product&#038;p=5848"},"modified":"2025-06-30T11:39:55","modified_gmt":"2025-06-30T09:39:55","slug":"37161-n-postamt-munderkingen","status":"publish","type":"product","link":"https:\/\/www.mg-modelleisenbahnbau.de\/startseite-2\/produkt\/37161-n-postamt-munderkingen\/","title":{"rendered":"37161 N Postamt Munderkingen"},"content":{"rendered":"<div class=\"content--description\">\n<div class=\"content--title\">Produktinformationen &#8222;N Postamt Munderkingen&#8220;<\/div>\n<div class=\"product--description\">Bausatz. Fein detailliert und auch in moderneren Epochen einsetzbar, wird das Postamt Munderkingen mit seinen beiden angesetzten Erkern zum wundersch\u00f6nen Blickfang, denn eine richtige Poststelle darf auf einer Modellbahn nat\u00fcrlich nicht fehlen. Ob der Briefkasten heute wohl schon geleert wurde? Ma\u00dfe: L 13 x B 7,5 x H 9,5 cm. Schwierigkeitsgrad: 2 (Fortgeschrittene).<\/div>\n<\/div>\n","protected":false},"excerpt":{"rendered":"<p>Produktinformationen &#8222;N Postamt Munderkingen&#8220; Bausatz. Fein detailliert und auch in moderneren Epochen einsetzbar, wird das Postamt Munderkingen mit seinen beiden angesetzten Erkern zum wundersch\u00f6nen Blickfang, denn eine richtige Poststelle darf auf einer Modellbahn nat\u00fcrlich nicht fehlen. Ob der Briefkasten heute wohl schon geleert wurde? Ma\u00dfe: L 13 x B 7,5 x H 9,5 cm. Schwierigkeitsgrad:&#8230;<\/p>\n","protected":false},"featured_media":5849,"comment_status":"open","ping_status":"closed","template":"","meta":[],"product_brand":[],"product_cat":[44,228,234,38],"product_tag":[292,291],"class_list":{"0":"post-5848","1":"product","2":"type-product","3":"status-publish","4":"has-post-thumbnail","6":"product_cat-kibri","7":"product_cat-kibri-spur-n","8":"product_cat-stadthaeuser-n","9":"product_cat-unkategorisiert","10":"product_tag-kein-spielzeug-nicht-geeignet-fuer-kinder-unter-14-jahren","11":"product_tag-warn-und-sicherheitshinweise-modellbauartikel","13":"first","14":"instock","15":"taxable","16":"shipping-taxable","17":"purchasable","18":"product-type-simple"},"jetpack_sharing_enabled":true,"_links":{"self":[{"href":"https:\/\/www.mg-modelleisenbahnbau.de\/startseite-2\/wp-json\/wp\/v2\/product\/5848","targetHints":{"allow":["GET"]}}],"collection":[{"href":"https:\/\/www.mg-modelleisenbahnbau.de\/startseite-2\/wp-json\/wp\/v2\/product"}],"about":[{"href":"https:\/\/www.mg-modelleisenbahnbau.de\/startseite-2\/wp-json\/wp\/v2\/types\/product"}],"replies":[{"embeddable":true,"href":"https:\/\/www.mg-modelleisenbahnbau.de\/startseite-2\/wp-json\/wp\/v2\/comments?post=5848"}],"wp:featuredmedia":[{"embeddable":true,"href":"https:\/\/www.mg-modelleisenbahnbau.de\/startseite-2\/wp-json\/wp\/v2\/media\/5849"}],"wp:attachment":[{"href":"https:\/\/www.mg-modelleisenbahnbau.de\/startseite-2\/wp-json\/wp\/v2\/media?parent=5848"}],"wp:term":[{"taxonomy":"product_brand","embeddable":true,"href":"https:\/\/www.mg-modelleisenbahnbau.de\/startseite-2\/wp-json\/wp\/v2\/product_brand?post=5848"},{"taxonomy":"product_cat","embeddable":true,"href":"https:\/\/www.mg-modelleisenbahnbau.de\/startseite-2\/wp-json\/wp\/v2\/product_cat?post=5848"},{"taxonomy":"product_tag","embeddable":true,"href":"https:\/\/www.mg-modelleisenbahnbau.de\/startseite-2\/wp-json\/wp\/v2\/product_tag?post=5848"}],"curies":[{"name":"wp","href":"https:\/\/api.w.org\/{rel}","templated":true}]}}