{"id":5840,"date":"2020-03-31T20:25:34","date_gmt":"2020-03-31T18:25:34","guid":{"rendered":"http:\/\/www.mg-modelleisenbahnbau.de\/?post_type=product&#038;p=5840"},"modified":"2025-06-30T11:39:53","modified_gmt":"2025-06-30T09:39:53","slug":"37154-n-buergerhaeuser-in-tournai-2-stueck","status":"publish","type":"product","link":"https:\/\/www.mg-modelleisenbahnbau.de\/startseite-2\/produkt\/37154-n-buergerhaeuser-in-tournai-2-stueck\/","title":{"rendered":"37154 N B\u00fcrgerh\u00e4user in Tournai, 2 St\u00fcck"},"content":{"rendered":"<div class=\"content--description\">\n<div class=\"content--title\">Produktinformationen &#8222;N B\u00fcrgerh\u00e4user in Tournai, 2 St\u00fcck&#8220;<\/div>\n<div class=\"product--description\">Bausatz. Ma\u00dfe: L 7,5 x B 8 x H 12 cm, L 6,5 x B 8 x H 14,5 cm. Schwierigkeitsgrad: 2 (Fortgeschrittene).<\/div>\n<div><a class=\"product--image\" title=\"H0 Bogenleuchte, LED warmwei\u00df\" href=\"https:\/\/viessmann-modell.com\/sortiment\/spur-h0\/led-leuchten\/66\/h0-bogenleuchte-led-warmweiss\"> <span class=\"image--element\"> <span class=\"image--media\"> <img title=\"H0 Bogenleuchte, LED warmwei\u00df\" srcset=\"https:\/\/viessmann-modell.com\/media\/image\/c6\/91\/e8\/6112CPLc2EIz4zEpo_200x200.jpg, https:\/\/viessmann-modell.com\/media\/image\/38\/aa\/ea\/6112CPLc2EIz4zEpo_200x200@2x.jpg 2x\" alt=\"H0 Bogenleuchte, LED warmwei\u00df\" data-extension=\"jpg\" \/><a class=\"product--title\" title=\"H0 Bogenleuchte, LED warmwei\u00df\" href=\"https:\/\/viessmann-modell.com\/sortiment\/spur-h0\/led-leuchten\/66\/h0-bogenleuchte-led-warmweiss\"> 6112 H0 Bogenleuchte, LED warmwei\u00df <\/a> <\/span> <\/span> <\/a><\/div>\n<\/div>\n","protected":false},"excerpt":{"rendered":"<p>Produktinformationen &#8222;N B\u00fcrgerh\u00e4user in Tournai, 2 St\u00fcck&#8220; Bausatz. Ma\u00dfe: L 7,5 x B 8 x H 12 cm, L 6,5 x B 8 x H 14,5 cm. Schwierigkeitsgrad: 2 (Fortgeschrittene). 6112 H0 Bogenleuchte, LED warmwei\u00df<\/p>\n","protected":false},"featured_media":5841,"comment_status":"open","ping_status":"closed","template":"","meta":[],"product_brand":[],"product_cat":[44,228,234,38],"product_tag":[292,291],"class_list":{"0":"post-5840","1":"product","2":"type-product","3":"status-publish","4":"has-post-thumbnail","6":"product_cat-kibri","7":"product_cat-kibri-spur-n","8":"product_cat-stadthaeuser-n","9":"product_cat-unkategorisiert","10":"product_tag-kein-spielzeug-nicht-geeignet-fuer-kinder-unter-14-jahren","11":"product_tag-warn-und-sicherheitshinweise-modellbauartikel","13":"first","14":"instock","15":"taxable","16":"shipping-taxable","17":"purchasable","18":"product-type-simple"},"jetpack_sharing_enabled":true,"_links":{"self":[{"href":"https:\/\/www.mg-modelleisenbahnbau.de\/startseite-2\/wp-json\/wp\/v2\/product\/5840","targetHints":{"allow":["GET"]}}],"collection":[{"href":"https:\/\/www.mg-modelleisenbahnbau.de\/startseite-2\/wp-json\/wp\/v2\/product"}],"about":[{"href":"https:\/\/www.mg-modelleisenbahnbau.de\/startseite-2\/wp-json\/wp\/v2\/types\/product"}],"replies":[{"embeddable":true,"href":"https:\/\/www.mg-modelleisenbahnbau.de\/startseite-2\/wp-json\/wp\/v2\/comments?post=5840"}],"wp:featuredmedia":[{"embeddable":true,"href":"https:\/\/www.mg-modelleisenbahnbau.de\/startseite-2\/wp-json\/wp\/v2\/media\/5841"}],"wp:attachment":[{"href":"https:\/\/www.mg-modelleisenbahnbau.de\/startseite-2\/wp-json\/wp\/v2\/media?parent=5840"}],"wp:term":[{"taxonomy":"product_brand","embeddable":true,"href":"https:\/\/www.mg-modelleisenbahnbau.de\/startseite-2\/wp-json\/wp\/v2\/product_brand?post=5840"},{"taxonomy":"product_cat","embeddable":true,"href":"https:\/\/www.mg-modelleisenbahnbau.de\/startseite-2\/wp-json\/wp\/v2\/product_cat?post=5840"},{"taxonomy":"product_tag","embeddable":true,"href":"https:\/\/www.mg-modelleisenbahnbau.de\/startseite-2\/wp-json\/wp\/v2\/product_tag?post=5840"}],"curies":[{"name":"wp","href":"https:\/\/api.w.org\/{rel}","templated":true}]}}