{"id":5834,"date":"2020-03-31T19:47:50","date_gmt":"2020-03-31T17:47:50","guid":{"rendered":"http:\/\/www.mg-modelleisenbahnbau.de\/?post_type=product&#038;p=5834"},"modified":"2025-06-30T11:39:58","modified_gmt":"2025-06-30T09:39:58","slug":"37228-n-foerderturm-mit-maschinenhaus-und-kohlewaeschegebaeude","status":"publish","type":"product","link":"https:\/\/www.mg-modelleisenbahnbau.de\/startseite-2\/produkt\/37228-n-foerderturm-mit-maschinenhaus-und-kohlewaeschegebaeude\/","title":{"rendered":"37228 N F\u00f6rderturm mit Maschinenhaus und Kohlew\u00e4schegeb\u00e4ude"},"content":{"rendered":"<div class=\"content--description\">\n<div class=\"content--title\">Produktinformationen &#8222;N F\u00f6rderturm mit Maschinenhaus und Kohlew\u00e4schegeb\u00e4ude&#8220;<\/div>\n<div class=\"product--description\">Bausatz. Dazu passen der Verwaltungsturm Art. 37229, das Kesselhaus mit Kamin Art. 37224 und die Zechenverwaltung mit Werkstatt Art. 37230. Mit Stecksystem. Ma\u00dfe: L 32 x B 12 x H 22 cm. Schwierigkeitsgrad: 2 (Fortgeschrittene).<\/div>\n<h3><span class=\"delivery--text delivery--text-not-available\" style=\"color: #ff6600;\"><strong>Lieferzeit auf Anfrage<\/strong> <\/span><\/h3>\n<\/div>\n","protected":false},"excerpt":{"rendered":"<p>Produktinformationen &#8222;N F\u00f6rderturm mit Maschinenhaus und Kohlew\u00e4schegeb\u00e4ude&#8220; Bausatz. Dazu passen der Verwaltungsturm Art. 37229, das Kesselhaus mit Kamin Art. 37224 und die Zechenverwaltung mit Werkstatt Art. 37230. Mit Stecksystem. Ma\u00dfe: L 32 x B 12 x H 22 cm. Schwierigkeitsgrad: 2 (Fortgeschrittene). Lieferzeit auf Anfrage<\/p>\n","protected":false},"featured_media":5835,"comment_status":"open","ping_status":"closed","template":"","meta":[],"product_brand":[],"product_cat":[233,44,228,38],"product_tag":[292,291],"class_list":{"0":"post-5834","1":"product","2":"type-product","3":"status-publish","4":"has-post-thumbnail","6":"product_cat-industrie-n","7":"product_cat-kibri","8":"product_cat-kibri-spur-n","9":"product_cat-unkategorisiert","10":"product_tag-kein-spielzeug-nicht-geeignet-fuer-kinder-unter-14-jahren","11":"product_tag-warn-und-sicherheitshinweise-modellbauartikel","13":"first","14":"instock","15":"taxable","16":"shipping-taxable","17":"purchasable","18":"product-type-simple"},"jetpack_sharing_enabled":true,"_links":{"self":[{"href":"https:\/\/www.mg-modelleisenbahnbau.de\/startseite-2\/wp-json\/wp\/v2\/product\/5834","targetHints":{"allow":["GET"]}}],"collection":[{"href":"https:\/\/www.mg-modelleisenbahnbau.de\/startseite-2\/wp-json\/wp\/v2\/product"}],"about":[{"href":"https:\/\/www.mg-modelleisenbahnbau.de\/startseite-2\/wp-json\/wp\/v2\/types\/product"}],"replies":[{"embeddable":true,"href":"https:\/\/www.mg-modelleisenbahnbau.de\/startseite-2\/wp-json\/wp\/v2\/comments?post=5834"}],"wp:featuredmedia":[{"embeddable":true,"href":"https:\/\/www.mg-modelleisenbahnbau.de\/startseite-2\/wp-json\/wp\/v2\/media\/5835"}],"wp:attachment":[{"href":"https:\/\/www.mg-modelleisenbahnbau.de\/startseite-2\/wp-json\/wp\/v2\/media?parent=5834"}],"wp:term":[{"taxonomy":"product_brand","embeddable":true,"href":"https:\/\/www.mg-modelleisenbahnbau.de\/startseite-2\/wp-json\/wp\/v2\/product_brand?post=5834"},{"taxonomy":"product_cat","embeddable":true,"href":"https:\/\/www.mg-modelleisenbahnbau.de\/startseite-2\/wp-json\/wp\/v2\/product_cat?post=5834"},{"taxonomy":"product_tag","embeddable":true,"href":"https:\/\/www.mg-modelleisenbahnbau.de\/startseite-2\/wp-json\/wp\/v2\/product_tag?post=5834"}],"curies":[{"name":"wp","href":"https:\/\/api.w.org\/{rel}","templated":true}]}}