{"id":5822,"date":"2020-03-31T19:32:43","date_gmt":"2020-03-31T17:32:43","guid":{"rendered":"http:\/\/www.mg-modelleisenbahnbau.de\/?post_type=product&#038;p=5822"},"modified":"2025-06-30T11:52:02","modified_gmt":"2025-06-30T09:52:02","slug":"37467-n-zwei-hochtanks-miro-mit-buerogebaeude-und-abfuellstation","status":"publish","type":"product","link":"https:\/\/www.mg-modelleisenbahnbau.de\/startseite-2\/produkt\/37467-n-zwei-hochtanks-miro-mit-buerogebaeude-und-abfuellstation\/","title":{"rendered":"37467 N Zwei Hochtanks MIRO mit B\u00fcrogeb\u00e4ude und Abf\u00fcllstation"},"content":{"rendered":"<div class=\"content--description\">\n<div class=\"content--title\">Produktinformationen &#8222;N Zwei Hochtanks MIRO mit B\u00fcrogeb\u00e4ude und Abf\u00fcllstation&#8220;<\/div>\n<div class=\"product--description\">Bausatz. Die MIRO Mineral\u00f6lanlage von kibri ist so konzipiert, dass sie sich aus einzelnen Bausteinen individuell zusammenstellen l\u00e4sst. So lassen sich die Anlagenteile problemlos in jede beliebige Modellbahnanlage einpassen. Der angelieferte Treibstoff (z. B. leichtfl\u00fcchtiges Benzin oder Roh\u00f6l) wird zur Zwischenlagerung in diesen Hochtanks gelagert, bevor er an der Abf\u00fcllanlage am B\u00fcrogeb\u00e4ude Art. 37469 in den Tankwagen gef\u00fcllt und von dort zu den Verbrauchern transportiert wird. Wie beim Vorbild stehen die Tanks auf einer undurchl\u00e4ssigen Lehmschicht und sind zum Schutz des Erdreichs von betonierten W\u00e4llen umgeben. Ma\u00dfe: Hochtanks mit B\u00fcrogeb\u00e4ude L 22,5 x B 8,5 x H 8 cm, Abf\u00fcllstation L 14,3 x B 1,5 x H 3,5 cm. Schwierigkeitsgrad: 2 (Fortgeschrittene).<\/div>\n<\/div>\n","protected":false},"excerpt":{"rendered":"<p>Produktinformationen &#8222;N Zwei Hochtanks MIRO mit B\u00fcrogeb\u00e4ude und Abf\u00fcllstation&#8220; Bausatz. Die MIRO Mineral\u00f6lanlage von kibri ist so konzipiert, dass sie sich aus einzelnen Bausteinen individuell zusammenstellen l\u00e4sst. So lassen sich die Anlagenteile problemlos in jede beliebige Modellbahnanlage einpassen. Der angelieferte Treibstoff (z. B. leichtfl\u00fcchtiges Benzin oder Roh\u00f6l) wird zur Zwischenlagerung in diesen Hochtanks gelagert, bevor&#8230;<\/p>\n","protected":false},"featured_media":5823,"comment_status":"open","ping_status":"closed","template":"","meta":[],"product_brand":[],"product_cat":[233,44,228,38],"product_tag":[292,291],"class_list":{"0":"post-5822","1":"product","2":"type-product","3":"status-publish","4":"has-post-thumbnail","6":"product_cat-industrie-n","7":"product_cat-kibri","8":"product_cat-kibri-spur-n","9":"product_cat-unkategorisiert","10":"product_tag-kein-spielzeug-nicht-geeignet-fuer-kinder-unter-14-jahren","11":"product_tag-warn-und-sicherheitshinweise-modellbauartikel","13":"first","14":"instock","15":"taxable","16":"shipping-taxable","17":"purchasable","18":"product-type-simple"},"jetpack_sharing_enabled":true,"_links":{"self":[{"href":"https:\/\/www.mg-modelleisenbahnbau.de\/startseite-2\/wp-json\/wp\/v2\/product\/5822","targetHints":{"allow":["GET"]}}],"collection":[{"href":"https:\/\/www.mg-modelleisenbahnbau.de\/startseite-2\/wp-json\/wp\/v2\/product"}],"about":[{"href":"https:\/\/www.mg-modelleisenbahnbau.de\/startseite-2\/wp-json\/wp\/v2\/types\/product"}],"replies":[{"embeddable":true,"href":"https:\/\/www.mg-modelleisenbahnbau.de\/startseite-2\/wp-json\/wp\/v2\/comments?post=5822"}],"wp:featuredmedia":[{"embeddable":true,"href":"https:\/\/www.mg-modelleisenbahnbau.de\/startseite-2\/wp-json\/wp\/v2\/media\/5823"}],"wp:attachment":[{"href":"https:\/\/www.mg-modelleisenbahnbau.de\/startseite-2\/wp-json\/wp\/v2\/media?parent=5822"}],"wp:term":[{"taxonomy":"product_brand","embeddable":true,"href":"https:\/\/www.mg-modelleisenbahnbau.de\/startseite-2\/wp-json\/wp\/v2\/product_brand?post=5822"},{"taxonomy":"product_cat","embeddable":true,"href":"https:\/\/www.mg-modelleisenbahnbau.de\/startseite-2\/wp-json\/wp\/v2\/product_cat?post=5822"},{"taxonomy":"product_tag","embeddable":true,"href":"https:\/\/www.mg-modelleisenbahnbau.de\/startseite-2\/wp-json\/wp\/v2\/product_tag?post=5822"}],"curies":[{"name":"wp","href":"https:\/\/api.w.org\/{rel}","templated":true}]}}