{"id":5788,"date":"2020-03-31T18:24:53","date_gmt":"2020-03-31T16:24:53","guid":{"rendered":"http:\/\/www.mg-modelleisenbahnbau.de\/?post_type=product&#038;p=5788"},"modified":"2025-06-30T12:34:01","modified_gmt":"2025-06-30T10:34:01","slug":"37809-n-gueterschuppen","status":"publish","type":"product","link":"https:\/\/www.mg-modelleisenbahnbau.de\/startseite-2\/produkt\/37809-n-gueterschuppen\/","title":{"rendered":"37809 N G\u00fcterschuppen"},"content":{"rendered":"<div class=\"content--description\">\n<div class=\"content--title\">Produktinformationen &#8222;N G\u00fcterschuppen&#8220;<\/div>\n<div class=\"product--description\">Bausatz. Dieser G\u00fcterschuppen in moderner Bauart bietet Platz f\u00fcr St\u00fcckg\u00fcter aller Art. Ma\u00dfe: L 27,3 x B 8,9 x H 5,7 cm. Schwierigkeitsgrad: 2 (Fortgeschrittene).<\/div>\n<\/div>\n","protected":false},"excerpt":{"rendered":"<p>Produktinformationen &#8222;N G\u00fcterschuppen&#8220; Bausatz. Dieser G\u00fcterschuppen in moderner Bauart bietet Platz f\u00fcr St\u00fcckg\u00fcter aller Art. Ma\u00dfe: L 27,3 x B 8,9 x H 5,7 cm. Schwierigkeitsgrad: 2 (Fortgeschrittene).<\/p>\n","protected":false},"featured_media":5789,"comment_status":"open","ping_status":"closed","template":"","meta":[],"product_brand":[],"product_cat":[44,228,231,38],"product_tag":[292,291],"class_list":{"0":"post-5788","1":"product","2":"type-product","3":"status-publish","4":"has-post-thumbnail","6":"product_cat-kibri","7":"product_cat-kibri-spur-n","8":"product_cat-stellwerke-gueterumschlag-n","9":"product_cat-unkategorisiert","10":"product_tag-kein-spielzeug-nicht-geeignet-fuer-kinder-unter-14-jahren","11":"product_tag-warn-und-sicherheitshinweise-modellbauartikel","13":"first","14":"instock","15":"taxable","16":"shipping-taxable","17":"purchasable","18":"product-type-simple"},"jetpack_sharing_enabled":true,"_links":{"self":[{"href":"https:\/\/www.mg-modelleisenbahnbau.de\/startseite-2\/wp-json\/wp\/v2\/product\/5788","targetHints":{"allow":["GET"]}}],"collection":[{"href":"https:\/\/www.mg-modelleisenbahnbau.de\/startseite-2\/wp-json\/wp\/v2\/product"}],"about":[{"href":"https:\/\/www.mg-modelleisenbahnbau.de\/startseite-2\/wp-json\/wp\/v2\/types\/product"}],"replies":[{"embeddable":true,"href":"https:\/\/www.mg-modelleisenbahnbau.de\/startseite-2\/wp-json\/wp\/v2\/comments?post=5788"}],"wp:featuredmedia":[{"embeddable":true,"href":"https:\/\/www.mg-modelleisenbahnbau.de\/startseite-2\/wp-json\/wp\/v2\/media\/5789"}],"wp:attachment":[{"href":"https:\/\/www.mg-modelleisenbahnbau.de\/startseite-2\/wp-json\/wp\/v2\/media?parent=5788"}],"wp:term":[{"taxonomy":"product_brand","embeddable":true,"href":"https:\/\/www.mg-modelleisenbahnbau.de\/startseite-2\/wp-json\/wp\/v2\/product_brand?post=5788"},{"taxonomy":"product_cat","embeddable":true,"href":"https:\/\/www.mg-modelleisenbahnbau.de\/startseite-2\/wp-json\/wp\/v2\/product_cat?post=5788"},{"taxonomy":"product_tag","embeddable":true,"href":"https:\/\/www.mg-modelleisenbahnbau.de\/startseite-2\/wp-json\/wp\/v2\/product_tag?post=5788"}],"curies":[{"name":"wp","href":"https:\/\/api.w.org\/{rel}","templated":true}]}}