{"id":5780,"date":"2020-03-31T18:17:16","date_gmt":"2020-03-31T16:17:16","guid":{"rendered":"http:\/\/www.mg-modelleisenbahnbau.de\/?post_type=product&#038;p=5780"},"modified":"2025-06-30T12:47:06","modified_gmt":"2025-06-30T10:47:06","slug":"37811-n-brueckenstellwerk-krefeld","status":"publish","type":"product","link":"https:\/\/www.mg-modelleisenbahnbau.de\/startseite-2\/produkt\/37811-n-brueckenstellwerk-krefeld\/","title":{"rendered":"37811 N Br\u00fcckenstellwerk Krefeld"},"content":{"rendered":"<div class=\"content--description\">\n<div class=\"content--title\">Produktinformationen &#8222;N Br\u00fcckenstellwerk Krefeld&#8220;<\/div>\n<div class=\"product--description\">Bausatz. Durchfahrtsh\u00f6he: 4,7 cm. Durchfahrtsbreite: 12,8 cm. Ma\u00dfe: L 17 x B 6 x H 12 cm. Schwierigkeitsgrad: 2 (Fortgeschrittene).<\/div>\n<h3><span style=\"color: #ff6600;\"><strong><span class=\"delivery--text delivery--text-not-available\">Lieferzeit auf Anfrage<\/span><\/strong><\/span><\/h3>\n<\/div>\n","protected":false},"excerpt":{"rendered":"<p>Produktinformationen &#8222;N Br\u00fcckenstellwerk Krefeld&#8220; Bausatz. Durchfahrtsh\u00f6he: 4,7 cm. Durchfahrtsbreite: 12,8 cm. Ma\u00dfe: L 17 x B 6 x H 12 cm. Schwierigkeitsgrad: 2 (Fortgeschrittene). Lieferzeit auf Anfrage<\/p>\n","protected":false},"featured_media":5781,"comment_status":"open","ping_status":"closed","template":"","meta":[],"product_brand":[],"product_cat":[44,228,231,38],"product_tag":[292,291],"class_list":{"0":"post-5780","1":"product","2":"type-product","3":"status-publish","4":"has-post-thumbnail","6":"product_cat-kibri","7":"product_cat-kibri-spur-n","8":"product_cat-stellwerke-gueterumschlag-n","9":"product_cat-unkategorisiert","10":"product_tag-kein-spielzeug-nicht-geeignet-fuer-kinder-unter-14-jahren","11":"product_tag-warn-und-sicherheitshinweise-modellbauartikel","13":"first","14":"instock","15":"taxable","16":"shipping-taxable","17":"purchasable","18":"product-type-simple"},"jetpack_sharing_enabled":true,"_links":{"self":[{"href":"https:\/\/www.mg-modelleisenbahnbau.de\/startseite-2\/wp-json\/wp\/v2\/product\/5780","targetHints":{"allow":["GET"]}}],"collection":[{"href":"https:\/\/www.mg-modelleisenbahnbau.de\/startseite-2\/wp-json\/wp\/v2\/product"}],"about":[{"href":"https:\/\/www.mg-modelleisenbahnbau.de\/startseite-2\/wp-json\/wp\/v2\/types\/product"}],"replies":[{"embeddable":true,"href":"https:\/\/www.mg-modelleisenbahnbau.de\/startseite-2\/wp-json\/wp\/v2\/comments?post=5780"}],"wp:featuredmedia":[{"embeddable":true,"href":"https:\/\/www.mg-modelleisenbahnbau.de\/startseite-2\/wp-json\/wp\/v2\/media\/5781"}],"wp:attachment":[{"href":"https:\/\/www.mg-modelleisenbahnbau.de\/startseite-2\/wp-json\/wp\/v2\/media?parent=5780"}],"wp:term":[{"taxonomy":"product_brand","embeddable":true,"href":"https:\/\/www.mg-modelleisenbahnbau.de\/startseite-2\/wp-json\/wp\/v2\/product_brand?post=5780"},{"taxonomy":"product_cat","embeddable":true,"href":"https:\/\/www.mg-modelleisenbahnbau.de\/startseite-2\/wp-json\/wp\/v2\/product_cat?post=5780"},{"taxonomy":"product_tag","embeddable":true,"href":"https:\/\/www.mg-modelleisenbahnbau.de\/startseite-2\/wp-json\/wp\/v2\/product_tag?post=5780"}],"curies":[{"name":"wp","href":"https:\/\/api.w.org\/{rel}","templated":true}]}}