{"id":5753,"date":"2020-03-31T14:51:18","date_gmt":"2020-03-31T12:51:18","guid":{"rendered":"http:\/\/www.mg-modelleisenbahnbau.de\/?post_type=product&#038;p=5753"},"modified":"2025-06-30T12:33:57","modified_gmt":"2025-06-30T10:33:57","slug":"37760-n-bahnsteighalle-gruen","status":"publish","type":"product","link":"https:\/\/www.mg-modelleisenbahnbau.de\/startseite-2\/produkt\/37760-n-bahnsteighalle-gruen\/","title":{"rendered":"37760 N Bahnsteighalle gr\u00fcn"},"content":{"rendered":"<div class=\"content--description\">\n<div class=\"content--title\">Produktinformationen &#8222;N Bahnsteighalle gr\u00fcn&#8220;<\/div>\n<div class=\"product--description\">Bausatz. Gleise und Bahnsteige werden hier von einer interessanten Hallenkonstruktion aus Eisen und Glas raumwirksam \u00fcberspannt. Mehrere Hallen k\u00f6nnen in beliebiger L\u00e4nge und Breite hinter- bzw. nebeneinander aufgebaut werden, wobei sie je nach Wunsch oder vorhandener Anlage als Durchgangs- oder Kopfbahnhof eingesetzt werden k\u00f6nnen. Der Aufbau der gew\u00f6lbten Dachkonstruktion bereitet im Modell keine Schwierigkeiten, lediglich die Montagereihenfolge der einzelnen Dachteile spielt eine Rolle. Geeignet f\u00fcr den Aufbau mit der Viessmann-Oberleitung. Durchfahrtsh\u00f6he: 6,5 cm. Durchfahrtsbreite: 5,5 cm. Ma\u00dfe: L 24 x B 13,2 x H 8 cm. Schwierigkeitsgrad: 2 (Fortgeschrittene).<\/div>\n<div><a class=\"product--image\" title=\"N Deko-Set Gep\u00e4ckwagen\" href=\"https:\/\/viessmann-modell.com\/sortiment\/spur-n\/dekoration-und-gestaltung\/1972\/n-deko-set-gepaeckwagen\"> <span class=\"image--element\"> <span class=\"image--media\"> <img title=\"N Deko-Set Gep\u00e4ckwagen \" srcset=\"https:\/\/viessmann-modell.com\/media\/image\/45\/95\/cc\/37530cnOB8UYqaMq5O_200x200.jpg, https:\/\/viessmann-modell.com\/media\/image\/44\/ea\/e3\/37530cnOB8UYqaMq5O_200x200@2x.jpg 2x\" alt=\"N Deko-Set Gep\u00e4ckwagen \" data-extension=\"jpg\" \/><\/span><\/span><\/a><a class=\"product--title\" title=\"N Deko-Set Gep\u00e4ckwagen\" href=\"https:\/\/viessmann-modell.com\/sortiment\/spur-n\/dekoration-und-gestaltung\/1972\/n-deko-set-gepaeckwagen\"> 37530 N Deko-Set Gep\u00e4ckwagen <\/a><\/div>\n<\/div>\n","protected":false},"excerpt":{"rendered":"<p>Produktinformationen &#8222;N Bahnsteighalle gr\u00fcn&#8220; Bausatz. Gleise und Bahnsteige werden hier von einer interessanten Hallenkonstruktion aus Eisen und Glas raumwirksam \u00fcberspannt. Mehrere Hallen k\u00f6nnen in beliebiger L\u00e4nge und Breite hinter- bzw. nebeneinander aufgebaut werden, wobei sie je nach Wunsch oder vorhandener Anlage als Durchgangs- oder Kopfbahnhof eingesetzt werden k\u00f6nnen. Der Aufbau der gew\u00f6lbten Dachkonstruktion bereitet im&#8230;<\/p>\n","protected":false},"featured_media":5757,"comment_status":"open","ping_status":"closed","template":"","meta":[],"product_brand":[],"product_cat":[230,44,228,38],"product_tag":[292,291],"class_list":{"0":"post-5753","1":"product","2":"type-product","3":"status-publish","4":"has-post-thumbnail","6":"product_cat-bahnsteige-n-kibri-spur-n","7":"product_cat-kibri","8":"product_cat-kibri-spur-n","9":"product_cat-unkategorisiert","10":"product_tag-kein-spielzeug-nicht-geeignet-fuer-kinder-unter-14-jahren","11":"product_tag-warn-und-sicherheitshinweise-modellbauartikel","13":"first","14":"instock","15":"taxable","16":"shipping-taxable","17":"purchasable","18":"product-type-simple"},"jetpack_sharing_enabled":true,"_links":{"self":[{"href":"https:\/\/www.mg-modelleisenbahnbau.de\/startseite-2\/wp-json\/wp\/v2\/product\/5753","targetHints":{"allow":["GET"]}}],"collection":[{"href":"https:\/\/www.mg-modelleisenbahnbau.de\/startseite-2\/wp-json\/wp\/v2\/product"}],"about":[{"href":"https:\/\/www.mg-modelleisenbahnbau.de\/startseite-2\/wp-json\/wp\/v2\/types\/product"}],"replies":[{"embeddable":true,"href":"https:\/\/www.mg-modelleisenbahnbau.de\/startseite-2\/wp-json\/wp\/v2\/comments?post=5753"}],"wp:featuredmedia":[{"embeddable":true,"href":"https:\/\/www.mg-modelleisenbahnbau.de\/startseite-2\/wp-json\/wp\/v2\/media\/5757"}],"wp:attachment":[{"href":"https:\/\/www.mg-modelleisenbahnbau.de\/startseite-2\/wp-json\/wp\/v2\/media?parent=5753"}],"wp:term":[{"taxonomy":"product_brand","embeddable":true,"href":"https:\/\/www.mg-modelleisenbahnbau.de\/startseite-2\/wp-json\/wp\/v2\/product_brand?post=5753"},{"taxonomy":"product_cat","embeddable":true,"href":"https:\/\/www.mg-modelleisenbahnbau.de\/startseite-2\/wp-json\/wp\/v2\/product_cat?post=5753"},{"taxonomy":"product_tag","embeddable":true,"href":"https:\/\/www.mg-modelleisenbahnbau.de\/startseite-2\/wp-json\/wp\/v2\/product_tag?post=5753"}],"curies":[{"name":"wp","href":"https:\/\/api.w.org\/{rel}","templated":true}]}}