{"id":5750,"date":"2020-03-31T14:54:18","date_gmt":"2020-03-31T12:54:18","guid":{"rendered":"http:\/\/www.mg-modelleisenbahnbau.de\/?post_type=product&#038;p=5750"},"modified":"2025-06-30T12:47:05","modified_gmt":"2025-06-30T10:47:05","slug":"37810-n-uebergangssteg-viergleisig","status":"publish","type":"product","link":"https:\/\/www.mg-modelleisenbahnbau.de\/startseite-2\/produkt\/37810-n-uebergangssteg-viergleisig\/","title":{"rendered":"37810 N \u00dcbergangssteg viergleisig"},"content":{"rendered":"<div class=\"content--description\">\n<div class=\"content--title\">Produktinformationen &#8222;N \u00dcbergangssteg viergleisig&#8220;<\/div>\n<div class=\"product--description\">Bausatz. Solche \u00dcbergangsstege verbinden elegant die Bahnsteigpodeste und f\u00fchren die Fahrg\u00e4ste sicher \u00fcber die gef\u00e4hrlichen Gleise der Bahnhofsanlagen. Die Treppenaufg\u00e4nge sind in verschiedenen Varianten aufbaubar. Durchfahrtsh\u00f6he: 4,5 cm. Durchfahrtsbreite: 6,7 cm. Ma\u00dfe: L 18 x B 8,5 x H 6 cm. Schwierigkeitsgrad: 2 (Fortgeschrittene).<\/div>\n<\/div>\n","protected":false},"excerpt":{"rendered":"<p>Produktinformationen &#8222;N \u00dcbergangssteg viergleisig&#8220; Bausatz. Solche \u00dcbergangsstege verbinden elegant die Bahnsteigpodeste und f\u00fchren die Fahrg\u00e4ste sicher \u00fcber die gef\u00e4hrlichen Gleise der Bahnhofsanlagen. Die Treppenaufg\u00e4nge sind in verschiedenen Varianten aufbaubar. Durchfahrtsh\u00f6he: 4,5 cm. Durchfahrtsbreite: 6,7 cm. Ma\u00dfe: L 18 x B 8,5 x H 6 cm. Schwierigkeitsgrad: 2 (Fortgeschrittene).<\/p>\n","protected":false},"featured_media":5759,"comment_status":"open","ping_status":"closed","template":"","meta":[],"product_brand":[],"product_cat":[230,44,228,38],"product_tag":[292,291],"class_list":{"0":"post-5750","1":"product","2":"type-product","3":"status-publish","4":"has-post-thumbnail","6":"product_cat-bahnsteige-n-kibri-spur-n","7":"product_cat-kibri","8":"product_cat-kibri-spur-n","9":"product_cat-unkategorisiert","10":"product_tag-kein-spielzeug-nicht-geeignet-fuer-kinder-unter-14-jahren","11":"product_tag-warn-und-sicherheitshinweise-modellbauartikel","13":"first","14":"instock","15":"taxable","16":"shipping-taxable","17":"purchasable","18":"product-type-simple"},"jetpack_sharing_enabled":true,"_links":{"self":[{"href":"https:\/\/www.mg-modelleisenbahnbau.de\/startseite-2\/wp-json\/wp\/v2\/product\/5750","targetHints":{"allow":["GET"]}}],"collection":[{"href":"https:\/\/www.mg-modelleisenbahnbau.de\/startseite-2\/wp-json\/wp\/v2\/product"}],"about":[{"href":"https:\/\/www.mg-modelleisenbahnbau.de\/startseite-2\/wp-json\/wp\/v2\/types\/product"}],"replies":[{"embeddable":true,"href":"https:\/\/www.mg-modelleisenbahnbau.de\/startseite-2\/wp-json\/wp\/v2\/comments?post=5750"}],"wp:featuredmedia":[{"embeddable":true,"href":"https:\/\/www.mg-modelleisenbahnbau.de\/startseite-2\/wp-json\/wp\/v2\/media\/5759"}],"wp:attachment":[{"href":"https:\/\/www.mg-modelleisenbahnbau.de\/startseite-2\/wp-json\/wp\/v2\/media?parent=5750"}],"wp:term":[{"taxonomy":"product_brand","embeddable":true,"href":"https:\/\/www.mg-modelleisenbahnbau.de\/startseite-2\/wp-json\/wp\/v2\/product_brand?post=5750"},{"taxonomy":"product_cat","embeddable":true,"href":"https:\/\/www.mg-modelleisenbahnbau.de\/startseite-2\/wp-json\/wp\/v2\/product_cat?post=5750"},{"taxonomy":"product_tag","embeddable":true,"href":"https:\/\/www.mg-modelleisenbahnbau.de\/startseite-2\/wp-json\/wp\/v2\/product_tag?post=5750"}],"curies":[{"name":"wp","href":"https:\/\/api.w.org\/{rel}","templated":true}]}}