{"id":5746,"date":"2020-03-31T15:01:39","date_gmt":"2020-03-31T13:01:39","guid":{"rendered":"http:\/\/www.mg-modelleisenbahnbau.de\/?post_type=product&#038;p=5746"},"modified":"2025-06-30T11:52:05","modified_gmt":"2025-06-30T09:52:05","slug":"37503-n-bahnsteig-freiberg","status":"publish","type":"product","link":"https:\/\/www.mg-modelleisenbahnbau.de\/startseite-2\/produkt\/37503-n-bahnsteig-freiberg\/","title":{"rendered":"37503 N Bahnsteig Freiberg"},"content":{"rendered":"<div class=\"content--description\">\n<div class=\"content--title\">Produktinformationen &#8222;N Bahnsteig Freiberg&#8220;<\/div>\n<div class=\"product--description\">Bausatz. Die Bahnsteige mit teilweiser \u00dcberdachung entsprechen dem heutigen Erscheinungsbild der DB. Sie sind typisch f\u00fcr viele Bahnh\u00f6fe. Dabei heben sich z. B. Wagenstandsanzeiger oder Fahrplantr\u00e4ger mit ihrem farbigen Anstrich wirkungsvoll von der Umgebung (Telefonzelle, Kiosk, Treppenabgang zur Unterf\u00fchrung) ab. Bahnsteigh\u00f6he: 0,8 cm. Ma\u00dfe: L 66 x B 2,5 x H 5,8 cm. Schwierigkeitsgrad: 2 (Fortgeschrittene).<\/div>\n<\/div>\n","protected":false},"excerpt":{"rendered":"<p>Produktinformationen &#8222;N Bahnsteig Freiberg&#8220; Bausatz. Die Bahnsteige mit teilweiser \u00dcberdachung entsprechen dem heutigen Erscheinungsbild der DB. Sie sind typisch f\u00fcr viele Bahnh\u00f6fe. Dabei heben sich z. B. Wagenstandsanzeiger oder Fahrplantr\u00e4ger mit ihrem farbigen Anstrich wirkungsvoll von der Umgebung (Telefonzelle, Kiosk, Treppenabgang zur Unterf\u00fchrung) ab. Bahnsteigh\u00f6he: 0,8 cm. Ma\u00dfe: L 66 x B 2,5 x H&#8230;<\/p>\n","protected":false},"featured_media":5763,"comment_status":"open","ping_status":"closed","template":"","meta":[],"product_brand":[],"product_cat":[230,44,228,38],"product_tag":[292,291],"class_list":{"0":"post-5746","1":"product","2":"type-product","3":"status-publish","4":"has-post-thumbnail","6":"product_cat-bahnsteige-n-kibri-spur-n","7":"product_cat-kibri","8":"product_cat-kibri-spur-n","9":"product_cat-unkategorisiert","10":"product_tag-kein-spielzeug-nicht-geeignet-fuer-kinder-unter-14-jahren","11":"product_tag-warn-und-sicherheitshinweise-modellbauartikel","13":"first","14":"instock","15":"taxable","16":"shipping-taxable","17":"purchasable","18":"product-type-simple"},"jetpack_sharing_enabled":true,"_links":{"self":[{"href":"https:\/\/www.mg-modelleisenbahnbau.de\/startseite-2\/wp-json\/wp\/v2\/product\/5746","targetHints":{"allow":["GET"]}}],"collection":[{"href":"https:\/\/www.mg-modelleisenbahnbau.de\/startseite-2\/wp-json\/wp\/v2\/product"}],"about":[{"href":"https:\/\/www.mg-modelleisenbahnbau.de\/startseite-2\/wp-json\/wp\/v2\/types\/product"}],"replies":[{"embeddable":true,"href":"https:\/\/www.mg-modelleisenbahnbau.de\/startseite-2\/wp-json\/wp\/v2\/comments?post=5746"}],"wp:featuredmedia":[{"embeddable":true,"href":"https:\/\/www.mg-modelleisenbahnbau.de\/startseite-2\/wp-json\/wp\/v2\/media\/5763"}],"wp:attachment":[{"href":"https:\/\/www.mg-modelleisenbahnbau.de\/startseite-2\/wp-json\/wp\/v2\/media?parent=5746"}],"wp:term":[{"taxonomy":"product_brand","embeddable":true,"href":"https:\/\/www.mg-modelleisenbahnbau.de\/startseite-2\/wp-json\/wp\/v2\/product_brand?post=5746"},{"taxonomy":"product_cat","embeddable":true,"href":"https:\/\/www.mg-modelleisenbahnbau.de\/startseite-2\/wp-json\/wp\/v2\/product_cat?post=5746"},{"taxonomy":"product_tag","embeddable":true,"href":"https:\/\/www.mg-modelleisenbahnbau.de\/startseite-2\/wp-json\/wp\/v2\/product_tag?post=5746"}],"curies":[{"name":"wp","href":"https:\/\/api.w.org\/{rel}","templated":true}]}}