{"id":5734,"date":"2020-03-31T15:12:16","date_gmt":"2020-03-31T13:12:16","guid":{"rendered":"http:\/\/www.mg-modelleisenbahnbau.de\/?post_type=product&#038;p=5734"},"modified":"2025-06-30T11:15:17","modified_gmt":"2025-06-30T09:15:17","slug":"37112-n-eisenbahner-wohnhaus-mit-nebengebaeude-inkl-hausbeleuchtungs-startset-funktionsbausatz","status":"publish","type":"product","link":"https:\/\/www.mg-modelleisenbahnbau.de\/startseite-2\/produkt\/37112-n-eisenbahner-wohnhaus-mit-nebengebaeude-inkl-hausbeleuchtungs-startset-funktionsbausatz\/","title":{"rendered":"37112 N Eisenbahner-Wohnhaus mit Nebengeb\u00e4ude inkl. Hausbeleuchtungs-Startset, Funktionsbausatz"},"content":{"rendered":"<div class=\"content--description\">\n<div class=\"content--title\">Produktinformationen &#8222;N Eisenbahner-Wohnhaus mit Nebengeb\u00e4ude inkl. Hausbeleuchtungs-Startset, Funktionsbausatz&#8220;<\/div>\n<div class=\"product--description\">Funktionsbausatz. Die passende LED-Beleuchtung f\u00fcr ein Fenster liegt dem Bausatz bei. Ma\u00dfe: Hauptgeb\u00e4ude L 9,5 x B 5,3 x H 8 cm, Nebengeb\u00e4ude L 6,5 x B 3 x H 4 cm. Schwierigkeitsgrad: 2 (Fortgeschrittene).<\/div>\n<div><a class=\"product--image\" title=\"Steck-Verteilerleiste f\u00fcr Beleuchtung, 12-polig\" href=\"https:\/\/viessmann-modell.com\/sortiment\/elektronik\/elektronik-effekt\/1735\/steck-verteilerleiste-fuer-beleuchtung-12-polig\"> <span class=\"image--element\"> <span class=\"image--media\"> <img title=\"Steck-Verteilerleiste f\u00fcr Beleuchtung, 12-polig,\" srcset=\"https:\/\/viessmann-modell.com\/media\/image\/0e\/be\/6e\/6049ZnXGFeoxbK6yt_200x200.jpg, https:\/\/viessmann-modell.com\/media\/image\/d2\/d7\/e5\/6049ZnXGFeoxbK6yt_200x200@2x.jpg 2x\" alt=\"Steck-Verteilerleiste f\u00fcr Beleuchtung, 12-polig,\" data-extension=\"jpg\" \/> <\/span> <\/span> <\/a><\/div>\n<\/div>\n","protected":false},"excerpt":{"rendered":"<p>Produktinformationen &#8222;N Eisenbahner-Wohnhaus mit Nebengeb\u00e4ude inkl. Hausbeleuchtungs-Startset, Funktionsbausatz&#8220; Funktionsbausatz. Die passende LED-Beleuchtung f\u00fcr ein Fenster liegt dem Bausatz bei. Ma\u00dfe: Hauptgeb\u00e4ude L 9,5 x B 5,3 x H 8 cm, Nebengeb\u00e4ude L 6,5 x B 3 x H 4 cm. Schwierigkeitsgrad: 2 (Fortgeschrittene).<\/p>\n","protected":false},"featured_media":5770,"comment_status":"open","ping_status":"closed","template":"","meta":[],"product_brand":[],"product_cat":[229,44,228,38],"product_tag":[292,291],"class_list":{"0":"post-5734","1":"product","2":"type-product","3":"status-publish","4":"has-post-thumbnail","6":"product_cat-bahnhoefe","7":"product_cat-kibri","8":"product_cat-kibri-spur-n","9":"product_cat-unkategorisiert","10":"product_tag-kein-spielzeug-nicht-geeignet-fuer-kinder-unter-14-jahren","11":"product_tag-warn-und-sicherheitshinweise-modellbauartikel","13":"first","14":"instock","15":"taxable","16":"shipping-taxable","17":"purchasable","18":"product-type-simple"},"jetpack_sharing_enabled":true,"_links":{"self":[{"href":"https:\/\/www.mg-modelleisenbahnbau.de\/startseite-2\/wp-json\/wp\/v2\/product\/5734","targetHints":{"allow":["GET"]}}],"collection":[{"href":"https:\/\/www.mg-modelleisenbahnbau.de\/startseite-2\/wp-json\/wp\/v2\/product"}],"about":[{"href":"https:\/\/www.mg-modelleisenbahnbau.de\/startseite-2\/wp-json\/wp\/v2\/types\/product"}],"replies":[{"embeddable":true,"href":"https:\/\/www.mg-modelleisenbahnbau.de\/startseite-2\/wp-json\/wp\/v2\/comments?post=5734"}],"wp:featuredmedia":[{"embeddable":true,"href":"https:\/\/www.mg-modelleisenbahnbau.de\/startseite-2\/wp-json\/wp\/v2\/media\/5770"}],"wp:attachment":[{"href":"https:\/\/www.mg-modelleisenbahnbau.de\/startseite-2\/wp-json\/wp\/v2\/media?parent=5734"}],"wp:term":[{"taxonomy":"product_brand","embeddable":true,"href":"https:\/\/www.mg-modelleisenbahnbau.de\/startseite-2\/wp-json\/wp\/v2\/product_brand?post=5734"},{"taxonomy":"product_cat","embeddable":true,"href":"https:\/\/www.mg-modelleisenbahnbau.de\/startseite-2\/wp-json\/wp\/v2\/product_cat?post=5734"},{"taxonomy":"product_tag","embeddable":true,"href":"https:\/\/www.mg-modelleisenbahnbau.de\/startseite-2\/wp-json\/wp\/v2\/product_tag?post=5734"}],"curies":[{"name":"wp","href":"https:\/\/api.w.org\/{rel}","templated":true}]}}