{"id":572,"date":"2018-10-14T13:42:22","date_gmt":"2018-10-14T11:42:22","guid":{"rendered":"http:\/\/www.mg-modelleisenbahnbau.de\/?post_type=product&#038;p=572"},"modified":"2025-06-30T00:58:28","modified_gmt":"2025-06-29T22:58:28","slug":"2625-h0-niederbordwagen-mit-betonmischer-gleisbau-funktionsmodell-fuer-dreileitersysteme","status":"publish","type":"product","link":"https:\/\/www.mg-modelleisenbahnbau.de\/startseite-2\/produkt\/2625-h0-niederbordwagen-mit-betonmischer-gleisbau-funktionsmodell-fuer-dreileitersysteme\/","title":{"rendered":"2625 H0 Niederbordwagen mit Betonmischer GleisBau, Funktionsmodell f\u00fcr Dreileitersysteme"},"content":{"rendered":"<p>Produktinformationen &#8222;H0 Niederbordwagen mit Betonmischer GleisBau, Funktionsmodell f\u00fcr Dreileitersysteme&#8220;<br \/>\nArbeitsfahrzeug f\u00fcr den Gleisbau, z. B. zum Gie\u00dfen von Signal- und Oberleitungsfundamenten. Das Modell hat eine rotierende Mischtrommel und einen integrierten Funktionsdecoder f\u00fcr DCC\/MM und Analogbetrieb. Die Funktion der Trommel ist im Digitalbetrieb schaltbar, im Analogbetrieb dreht sich die Trommel w\u00e4hrend der Fahrt in eine Richtung. Mit Normschacht f\u00fcr Kupplungen und montierten Systemkupplungen. Mit patentiertem Unterflurantrieb. Metallr\u00e4der. Ma\u00dfe: L\u00fcP 15,8 x B 3,6 x H 5 cm.<\/p>\n","protected":false},"excerpt":{"rendered":"<p>Produktinformationen &#8222;H0 Niederbordwagen mit Betonmischer GleisBau, Funktionsmodell f\u00fcr Dreileitersysteme&#8220; Arbeitsfahrzeug f\u00fcr den Gleisbau, z. B. zum Gie\u00dfen von Signal- und Oberleitungsfundamenten. Das Modell hat eine rotierende Mischtrommel und einen integrierten Funktionsdecoder f\u00fcr DCC\/MM und Analogbetrieb. Die Funktion der Trommel ist im Digitalbetrieb schaltbar, im Analogbetrieb dreht sich die Trommel w\u00e4hrend der Fahrt in eine Richtung&#8230;.<\/p>\n","protected":false},"featured_media":573,"comment_status":"open","ping_status":"closed","template":"","meta":[],"product_brand":[],"product_cat":[128,38,37,124],"product_tag":[292,291],"class_list":{"0":"post-572","1":"product","2":"type-product","3":"status-publish","4":"has-post-thumbnail","6":"product_cat-railmotion-h0","7":"product_cat-unkategorisiert","8":"product_cat-viessmann","9":"product_cat-viessmann-spur-h0","10":"product_tag-kein-spielzeug-nicht-geeignet-fuer-kinder-unter-14-jahren","11":"product_tag-warn-und-sicherheitshinweise-modellbauartikel","13":"first","14":"instock","15":"taxable","16":"shipping-taxable","17":"purchasable","18":"product-type-simple"},"jetpack_sharing_enabled":true,"_links":{"self":[{"href":"https:\/\/www.mg-modelleisenbahnbau.de\/startseite-2\/wp-json\/wp\/v2\/product\/572","targetHints":{"allow":["GET"]}}],"collection":[{"href":"https:\/\/www.mg-modelleisenbahnbau.de\/startseite-2\/wp-json\/wp\/v2\/product"}],"about":[{"href":"https:\/\/www.mg-modelleisenbahnbau.de\/startseite-2\/wp-json\/wp\/v2\/types\/product"}],"replies":[{"embeddable":true,"href":"https:\/\/www.mg-modelleisenbahnbau.de\/startseite-2\/wp-json\/wp\/v2\/comments?post=572"}],"wp:featuredmedia":[{"embeddable":true,"href":"https:\/\/www.mg-modelleisenbahnbau.de\/startseite-2\/wp-json\/wp\/v2\/media\/573"}],"wp:attachment":[{"href":"https:\/\/www.mg-modelleisenbahnbau.de\/startseite-2\/wp-json\/wp\/v2\/media?parent=572"}],"wp:term":[{"taxonomy":"product_brand","embeddable":true,"href":"https:\/\/www.mg-modelleisenbahnbau.de\/startseite-2\/wp-json\/wp\/v2\/product_brand?post=572"},{"taxonomy":"product_cat","embeddable":true,"href":"https:\/\/www.mg-modelleisenbahnbau.de\/startseite-2\/wp-json\/wp\/v2\/product_cat?post=572"},{"taxonomy":"product_tag","embeddable":true,"href":"https:\/\/www.mg-modelleisenbahnbau.de\/startseite-2\/wp-json\/wp\/v2\/product_tag?post=572"}],"curies":[{"name":"wp","href":"https:\/\/api.w.org\/{rel}","templated":true}]}}