{"id":5717,"date":"2020-03-30T15:25:13","date_gmt":"2020-03-30T13:25:13","guid":{"rendered":"http:\/\/www.mg-modelleisenbahnbau.de\/?post_type=product&#038;p=5717"},"modified":"2025-06-30T14:26:51","modified_gmt":"2025-06-30T12:26:51","slug":"38531-h0-ueberladekran-wasel","status":"publish","type":"product","link":"https:\/\/www.mg-modelleisenbahnbau.de\/startseite-2\/produkt\/38531-h0-ueberladekran-wasel\/","title":{"rendered":"38531 H0 \u00dcberladekran WASEL"},"content":{"rendered":"<div class=\"content--description\">\n<div class=\"content--title\">Produktinformationen &#8222;H0 \u00dcberladekran WASEL&#8220;<\/div>\n<div class=\"product--description\">Bausatz. Das Vorbild dieses \u00dcberladekrans steht auf dem Betriebsgel\u00e4nde der Firma WASEL Schwerlastlogistik in Bergheim. Deren Spezialkr\u00e4ne werden f\u00fcr den Transport zerlegt. Mit dem \u00dcberladekran werden die Teile der mobilen Gro\u00dfkr\u00e4ne, z. B. Gittermasten, auf die Transportfahrzeuge geladen. Durchfahrtsh\u00f6he: 11\/14,5 cm, Durchfahrtsbreite: 20 cm. Ma\u00dfe: L 44 x B 17 x H 18 cm. Schwierigkeitsgrad: 2 (Fortgeschrittene).<\/div>\n<\/div>\n","protected":false},"excerpt":{"rendered":"<p>Produktinformationen &#8222;H0 \u00dcberladekran WASEL&#8220; Bausatz. Das Vorbild dieses \u00dcberladekrans steht auf dem Betriebsgel\u00e4nde der Firma WASEL Schwerlastlogistik in Bergheim. Deren Spezialkr\u00e4ne werden f\u00fcr den Transport zerlegt. Mit dem \u00dcberladekran werden die Teile der mobilen Gro\u00dfkr\u00e4ne, z. B. Gittermasten, auf die Transportfahrzeuge geladen. Durchfahrtsh\u00f6he: 11\/14,5 cm, Durchfahrtsbreite: 20 cm. Ma\u00dfe: L 44 x B 17 x&#8230;<\/p>\n","protected":false},"featured_media":5718,"comment_status":"open","ping_status":"closed","template":"","meta":[],"product_brand":[],"product_cat":[208,44,201,38],"product_tag":[292,291],"class_list":{"0":"post-5717","1":"product","2":"type-product","3":"status-publish","4":"has-post-thumbnail","6":"product_cat-industrie-gewerbe-hallen","7":"product_cat-kibri","8":"product_cat-kibri-spur-ho","9":"product_cat-unkategorisiert","10":"product_tag-kein-spielzeug-nicht-geeignet-fuer-kinder-unter-14-jahren","11":"product_tag-warn-und-sicherheitshinweise-modellbauartikel","13":"first","14":"instock","15":"taxable","16":"shipping-taxable","17":"purchasable","18":"product-type-simple"},"jetpack_sharing_enabled":true,"_links":{"self":[{"href":"https:\/\/www.mg-modelleisenbahnbau.de\/startseite-2\/wp-json\/wp\/v2\/product\/5717","targetHints":{"allow":["GET"]}}],"collection":[{"href":"https:\/\/www.mg-modelleisenbahnbau.de\/startseite-2\/wp-json\/wp\/v2\/product"}],"about":[{"href":"https:\/\/www.mg-modelleisenbahnbau.de\/startseite-2\/wp-json\/wp\/v2\/types\/product"}],"replies":[{"embeddable":true,"href":"https:\/\/www.mg-modelleisenbahnbau.de\/startseite-2\/wp-json\/wp\/v2\/comments?post=5717"}],"wp:featuredmedia":[{"embeddable":true,"href":"https:\/\/www.mg-modelleisenbahnbau.de\/startseite-2\/wp-json\/wp\/v2\/media\/5718"}],"wp:attachment":[{"href":"https:\/\/www.mg-modelleisenbahnbau.de\/startseite-2\/wp-json\/wp\/v2\/media?parent=5717"}],"wp:term":[{"taxonomy":"product_brand","embeddable":true,"href":"https:\/\/www.mg-modelleisenbahnbau.de\/startseite-2\/wp-json\/wp\/v2\/product_brand?post=5717"},{"taxonomy":"product_cat","embeddable":true,"href":"https:\/\/www.mg-modelleisenbahnbau.de\/startseite-2\/wp-json\/wp\/v2\/product_cat?post=5717"},{"taxonomy":"product_tag","embeddable":true,"href":"https:\/\/www.mg-modelleisenbahnbau.de\/startseite-2\/wp-json\/wp\/v2\/product_tag?post=5717"}],"curies":[{"name":"wp","href":"https:\/\/api.w.org\/{rel}","templated":true}]}}