{"id":5709,"date":"2020-03-30T15:12:54","date_gmt":"2020-03-30T13:12:54","guid":{"rendered":"http:\/\/www.mg-modelleisenbahnbau.de\/?post_type=product&#038;p=5709"},"modified":"2025-06-30T17:34:03","modified_gmt":"2025-06-30T15:34:03","slug":"39830-h0-miro-hochtank","status":"publish","type":"product","link":"https:\/\/www.mg-modelleisenbahnbau.de\/startseite-2\/produkt\/39830-h0-miro-hochtank\/","title":{"rendered":"39830 H0 MIRO Hochtank"},"content":{"rendered":"<div class=\"content--description\">\n<div class=\"content--title\">Produktinformationen &#8222;H0 MIRO Hochtank&#8220;<\/div>\n<div class=\"product--description\">Bausatz. Die MIRO Mineral\u00f6lanlage von kibri ist so konzipiert, dass sie sich aus einzelnen Bausteinen individuell zusammenstellen l\u00e4sst. So lassen sich die Anlagenteile problemlos in jede beliebige Modellbahnanlage einpassen. Der angelieferte Treibstoff (z. B. leichtfl\u00fcchtiges Benzin oder Roh\u00f6l) wird zur Zwischenlagerung in diesem Hochtank und den Tanks der Tankanlage Art. 39832 gelagert, bevor er an der Abf\u00fcllstation Art. 39834 in den SCANIA Tankwagen gef\u00fcllt und von dort zu den Verbrauchern transportiert wird. Wie beim Vorbild steht der Tank auf einer undurchl\u00e4ssigen Lehmschicht und ist zum Schutz des Erdreichs von betonierten W\u00e4llen umgeben. Ein filigran umlaufender Treppenaufgang f\u00fchrt zur oberen Plattform. Ma\u00dfe: L 18 x B 14 x H 14 cm. Schwierigkeitsgrad: 2 (Fortgeschrittene).<\/div>\n<\/div>\n","protected":false},"excerpt":{"rendered":"<p>Produktinformationen &#8222;H0 MIRO Hochtank&#8220; Bausatz. Die MIRO Mineral\u00f6lanlage von kibri ist so konzipiert, dass sie sich aus einzelnen Bausteinen individuell zusammenstellen l\u00e4sst. So lassen sich die Anlagenteile problemlos in jede beliebige Modellbahnanlage einpassen. Der angelieferte Treibstoff (z. B. leichtfl\u00fcchtiges Benzin oder Roh\u00f6l) wird zur Zwischenlagerung in diesem Hochtank und den Tanks der Tankanlage Art. 39832&#8230;<\/p>\n","protected":false},"featured_media":5710,"comment_status":"open","ping_status":"closed","template":"","meta":[],"product_brand":[],"product_cat":[208,44,201,38],"product_tag":[292,291],"class_list":{"0":"post-5709","1":"product","2":"type-product","3":"status-publish","4":"has-post-thumbnail","6":"product_cat-industrie-gewerbe-hallen","7":"product_cat-kibri","8":"product_cat-kibri-spur-ho","9":"product_cat-unkategorisiert","10":"product_tag-kein-spielzeug-nicht-geeignet-fuer-kinder-unter-14-jahren","11":"product_tag-warn-und-sicherheitshinweise-modellbauartikel","13":"first","14":"instock","15":"taxable","16":"shipping-taxable","17":"purchasable","18":"product-type-simple"},"jetpack_sharing_enabled":true,"_links":{"self":[{"href":"https:\/\/www.mg-modelleisenbahnbau.de\/startseite-2\/wp-json\/wp\/v2\/product\/5709","targetHints":{"allow":["GET"]}}],"collection":[{"href":"https:\/\/www.mg-modelleisenbahnbau.de\/startseite-2\/wp-json\/wp\/v2\/product"}],"about":[{"href":"https:\/\/www.mg-modelleisenbahnbau.de\/startseite-2\/wp-json\/wp\/v2\/types\/product"}],"replies":[{"embeddable":true,"href":"https:\/\/www.mg-modelleisenbahnbau.de\/startseite-2\/wp-json\/wp\/v2\/comments?post=5709"}],"wp:featuredmedia":[{"embeddable":true,"href":"https:\/\/www.mg-modelleisenbahnbau.de\/startseite-2\/wp-json\/wp\/v2\/media\/5710"}],"wp:attachment":[{"href":"https:\/\/www.mg-modelleisenbahnbau.de\/startseite-2\/wp-json\/wp\/v2\/media?parent=5709"}],"wp:term":[{"taxonomy":"product_brand","embeddable":true,"href":"https:\/\/www.mg-modelleisenbahnbau.de\/startseite-2\/wp-json\/wp\/v2\/product_brand?post=5709"},{"taxonomy":"product_cat","embeddable":true,"href":"https:\/\/www.mg-modelleisenbahnbau.de\/startseite-2\/wp-json\/wp\/v2\/product_cat?post=5709"},{"taxonomy":"product_tag","embeddable":true,"href":"https:\/\/www.mg-modelleisenbahnbau.de\/startseite-2\/wp-json\/wp\/v2\/product_tag?post=5709"}],"curies":[{"name":"wp","href":"https:\/\/api.w.org\/{rel}","templated":true}]}}