{"id":5675,"date":"2020-03-30T13:38:40","date_gmt":"2020-03-30T11:38:40","guid":{"rendered":"http:\/\/www.mg-modelleisenbahnbau.de\/?post_type=product&#038;p=5675"},"modified":"2025-06-30T10:53:03","modified_gmt":"2025-06-30T08:53:03","slug":"36784-z-werkswohnhaus-2-stueck-und-ein-nebengebaeude","status":"publish","type":"product","link":"https:\/\/www.mg-modelleisenbahnbau.de\/startseite-2\/produkt\/36784-z-werkswohnhaus-2-stueck-und-ein-nebengebaeude\/","title":{"rendered":"36784 Z Werkswohnhaus, 2 St\u00fcck und ein Nebengeb\u00e4ude"},"content":{"rendered":"<div class=\"content--description\">\n<div class=\"content--title\">Produktinformationen &#8222;Z Werkswohnhaus, 2 St\u00fcck und ein Nebengeb\u00e4ude&#8220;<\/div>\n<div class=\"product--description\">Bausatz. Werkswohnh\u00e4user stehen meist in der N\u00e4he einer Fabrikanlage. Ebenso eignen sie sich zur Nachbildung einer Landschaft aus dem norddeutschen Raum. Ma\u00dfe: L 6,5 x B 4,5 x H 5 cm, L 6 x B 4,5 x H 5 cm, L 4 x B 2,5 x H 2,3 cm. Schwierigkeitsgrad: 2 (Fortgeschrittene).<\/div>\n<\/div>\n","protected":false},"excerpt":{"rendered":"<p>Produktinformationen &#8222;Z Werkswohnhaus, 2 St\u00fcck und ein Nebengeb\u00e4ude&#8220; Bausatz. Werkswohnh\u00e4user stehen meist in der N\u00e4he einer Fabrikanlage. Ebenso eignen sie sich zur Nachbildung einer Landschaft aus dem norddeutschen Raum. Ma\u00dfe: L 6,5 x B 4,5 x H 5 cm, L 6 x B 4,5 x H 5 cm, L 4 x B 2,5 x H&#8230;<\/p>\n","protected":false},"featured_media":5676,"comment_status":"open","ping_status":"closed","template":"","meta":[],"product_brand":[],"product_cat":[44,219,226,38],"product_tag":[292,291],"class_list":{"0":"post-5675","1":"product","2":"type-product","3":"status-publish","4":"has-post-thumbnail","6":"product_cat-kibri","7":"product_cat-kibri-spur-z","8":"product_cat-stadthaeuser-z","9":"product_cat-unkategorisiert","10":"product_tag-kein-spielzeug-nicht-geeignet-fuer-kinder-unter-14-jahren","11":"product_tag-warn-und-sicherheitshinweise-modellbauartikel","13":"first","14":"instock","15":"taxable","16":"shipping-taxable","17":"purchasable","18":"product-type-simple"},"jetpack_sharing_enabled":true,"_links":{"self":[{"href":"https:\/\/www.mg-modelleisenbahnbau.de\/startseite-2\/wp-json\/wp\/v2\/product\/5675","targetHints":{"allow":["GET"]}}],"collection":[{"href":"https:\/\/www.mg-modelleisenbahnbau.de\/startseite-2\/wp-json\/wp\/v2\/product"}],"about":[{"href":"https:\/\/www.mg-modelleisenbahnbau.de\/startseite-2\/wp-json\/wp\/v2\/types\/product"}],"replies":[{"embeddable":true,"href":"https:\/\/www.mg-modelleisenbahnbau.de\/startseite-2\/wp-json\/wp\/v2\/comments?post=5675"}],"wp:featuredmedia":[{"embeddable":true,"href":"https:\/\/www.mg-modelleisenbahnbau.de\/startseite-2\/wp-json\/wp\/v2\/media\/5676"}],"wp:attachment":[{"href":"https:\/\/www.mg-modelleisenbahnbau.de\/startseite-2\/wp-json\/wp\/v2\/media?parent=5675"}],"wp:term":[{"taxonomy":"product_brand","embeddable":true,"href":"https:\/\/www.mg-modelleisenbahnbau.de\/startseite-2\/wp-json\/wp\/v2\/product_brand?post=5675"},{"taxonomy":"product_cat","embeddable":true,"href":"https:\/\/www.mg-modelleisenbahnbau.de\/startseite-2\/wp-json\/wp\/v2\/product_cat?post=5675"},{"taxonomy":"product_tag","embeddable":true,"href":"https:\/\/www.mg-modelleisenbahnbau.de\/startseite-2\/wp-json\/wp\/v2\/product_tag?post=5675"}],"curies":[{"name":"wp","href":"https:\/\/api.w.org\/{rel}","templated":true}]}}