{"id":5639,"date":"2020-03-30T12:05:07","date_gmt":"2020-03-30T10:05:07","guid":{"rendered":"http:\/\/www.mg-modelleisenbahnbau.de\/?post_type=product&#038;p=5639"},"modified":"2025-06-30T10:52:59","modified_gmt":"2025-06-30T08:52:59","slug":"36726-z-miro-tankanlage","status":"publish","type":"product","link":"https:\/\/www.mg-modelleisenbahnbau.de\/startseite-2\/produkt\/36726-z-miro-tankanlage\/","title":{"rendered":"36726 Z MIRO Tankanlage"},"content":{"rendered":"<div class=\"content--description\">\n<div class=\"content--title\">Produktinformationen &#8222;Z MIRO Tankanlage&#8220;<\/div>\n<div class=\"product--description\">Bausatz. Die MIRO Mineral\u00f6lanlage von kibri ist so konzipiert, dass sie sich aus einzelnen Bausteinen individuell zusammenstellen l\u00e4sst. So lassen sich die Anlagenteile problemlos in jede beliebige Modellbahnanlage einpassen. Der angelieferte Treibstoff (z. B. leichtfl\u00fcchtiges Benzin oder Roh\u00f6l) wird zur Zwischenlagerung im Hochtank dieser Tankanlage gelagert, bevor er an der Abf\u00fcllanlage Art. 36727 in den SCANIA Tankwagen gef\u00fcllt und von dort zu den Verbrauchern transportiert wird. Wie beim Vorbild stehen die Tanks auf einer undurchl\u00e4ssigen Lehmschicht und sind zum Schutz des Erdreichs von betonierten W\u00e4llen umgeben. Ma\u00dfe: L 16 x B 10 x H 6 cm, L 13,5 x B 1,2 x H 2,2 cm. Schwierigkeitsgrad: 2 (Fortgeschrittene).<\/div>\n<\/div>\n","protected":false},"excerpt":{"rendered":"<p>Produktinformationen &#8222;Z MIRO Tankanlage&#8220; Bausatz. Die MIRO Mineral\u00f6lanlage von kibri ist so konzipiert, dass sie sich aus einzelnen Bausteinen individuell zusammenstellen l\u00e4sst. So lassen sich die Anlagenteile problemlos in jede beliebige Modellbahnanlage einpassen. Der angelieferte Treibstoff (z. B. leichtfl\u00fcchtiges Benzin oder Roh\u00f6l) wird zur Zwischenlagerung im Hochtank dieser Tankanlage gelagert, bevor er an der Abf\u00fcllanlage&#8230;<\/p>\n","protected":false},"featured_media":5640,"comment_status":"open","ping_status":"closed","template":"","meta":[],"product_brand":[],"product_cat":[224,44,219,38],"product_tag":[292,291],"class_list":{"0":"post-5639","1":"product","2":"type-product","3":"status-publish","4":"has-post-thumbnail","6":"product_cat-industrie-z","7":"product_cat-kibri","8":"product_cat-kibri-spur-z","9":"product_cat-unkategorisiert","10":"product_tag-kein-spielzeug-nicht-geeignet-fuer-kinder-unter-14-jahren","11":"product_tag-warn-und-sicherheitshinweise-modellbauartikel","13":"first","14":"instock","15":"taxable","16":"shipping-taxable","17":"purchasable","18":"product-type-simple"},"jetpack_sharing_enabled":true,"_links":{"self":[{"href":"https:\/\/www.mg-modelleisenbahnbau.de\/startseite-2\/wp-json\/wp\/v2\/product\/5639","targetHints":{"allow":["GET"]}}],"collection":[{"href":"https:\/\/www.mg-modelleisenbahnbau.de\/startseite-2\/wp-json\/wp\/v2\/product"}],"about":[{"href":"https:\/\/www.mg-modelleisenbahnbau.de\/startseite-2\/wp-json\/wp\/v2\/types\/product"}],"replies":[{"embeddable":true,"href":"https:\/\/www.mg-modelleisenbahnbau.de\/startseite-2\/wp-json\/wp\/v2\/comments?post=5639"}],"wp:featuredmedia":[{"embeddable":true,"href":"https:\/\/www.mg-modelleisenbahnbau.de\/startseite-2\/wp-json\/wp\/v2\/media\/5640"}],"wp:attachment":[{"href":"https:\/\/www.mg-modelleisenbahnbau.de\/startseite-2\/wp-json\/wp\/v2\/media?parent=5639"}],"wp:term":[{"taxonomy":"product_brand","embeddable":true,"href":"https:\/\/www.mg-modelleisenbahnbau.de\/startseite-2\/wp-json\/wp\/v2\/product_brand?post=5639"},{"taxonomy":"product_cat","embeddable":true,"href":"https:\/\/www.mg-modelleisenbahnbau.de\/startseite-2\/wp-json\/wp\/v2\/product_cat?post=5639"},{"taxonomy":"product_tag","embeddable":true,"href":"https:\/\/www.mg-modelleisenbahnbau.de\/startseite-2\/wp-json\/wp\/v2\/product_tag?post=5639"}],"curies":[{"name":"wp","href":"https:\/\/api.w.org\/{rel}","templated":true}]}}