{"id":5637,"date":"2020-03-30T12:03:07","date_gmt":"2020-03-30T10:03:07","guid":{"rendered":"http:\/\/www.mg-modelleisenbahnbau.de\/?post_type=product&#038;p=5637"},"modified":"2025-06-30T10:52:59","modified_gmt":"2025-06-30T08:52:59","slug":"36727-z-miro-abfuellanlage","status":"publish","type":"product","link":"https:\/\/www.mg-modelleisenbahnbau.de\/startseite-2\/produkt\/36727-z-miro-abfuellanlage\/","title":{"rendered":"36727 Z MIRO Abf\u00fcllanlage"},"content":{"rendered":"<div class=\"content--description\">\n<div class=\"content--title\">Produktinformationen &#8222;Z MIRO Abf\u00fcllanlage&#8220;<\/div>\n<div class=\"product--description\">Bausatz. Die MIRO Mineral\u00f6lanlage von kibri ist so konzipiert, dass sie sich aus einzelnen Bausteinen individuell zusammenstellen l\u00e4sst. So lassen sich die Anlagenteile problemlos in jede beliebige Modellbahnanlage einpassen. Der angelieferte Treibstoff (z. B. leichtfl\u00fcchtiges Benzin oder Roh\u00f6l) wird zur Zwischenlagerung im Hochtank der Tankanlage Art. 36726 gelagert, bevor er an dieser Abf\u00fcllstation in den SCANIA Tankwagen gef\u00fcllt und von dort zu den Verbrauchern transportiert wird. Der Bausatz enth\u00e4lt das Hauptgeb\u00e4ude, 2 Tanksattelauflieger in oranger Farbgebung der Firma KLETT Mineral\u00f6le, 2 Tanks, die Abf\u00fcllanlage, Paletten, F\u00e4sser, Fahnen und Z\u00e4une. Ma\u00dfe: Abf\u00fcllanlage mit B\u00fcro: L 10 x B 6,5 x H 5 cm, Tanks: je L 6,5 x B 2 x H 2,4 cm, LKW: je L 6,5 x B 1,1 x H 1,5 cm. Schwierigkeitsgrad: 2 (Fortgeschrittene).<\/div>\n<\/div>\n","protected":false},"excerpt":{"rendered":"<p>Produktinformationen &#8222;Z MIRO Abf\u00fcllanlage&#8220; Bausatz. Die MIRO Mineral\u00f6lanlage von kibri ist so konzipiert, dass sie sich aus einzelnen Bausteinen individuell zusammenstellen l\u00e4sst. So lassen sich die Anlagenteile problemlos in jede beliebige Modellbahnanlage einpassen. Der angelieferte Treibstoff (z. B. leichtfl\u00fcchtiges Benzin oder Roh\u00f6l) wird zur Zwischenlagerung im Hochtank der Tankanlage Art. 36726 gelagert, bevor er an&#8230;<\/p>\n","protected":false},"featured_media":5638,"comment_status":"open","ping_status":"closed","template":"","meta":[],"product_brand":[],"product_cat":[224,44,219,38],"product_tag":[292,291],"class_list":{"0":"post-5637","1":"product","2":"type-product","3":"status-publish","4":"has-post-thumbnail","6":"product_cat-industrie-z","7":"product_cat-kibri","8":"product_cat-kibri-spur-z","9":"product_cat-unkategorisiert","10":"product_tag-kein-spielzeug-nicht-geeignet-fuer-kinder-unter-14-jahren","11":"product_tag-warn-und-sicherheitshinweise-modellbauartikel","13":"first","14":"instock","15":"taxable","16":"shipping-taxable","17":"purchasable","18":"product-type-simple"},"jetpack_sharing_enabled":true,"_links":{"self":[{"href":"https:\/\/www.mg-modelleisenbahnbau.de\/startseite-2\/wp-json\/wp\/v2\/product\/5637","targetHints":{"allow":["GET"]}}],"collection":[{"href":"https:\/\/www.mg-modelleisenbahnbau.de\/startseite-2\/wp-json\/wp\/v2\/product"}],"about":[{"href":"https:\/\/www.mg-modelleisenbahnbau.de\/startseite-2\/wp-json\/wp\/v2\/types\/product"}],"replies":[{"embeddable":true,"href":"https:\/\/www.mg-modelleisenbahnbau.de\/startseite-2\/wp-json\/wp\/v2\/comments?post=5637"}],"wp:featuredmedia":[{"embeddable":true,"href":"https:\/\/www.mg-modelleisenbahnbau.de\/startseite-2\/wp-json\/wp\/v2\/media\/5638"}],"wp:attachment":[{"href":"https:\/\/www.mg-modelleisenbahnbau.de\/startseite-2\/wp-json\/wp\/v2\/media?parent=5637"}],"wp:term":[{"taxonomy":"product_brand","embeddable":true,"href":"https:\/\/www.mg-modelleisenbahnbau.de\/startseite-2\/wp-json\/wp\/v2\/product_brand?post=5637"},{"taxonomy":"product_cat","embeddable":true,"href":"https:\/\/www.mg-modelleisenbahnbau.de\/startseite-2\/wp-json\/wp\/v2\/product_cat?post=5637"},{"taxonomy":"product_tag","embeddable":true,"href":"https:\/\/www.mg-modelleisenbahnbau.de\/startseite-2\/wp-json\/wp\/v2\/product_tag?post=5637"}],"curies":[{"name":"wp","href":"https:\/\/api.w.org\/{rel}","templated":true}]}}