{"id":5611,"date":"2020-03-29T21:52:02","date_gmt":"2020-03-29T19:52:02","guid":{"rendered":"http:\/\/www.mg-modelleisenbahnbau.de\/?post_type=product&#038;p=5611"},"modified":"2025-06-30T10:52:58","modified_gmt":"2025-06-30T08:52:58","slug":"36714-z-bahnhof-dreieichen","status":"publish","type":"product","link":"https:\/\/www.mg-modelleisenbahnbau.de\/startseite-2\/produkt\/36714-z-bahnhof-dreieichen\/","title":{"rendered":"36714 Z Bahnhof Dreieichen"},"content":{"rendered":"<div class=\"content--description\">\n<div class=\"content--title\">Produktinformationen &#8222;Z Bahnhof Dreieichen&#8220;<\/div>\n<div class=\"product--description\">Bausatz. Mit seinen beiden betonten Eckbauten, die den mittleren Bauteil um Stockwerkh\u00f6he \u00fcberragen, entspricht das kibri-Modell dem gro\u00dfen Vorbild in allen wichtigen Einzelheiten. Kontrastreich aber nicht aufdringlich heben sich die hellen Wandteile von den dunkelgrauen Dachformen ab. Das Modell besticht durch seine symmetrische Architektur. Ma\u00dfe: L 22,2 x B 6,6 x H 7,5 cm. Schwierigkeitsgrad: 2 (Fortgeschrittene).<\/div>\n<\/div>\n","protected":false},"excerpt":{"rendered":"<p>Produktinformationen &#8222;Z Bahnhof Dreieichen&#8220; Bausatz. Mit seinen beiden betonten Eckbauten, die den mittleren Bauteil um Stockwerkh\u00f6he \u00fcberragen, entspricht das kibri-Modell dem gro\u00dfen Vorbild in allen wichtigen Einzelheiten. Kontrastreich aber nicht aufdringlich heben sich die hellen Wandteile von den dunkelgrauen Dachformen ab. Das Modell besticht durch seine symmetrische Architektur. Ma\u00dfe: L 22,2 x B 6,6 x&#8230;<\/p>\n","protected":false},"featured_media":5613,"comment_status":"open","ping_status":"closed","template":"","meta":[],"product_brand":[],"product_cat":[221,44,219,38],"product_tag":[292,291],"class_list":{"0":"post-5611","1":"product","2":"type-product","3":"status-publish","4":"has-post-thumbnail","6":"product_cat-bahnhoefe-z","7":"product_cat-kibri","8":"product_cat-kibri-spur-z","9":"product_cat-unkategorisiert","10":"product_tag-kein-spielzeug-nicht-geeignet-fuer-kinder-unter-14-jahren","11":"product_tag-warn-und-sicherheitshinweise-modellbauartikel","13":"first","14":"instock","15":"taxable","16":"shipping-taxable","17":"purchasable","18":"product-type-simple"},"jetpack_sharing_enabled":true,"_links":{"self":[{"href":"https:\/\/www.mg-modelleisenbahnbau.de\/startseite-2\/wp-json\/wp\/v2\/product\/5611","targetHints":{"allow":["GET"]}}],"collection":[{"href":"https:\/\/www.mg-modelleisenbahnbau.de\/startseite-2\/wp-json\/wp\/v2\/product"}],"about":[{"href":"https:\/\/www.mg-modelleisenbahnbau.de\/startseite-2\/wp-json\/wp\/v2\/types\/product"}],"replies":[{"embeddable":true,"href":"https:\/\/www.mg-modelleisenbahnbau.de\/startseite-2\/wp-json\/wp\/v2\/comments?post=5611"}],"wp:featuredmedia":[{"embeddable":true,"href":"https:\/\/www.mg-modelleisenbahnbau.de\/startseite-2\/wp-json\/wp\/v2\/media\/5613"}],"wp:attachment":[{"href":"https:\/\/www.mg-modelleisenbahnbau.de\/startseite-2\/wp-json\/wp\/v2\/media?parent=5611"}],"wp:term":[{"taxonomy":"product_brand","embeddable":true,"href":"https:\/\/www.mg-modelleisenbahnbau.de\/startseite-2\/wp-json\/wp\/v2\/product_brand?post=5611"},{"taxonomy":"product_cat","embeddable":true,"href":"https:\/\/www.mg-modelleisenbahnbau.de\/startseite-2\/wp-json\/wp\/v2\/product_cat?post=5611"},{"taxonomy":"product_tag","embeddable":true,"href":"https:\/\/www.mg-modelleisenbahnbau.de\/startseite-2\/wp-json\/wp\/v2\/product_tag?post=5611"}],"curies":[{"name":"wp","href":"https:\/\/api.w.org\/{rel}","templated":true}]}}