{"id":557,"date":"2018-10-14T13:04:25","date_gmt":"2018-10-14T11:04:25","guid":{"rendered":"http:\/\/www.mg-modelleisenbahnbau.de\/?post_type=product&#038;p=557"},"modified":"2025-06-29T16:32:15","modified_gmt":"2025-06-29T14:32:15","slug":"1167-h0-lanz-bulldog-mit-beleuchteten-frontscheinwerfern-funktionsmodell-ersetzt-22267","status":"publish","type":"product","link":"https:\/\/www.mg-modelleisenbahnbau.de\/startseite-2\/produkt\/1167-h0-lanz-bulldog-mit-beleuchteten-frontscheinwerfern-funktionsmodell-ersetzt-22267\/","title":{"rendered":"1167 H0 LANZ Bulldog mit beleuchteten Frontscheinwerfern, Funktionsmodell, ersetzt 22267"},"content":{"rendered":"<p>Produktinformationen &#8222;H0 LANZ Bulldog mit beleuchteten Frontscheinwerfern, Funktionsmodell, ersetzt 22267&#8220;<br \/>\nDieses traditionsreiche Modell ist ein echter Klassiker und sollte auf keiner landwirtschaftlichen Szene fehlen. Der LANZ ist ausgestattet mit funktionsf\u00e4higen Frontscheinwerfern. Wartungsfrei dank LED-Beleuchtung. Das dazu passende Soundmodul Art. 5562 erg\u00e4nzt die Szenen der Bewegten Welten um die passenden Ger\u00e4usche. Ma\u00dfe: L 3,7 x B 2,2 x H 2,8 cm.<\/p>\n","protected":false},"excerpt":{"rendered":"<p>Produktinformationen &#8222;H0 LANZ Bulldog mit beleuchteten Frontscheinwerfern, Funktionsmodell, ersetzt 22267&#8220; Dieses traditionsreiche Modell ist ein echter Klassiker und sollte auf keiner landwirtschaftlichen Szene fehlen. Der LANZ ist ausgestattet mit funktionsf\u00e4higen Frontscheinwerfern. Wartungsfrei dank LED-Beleuchtung. Das dazu passende Soundmodul Art. 5562 erg\u00e4nzt die Szenen der Bewegten Welten um die passenden Ger\u00e4usche. Ma\u00dfe: L 3,7 x B&#8230;<\/p>\n","protected":false},"featured_media":563,"comment_status":"open","ping_status":"closed","template":"","meta":[],"product_brand":[],"product_cat":[129,38,37,124],"product_tag":[292,291],"class_list":{"0":"post-557","1":"product","2":"type-product","3":"status-publish","4":"has-post-thumbnail","6":"product_cat-emotion-h0","7":"product_cat-unkategorisiert","8":"product_cat-viessmann","9":"product_cat-viessmann-spur-h0","10":"product_tag-kein-spielzeug-nicht-geeignet-fuer-kinder-unter-14-jahren","11":"product_tag-warn-und-sicherheitshinweise-modellbauartikel","13":"first","14":"instock","15":"taxable","16":"shipping-taxable","17":"purchasable","18":"product-type-simple"},"jetpack_sharing_enabled":true,"_links":{"self":[{"href":"https:\/\/www.mg-modelleisenbahnbau.de\/startseite-2\/wp-json\/wp\/v2\/product\/557","targetHints":{"allow":["GET"]}}],"collection":[{"href":"https:\/\/www.mg-modelleisenbahnbau.de\/startseite-2\/wp-json\/wp\/v2\/product"}],"about":[{"href":"https:\/\/www.mg-modelleisenbahnbau.de\/startseite-2\/wp-json\/wp\/v2\/types\/product"}],"replies":[{"embeddable":true,"href":"https:\/\/www.mg-modelleisenbahnbau.de\/startseite-2\/wp-json\/wp\/v2\/comments?post=557"}],"wp:featuredmedia":[{"embeddable":true,"href":"https:\/\/www.mg-modelleisenbahnbau.de\/startseite-2\/wp-json\/wp\/v2\/media\/563"}],"wp:attachment":[{"href":"https:\/\/www.mg-modelleisenbahnbau.de\/startseite-2\/wp-json\/wp\/v2\/media?parent=557"}],"wp:term":[{"taxonomy":"product_brand","embeddable":true,"href":"https:\/\/www.mg-modelleisenbahnbau.de\/startseite-2\/wp-json\/wp\/v2\/product_brand?post=557"},{"taxonomy":"product_cat","embeddable":true,"href":"https:\/\/www.mg-modelleisenbahnbau.de\/startseite-2\/wp-json\/wp\/v2\/product_cat?post=557"},{"taxonomy":"product_tag","embeddable":true,"href":"https:\/\/www.mg-modelleisenbahnbau.de\/startseite-2\/wp-json\/wp\/v2\/product_tag?post=557"}],"curies":[{"name":"wp","href":"https:\/\/api.w.org\/{rel}","templated":true}]}}