{"id":5546,"date":"2020-03-27T18:02:15","date_gmt":"2020-03-27T17:02:15","guid":{"rendered":"http:\/\/www.mg-modelleisenbahnbau.de\/?post_type=product&#038;p=5546"},"modified":"2025-07-01T11:56:41","modified_gmt":"2025-07-01T09:56:41","slug":"49510-z-bahnhof-neuffen","status":"publish","type":"product","link":"https:\/\/www.mg-modelleisenbahnbau.de\/startseite-2\/produkt\/49510-z-bahnhof-neuffen\/","title":{"rendered":"49510 Z Bahnhof Neuffen"},"content":{"rendered":"<div class=\"content--description\">\n<div class=\"content--title\">Produktinformationen &#8222;Z Bahnhof Neuffen&#8220;<\/div>\n<div class=\"product--description\">Der Bahnhof Neuffen ist ein typischer Landbahnhof. Er ist Endstation der Nebenlinie N\u00fcrtingen-Neuffen und steht am Fu\u00df der Burgruine Hohen-Neuffen auf der Schw\u00e4bischen Alb. Das kurz vor der Wende zum 20. Jahrhundert errichtete, stilechte Bahnhofsgeb\u00e4ude wurde von Vollmer mit allen Details nachgebaut. Ma\u00dfe: L 22 x B 7,5 x H 8 cm.<\/div>\n<\/div>\n","protected":false},"excerpt":{"rendered":"<p>Produktinformationen &#8222;Z Bahnhof Neuffen&#8220; Der Bahnhof Neuffen ist ein typischer Landbahnhof. Er ist Endstation der Nebenlinie N\u00fcrtingen-Neuffen und steht am Fu\u00df der Burgruine Hohen-Neuffen auf der Schw\u00e4bischen Alb. Das kurz vor der Wende zum 20. Jahrhundert errichtete, stilechte Bahnhofsgeb\u00e4ude wurde von Vollmer mit allen Details nachgebaut. Ma\u00dfe: L 22 x B 7,5 x H 8&#8230;<\/p>\n","protected":false},"featured_media":5547,"comment_status":"open","ping_status":"closed","template":"","meta":[],"product_brand":[],"product_cat":[200,38,41,185],"product_tag":[292,291],"class_list":{"0":"post-5546","1":"product","2":"type-product","3":"status-publish","4":"has-post-thumbnail","6":"product_cat-gebaeude-z","7":"product_cat-unkategorisiert","8":"product_cat-vollmer","9":"product_cat-vollmer-spur-z","10":"product_tag-kein-spielzeug-nicht-geeignet-fuer-kinder-unter-14-jahren","11":"product_tag-warn-und-sicherheitshinweise-modellbauartikel","13":"first","14":"instock","15":"taxable","16":"shipping-taxable","17":"purchasable","18":"product-type-simple"},"jetpack_sharing_enabled":true,"_links":{"self":[{"href":"https:\/\/www.mg-modelleisenbahnbau.de\/startseite-2\/wp-json\/wp\/v2\/product\/5546","targetHints":{"allow":["GET"]}}],"collection":[{"href":"https:\/\/www.mg-modelleisenbahnbau.de\/startseite-2\/wp-json\/wp\/v2\/product"}],"about":[{"href":"https:\/\/www.mg-modelleisenbahnbau.de\/startseite-2\/wp-json\/wp\/v2\/types\/product"}],"replies":[{"embeddable":true,"href":"https:\/\/www.mg-modelleisenbahnbau.de\/startseite-2\/wp-json\/wp\/v2\/comments?post=5546"}],"wp:featuredmedia":[{"embeddable":true,"href":"https:\/\/www.mg-modelleisenbahnbau.de\/startseite-2\/wp-json\/wp\/v2\/media\/5547"}],"wp:attachment":[{"href":"https:\/\/www.mg-modelleisenbahnbau.de\/startseite-2\/wp-json\/wp\/v2\/media?parent=5546"}],"wp:term":[{"taxonomy":"product_brand","embeddable":true,"href":"https:\/\/www.mg-modelleisenbahnbau.de\/startseite-2\/wp-json\/wp\/v2\/product_brand?post=5546"},{"taxonomy":"product_cat","embeddable":true,"href":"https:\/\/www.mg-modelleisenbahnbau.de\/startseite-2\/wp-json\/wp\/v2\/product_cat?post=5546"},{"taxonomy":"product_tag","embeddable":true,"href":"https:\/\/www.mg-modelleisenbahnbau.de\/startseite-2\/wp-json\/wp\/v2\/product_tag?post=5546"}],"curies":[{"name":"wp","href":"https:\/\/api.w.org\/{rel}","templated":true}]}}