{"id":5544,"date":"2020-03-27T11:45:38","date_gmt":"2020-03-27T10:45:38","guid":{"rendered":"http:\/\/www.mg-modelleisenbahnbau.de\/?post_type=product&#038;p=5544"},"modified":"2026-04-16T09:09:57","modified_gmt":"2026-04-16T07:09:57","slug":"5560-soundmodul-kirchenglocken","status":"publish","type":"product","link":"https:\/\/www.mg-modelleisenbahnbau.de\/startseite-2\/produkt\/5560-soundmodul-kirchenglocken\/","title":{"rendered":"5560 Soundmodul Kirchenglocken"},"content":{"rendered":"<div class=\"content--description\">\n<div class=\"content--title\">Produktinformationen &#8222;Soundmodul Kirchenglocken&#8220;<\/div>\n<div class=\"product--description\">Modellbahn mit allen Sinnen erleben: Das station\u00e4re Soundmodul erg\u00e4nzt die Szenen der \u201eBewegten Welten\u201c um die passenden Ger\u00e4usche und ist in verschiedenen Themen erh\u00e4ltlich. Das Soundmodul verf\u00fcgt \u00fcber einen internen Lautsprecher und einen Anschluss f\u00fcr einen externen Lautsprecher. Die Lautst\u00e4rke ist selbstverst\u00e4ndlich regelbar. Betriebsspannung 14 \u2013 16 V ~\/=. Passend f\u00fcr: Stille-Nacht-Ged\u00e4chtniskapelle, Vollmer Art. 42412 (H0), 47612 (N), 49412 (Z) und 41290 (G). Verf\u00fcgt \u00fcber 6 ausw\u00e4hlbare Glockengel\u00e4ute. Inklusive des Weihnachtsklassikers \u201eStille Nacht, heilige Nacht\u201c \u2013 es stehen die Sprachen Deutsch, Englisch, Franz\u00f6sisch, Italienisch und Spanisch zur Verf\u00fcgung.<\/div>\n<\/div>\n","protected":false},"excerpt":{"rendered":"<p>Produktinformationen &#8222;Soundmodul Kirchenglocken&#8220; Modellbahn mit allen Sinnen erleben: Das station\u00e4re Soundmodul erg\u00e4nzt die Szenen der \u201eBewegten Welten\u201c um die passenden Ger\u00e4usche und ist in verschiedenen Themen erh\u00e4ltlich. Das Soundmodul verf\u00fcgt \u00fcber einen internen Lautsprecher und einen Anschluss f\u00fcr einen externen Lautsprecher. Die Lautst\u00e4rke ist selbstverst\u00e4ndlich regelbar. Betriebsspannung 14 \u2013 16 V ~\/=. Passend f\u00fcr: Stille-Nacht-Ged\u00e4chtniskapelle,&#8230;<\/p>\n","protected":false},"featured_media":5545,"comment_status":"open","ping_status":"closed","template":"","meta":[],"product_brand":[],"product_cat":[129,38,37],"product_tag":[292,291],"class_list":{"0":"post-5544","1":"product","2":"type-product","3":"status-publish","4":"has-post-thumbnail","6":"product_cat-emotion-h0","7":"product_cat-unkategorisiert","8":"product_cat-viessmann","9":"product_tag-kein-spielzeug-nicht-geeignet-fuer-kinder-unter-14-jahren","10":"product_tag-warn-und-sicherheitshinweise-modellbauartikel","12":"first","13":"instock","14":"taxable","15":"shipping-taxable","16":"purchasable","17":"product-type-simple"},"jetpack_sharing_enabled":true,"_links":{"self":[{"href":"https:\/\/www.mg-modelleisenbahnbau.de\/startseite-2\/wp-json\/wp\/v2\/product\/5544","targetHints":{"allow":["GET"]}}],"collection":[{"href":"https:\/\/www.mg-modelleisenbahnbau.de\/startseite-2\/wp-json\/wp\/v2\/product"}],"about":[{"href":"https:\/\/www.mg-modelleisenbahnbau.de\/startseite-2\/wp-json\/wp\/v2\/types\/product"}],"replies":[{"embeddable":true,"href":"https:\/\/www.mg-modelleisenbahnbau.de\/startseite-2\/wp-json\/wp\/v2\/comments?post=5544"}],"wp:featuredmedia":[{"embeddable":true,"href":"https:\/\/www.mg-modelleisenbahnbau.de\/startseite-2\/wp-json\/wp\/v2\/media\/5545"}],"wp:attachment":[{"href":"https:\/\/www.mg-modelleisenbahnbau.de\/startseite-2\/wp-json\/wp\/v2\/media?parent=5544"}],"wp:term":[{"taxonomy":"product_brand","embeddable":true,"href":"https:\/\/www.mg-modelleisenbahnbau.de\/startseite-2\/wp-json\/wp\/v2\/product_brand?post=5544"},{"taxonomy":"product_cat","embeddable":true,"href":"https:\/\/www.mg-modelleisenbahnbau.de\/startseite-2\/wp-json\/wp\/v2\/product_cat?post=5544"},{"taxonomy":"product_tag","embeddable":true,"href":"https:\/\/www.mg-modelleisenbahnbau.de\/startseite-2\/wp-json\/wp\/v2\/product_tag?post=5544"}],"curies":[{"name":"wp","href":"https:\/\/api.w.org\/{rel}","templated":true}]}}