{"id":5487,"date":"2020-03-27T10:39:17","date_gmt":"2020-03-27T09:39:17","guid":{"rendered":"http:\/\/www.mg-modelleisenbahnbau.de\/?post_type=product&#038;p=5487"},"modified":"2025-07-01T10:31:39","modified_gmt":"2025-07-01T08:31:39","slug":"47713-n-tonbachmuehle-mit-muehlrad-und-saegegatter","status":"publish","type":"product","link":"https:\/\/www.mg-modelleisenbahnbau.de\/startseite-2\/produkt\/47713-n-tonbachmuehle-mit-muehlrad-und-saegegatter\/","title":{"rendered":"47713 N Tonbachm\u00fchle mit M\u00fchlrad und S\u00e4gegatter"},"content":{"rendered":"<div class=\"content--description\">\n<div class=\"content--title\">Produktinformationen &#8222;N Tonbachm\u00fchle mit M\u00fchlrad und S\u00e4gegatter&#8220;<\/div>\n<div class=\"product--description\">An der R\u00fcckseite dieses schmucken Fachwerkhauses ist ein S\u00e4gewerk angebaut. Umfangreiches Zubeh\u00f6r erm\u00f6glicht eine realistische Ausgestaltung. Das M\u00fchlrad kann mit dem Motor Art. 44200 angetrieben werden (Zusatzausstattung). Ma\u00dfe: L 17 x B 15,5 x H 12 cm<\/div>\n<\/div>\n","protected":false},"excerpt":{"rendered":"<p>Produktinformationen &#8222;N Tonbachm\u00fchle mit M\u00fchlrad und S\u00e4gegatter&#8220; An der R\u00fcckseite dieses schmucken Fachwerkhauses ist ein S\u00e4gewerk angebaut. Umfangreiches Zubeh\u00f6r erm\u00f6glicht eine realistische Ausgestaltung. Das M\u00fchlrad kann mit dem Motor Art. 44200 angetrieben werden (Zusatzausstattung). Ma\u00dfe: L 17 x B 15,5 x H 12 cm<\/p>\n","protected":false},"featured_media":5488,"comment_status":"open","ping_status":"closed","template":"","meta":[],"product_brand":[],"product_cat":[198,38,41,187],"product_tag":[292,291],"class_list":{"0":"post-5487","1":"product","2":"type-product","3":"status-publish","4":"has-post-thumbnail","6":"product_cat-stadt-dorfhaeuser-n","7":"product_cat-unkategorisiert","8":"product_cat-vollmer","9":"product_cat-vollmer-spur-n","10":"product_tag-kein-spielzeug-nicht-geeignet-fuer-kinder-unter-14-jahren","11":"product_tag-warn-und-sicherheitshinweise-modellbauartikel","13":"first","14":"instock","15":"taxable","16":"shipping-taxable","17":"purchasable","18":"product-type-simple"},"jetpack_sharing_enabled":true,"_links":{"self":[{"href":"https:\/\/www.mg-modelleisenbahnbau.de\/startseite-2\/wp-json\/wp\/v2\/product\/5487","targetHints":{"allow":["GET"]}}],"collection":[{"href":"https:\/\/www.mg-modelleisenbahnbau.de\/startseite-2\/wp-json\/wp\/v2\/product"}],"about":[{"href":"https:\/\/www.mg-modelleisenbahnbau.de\/startseite-2\/wp-json\/wp\/v2\/types\/product"}],"replies":[{"embeddable":true,"href":"https:\/\/www.mg-modelleisenbahnbau.de\/startseite-2\/wp-json\/wp\/v2\/comments?post=5487"}],"wp:featuredmedia":[{"embeddable":true,"href":"https:\/\/www.mg-modelleisenbahnbau.de\/startseite-2\/wp-json\/wp\/v2\/media\/5488"}],"wp:attachment":[{"href":"https:\/\/www.mg-modelleisenbahnbau.de\/startseite-2\/wp-json\/wp\/v2\/media?parent=5487"}],"wp:term":[{"taxonomy":"product_brand","embeddable":true,"href":"https:\/\/www.mg-modelleisenbahnbau.de\/startseite-2\/wp-json\/wp\/v2\/product_brand?post=5487"},{"taxonomy":"product_cat","embeddable":true,"href":"https:\/\/www.mg-modelleisenbahnbau.de\/startseite-2\/wp-json\/wp\/v2\/product_cat?post=5487"},{"taxonomy":"product_tag","embeddable":true,"href":"https:\/\/www.mg-modelleisenbahnbau.de\/startseite-2\/wp-json\/wp\/v2\/product_tag?post=5487"}],"curies":[{"name":"wp","href":"https:\/\/api.w.org\/{rel}","templated":true}]}}