{"id":5471,"date":"2020-03-25T21:04:06","date_gmt":"2020-03-25T20:04:06","guid":{"rendered":"http:\/\/www.mg-modelleisenbahnbau.de\/?post_type=product&#038;p=5471"},"modified":"2025-07-01T10:20:40","modified_gmt":"2025-07-01T08:20:40","slug":"47667-n-sport-und-wellnesshotel-europa","status":"publish","type":"product","link":"https:\/\/www.mg-modelleisenbahnbau.de\/startseite-2\/produkt\/47667-n-sport-und-wellnesshotel-europa\/","title":{"rendered":"47667 N Sport- und Wellnesshotel Europa"},"content":{"rendered":"<div class=\"content--description\">\n<div class=\"content--title\">Produktinformationen &#8222;N Sport- und Wellnesshotel Europa&#8220;<\/div>\n<div class=\"product--description\">Urlaub ist immer sch\u00f6n, vor allen Dingen, wenn man in so ein einladendes Haus kommt wie das Sport- und Wellnesshotel Europa. F\u00fcr alles ist gesorgt, man kann sich sportlich bet\u00e4tigen und im Wellnessbereich verw\u00f6hnen lassen. Mit den beiliegenden Terrassenm\u00f6beln und der Fahne k\u00f6nnen Sie den Au\u00dfenbereich nach Ihren W\u00fcnschen gestalten. Ma\u00dfe: L 11,5 x B 9,8 x H 8,5 cm.<\/div>\n<\/div>\n","protected":false},"excerpt":{"rendered":"<p>Produktinformationen &#8222;N Sport- und Wellnesshotel Europa&#8220; Urlaub ist immer sch\u00f6n, vor allen Dingen, wenn man in so ein einladendes Haus kommt wie das Sport- und Wellnesshotel Europa. F\u00fcr alles ist gesorgt, man kann sich sportlich bet\u00e4tigen und im Wellnessbereich verw\u00f6hnen lassen. Mit den beiliegenden Terrassenm\u00f6beln und der Fahne k\u00f6nnen Sie den Au\u00dfenbereich nach Ihren W\u00fcnschen&#8230;<\/p>\n","protected":false},"featured_media":5472,"comment_status":"open","ping_status":"closed","template":"","meta":[],"product_brand":[],"product_cat":[198,38,41,187],"product_tag":[292,291],"class_list":{"0":"post-5471","1":"product","2":"type-product","3":"status-publish","4":"has-post-thumbnail","6":"product_cat-stadt-dorfhaeuser-n","7":"product_cat-unkategorisiert","8":"product_cat-vollmer","9":"product_cat-vollmer-spur-n","10":"product_tag-kein-spielzeug-nicht-geeignet-fuer-kinder-unter-14-jahren","11":"product_tag-warn-und-sicherheitshinweise-modellbauartikel","13":"first","14":"instock","15":"taxable","16":"shipping-taxable","17":"purchasable","18":"product-type-simple"},"jetpack_sharing_enabled":true,"_links":{"self":[{"href":"https:\/\/www.mg-modelleisenbahnbau.de\/startseite-2\/wp-json\/wp\/v2\/product\/5471","targetHints":{"allow":["GET"]}}],"collection":[{"href":"https:\/\/www.mg-modelleisenbahnbau.de\/startseite-2\/wp-json\/wp\/v2\/product"}],"about":[{"href":"https:\/\/www.mg-modelleisenbahnbau.de\/startseite-2\/wp-json\/wp\/v2\/types\/product"}],"replies":[{"embeddable":true,"href":"https:\/\/www.mg-modelleisenbahnbau.de\/startseite-2\/wp-json\/wp\/v2\/comments?post=5471"}],"wp:featuredmedia":[{"embeddable":true,"href":"https:\/\/www.mg-modelleisenbahnbau.de\/startseite-2\/wp-json\/wp\/v2\/media\/5472"}],"wp:attachment":[{"href":"https:\/\/www.mg-modelleisenbahnbau.de\/startseite-2\/wp-json\/wp\/v2\/media?parent=5471"}],"wp:term":[{"taxonomy":"product_brand","embeddable":true,"href":"https:\/\/www.mg-modelleisenbahnbau.de\/startseite-2\/wp-json\/wp\/v2\/product_brand?post=5471"},{"taxonomy":"product_cat","embeddable":true,"href":"https:\/\/www.mg-modelleisenbahnbau.de\/startseite-2\/wp-json\/wp\/v2\/product_cat?post=5471"},{"taxonomy":"product_tag","embeddable":true,"href":"https:\/\/www.mg-modelleisenbahnbau.de\/startseite-2\/wp-json\/wp\/v2\/product_tag?post=5471"}],"curies":[{"name":"wp","href":"https:\/\/api.w.org\/{rel}","templated":true}]}}