{"id":5437,"date":"2020-03-25T19:58:44","date_gmt":"2020-03-25T18:58:44","guid":{"rendered":"http:\/\/www.mg-modelleisenbahnbau.de\/?post_type=product&#038;p=5437"},"modified":"2025-07-01T10:20:41","modified_gmt":"2025-07-01T08:20:41","slug":"47670-n-bio-hofladen-und-feinkost-meier-bio-serie","status":"publish","type":"product","link":"https:\/\/www.mg-modelleisenbahnbau.de\/startseite-2\/produkt\/47670-n-bio-hofladen-und-feinkost-meier-bio-serie\/","title":{"rendered":"47670 N Bio-Hofladen und Feinkost Meier, Bio-Serie"},"content":{"rendered":"<div class=\"content--description\">\n<div class=\"content--title\">Produktinformationen &#8222;N Bio-Hofladen und Feinkost Meier, Bio-Serie&#8220;<\/div>\n<div class=\"product--description\">Die auf dem Bauernhof angebauten Erzeugnisse werden im nahegelegenen Bio-Hofladen angeboten. Erntefrisch gelangen die Bio-Produkte direkt in die Verkaufstheke. Das Geb\u00e4ude besteht aus einem Hauptgeb\u00e4ude mit Feinkostladen und angrenzendem Hofladen sowie vielen Ausschm\u00fcckungsteilen. Ma\u00dfe: L 9,8 x B 6,8 x H 10 cm. Die Bio-Kunststoffe, die wir in unserer Bio-Serie verarbeiten, sind gr\u00f6\u00dftenteils aus nachwachsenden Rohstoffen hergestellt. Ein weiteres Plus: die Kunststoffe sind biologisch abbaubar! F\u00fcr den Zusammenbau der Baus\u00e4tze aus der Vollmer Bio-Serie empfehlen wir den Vollmer Kleber Super Vol xp Art. 46117.<\/div>\n<\/div>\n","protected":false},"excerpt":{"rendered":"<p>Produktinformationen &#8222;N Bio-Hofladen und Feinkost Meier, Bio-Serie&#8220; Die auf dem Bauernhof angebauten Erzeugnisse werden im nahegelegenen Bio-Hofladen angeboten. Erntefrisch gelangen die Bio-Produkte direkt in die Verkaufstheke. Das Geb\u00e4ude besteht aus einem Hauptgeb\u00e4ude mit Feinkostladen und angrenzendem Hofladen sowie vielen Ausschm\u00fcckungsteilen. Ma\u00dfe: L 9,8 x B 6,8 x H 10 cm. Die Bio-Kunststoffe, die wir in&#8230;<\/p>\n","protected":false},"featured_media":5438,"comment_status":"open","ping_status":"closed","template":"","meta":[],"product_brand":[],"product_cat":[198,38,41,187],"product_tag":[292,291],"class_list":{"0":"post-5437","1":"product","2":"type-product","3":"status-publish","4":"has-post-thumbnail","6":"product_cat-stadt-dorfhaeuser-n","7":"product_cat-unkategorisiert","8":"product_cat-vollmer","9":"product_cat-vollmer-spur-n","10":"product_tag-kein-spielzeug-nicht-geeignet-fuer-kinder-unter-14-jahren","11":"product_tag-warn-und-sicherheitshinweise-modellbauartikel","13":"first","14":"instock","15":"taxable","16":"shipping-taxable","17":"purchasable","18":"product-type-simple"},"jetpack_sharing_enabled":true,"_links":{"self":[{"href":"https:\/\/www.mg-modelleisenbahnbau.de\/startseite-2\/wp-json\/wp\/v2\/product\/5437","targetHints":{"allow":["GET"]}}],"collection":[{"href":"https:\/\/www.mg-modelleisenbahnbau.de\/startseite-2\/wp-json\/wp\/v2\/product"}],"about":[{"href":"https:\/\/www.mg-modelleisenbahnbau.de\/startseite-2\/wp-json\/wp\/v2\/types\/product"}],"replies":[{"embeddable":true,"href":"https:\/\/www.mg-modelleisenbahnbau.de\/startseite-2\/wp-json\/wp\/v2\/comments?post=5437"}],"wp:featuredmedia":[{"embeddable":true,"href":"https:\/\/www.mg-modelleisenbahnbau.de\/startseite-2\/wp-json\/wp\/v2\/media\/5438"}],"wp:attachment":[{"href":"https:\/\/www.mg-modelleisenbahnbau.de\/startseite-2\/wp-json\/wp\/v2\/media?parent=5437"}],"wp:term":[{"taxonomy":"product_brand","embeddable":true,"href":"https:\/\/www.mg-modelleisenbahnbau.de\/startseite-2\/wp-json\/wp\/v2\/product_brand?post=5437"},{"taxonomy":"product_cat","embeddable":true,"href":"https:\/\/www.mg-modelleisenbahnbau.de\/startseite-2\/wp-json\/wp\/v2\/product_cat?post=5437"},{"taxonomy":"product_tag","embeddable":true,"href":"https:\/\/www.mg-modelleisenbahnbau.de\/startseite-2\/wp-json\/wp\/v2\/product_tag?post=5437"}],"curies":[{"name":"wp","href":"https:\/\/api.w.org\/{rel}","templated":true}]}}