{"id":5429,"date":"2020-03-25T19:47:16","date_gmt":"2020-03-25T18:47:16","guid":{"rendered":"http:\/\/www.mg-modelleisenbahnbau.de\/?post_type=product&#038;p=5429"},"modified":"2025-07-01T10:08:59","modified_gmt":"2025-07-01T08:08:59","slug":"47630-n-eckhaus-marktstrasse-2","status":"publish","type":"product","link":"https:\/\/www.mg-modelleisenbahnbau.de\/startseite-2\/produkt\/47630-n-eckhaus-marktstrasse-2\/","title":{"rendered":"47630 N Eckhaus Marktstra\u00dfe 2"},"content":{"rendered":"<div class=\"content--description\">\n<div class=\"content--title\">Produktinformationen &#8222;N Eckhaus Marktstra\u00dfe 2&#8220;<\/div>\n<div class=\"product--description\">Mit den Baus\u00e4tzen der Vollmer Marktstra\u00dfe 2 \u2013 6 k\u00f6nnen Sie einen kompletten Stra\u00dfenzug mit Wohn-, Gesch\u00e4fts- und Fachwerkh\u00e4usern gestalten. Bereits mit 3 Baus\u00e4tzen schaffen Sie sich eine preiswerte und abwechslungsreiche H\u00e4userfront. An diesem Eckhaus f\u00e4llt besonders der \u00fcberdachte Treppenaufgang mit dem filigranen Gel\u00e4nder ins Auge. Ein besonderes Detail ist das Storchennest auf dem Dach. Ma\u00dfe: L 10,2 x B 10,2 x H 10,5 cm.<\/div>\n<\/div>\n","protected":false},"excerpt":{"rendered":"<p>Produktinformationen &#8222;N Eckhaus Marktstra\u00dfe 2&#8220; Mit den Baus\u00e4tzen der Vollmer Marktstra\u00dfe 2 \u2013 6 k\u00f6nnen Sie einen kompletten Stra\u00dfenzug mit Wohn-, Gesch\u00e4fts- und Fachwerkh\u00e4usern gestalten. Bereits mit 3 Baus\u00e4tzen schaffen Sie sich eine preiswerte und abwechslungsreiche H\u00e4userfront. An diesem Eckhaus f\u00e4llt besonders der \u00fcberdachte Treppenaufgang mit dem filigranen Gel\u00e4nder ins Auge. Ein besonderes Detail ist&#8230;<\/p>\n","protected":false},"featured_media":5430,"comment_status":"open","ping_status":"closed","template":"","meta":[],"product_brand":[],"product_cat":[198,38,41,187],"product_tag":[292,291],"class_list":{"0":"post-5429","1":"product","2":"type-product","3":"status-publish","4":"has-post-thumbnail","6":"product_cat-stadt-dorfhaeuser-n","7":"product_cat-unkategorisiert","8":"product_cat-vollmer","9":"product_cat-vollmer-spur-n","10":"product_tag-kein-spielzeug-nicht-geeignet-fuer-kinder-unter-14-jahren","11":"product_tag-warn-und-sicherheitshinweise-modellbauartikel","13":"first","14":"instock","15":"taxable","16":"shipping-taxable","17":"purchasable","18":"product-type-simple"},"jetpack_sharing_enabled":true,"_links":{"self":[{"href":"https:\/\/www.mg-modelleisenbahnbau.de\/startseite-2\/wp-json\/wp\/v2\/product\/5429","targetHints":{"allow":["GET"]}}],"collection":[{"href":"https:\/\/www.mg-modelleisenbahnbau.de\/startseite-2\/wp-json\/wp\/v2\/product"}],"about":[{"href":"https:\/\/www.mg-modelleisenbahnbau.de\/startseite-2\/wp-json\/wp\/v2\/types\/product"}],"replies":[{"embeddable":true,"href":"https:\/\/www.mg-modelleisenbahnbau.de\/startseite-2\/wp-json\/wp\/v2\/comments?post=5429"}],"wp:featuredmedia":[{"embeddable":true,"href":"https:\/\/www.mg-modelleisenbahnbau.de\/startseite-2\/wp-json\/wp\/v2\/media\/5430"}],"wp:attachment":[{"href":"https:\/\/www.mg-modelleisenbahnbau.de\/startseite-2\/wp-json\/wp\/v2\/media?parent=5429"}],"wp:term":[{"taxonomy":"product_brand","embeddable":true,"href":"https:\/\/www.mg-modelleisenbahnbau.de\/startseite-2\/wp-json\/wp\/v2\/product_brand?post=5429"},{"taxonomy":"product_cat","embeddable":true,"href":"https:\/\/www.mg-modelleisenbahnbau.de\/startseite-2\/wp-json\/wp\/v2\/product_cat?post=5429"},{"taxonomy":"product_tag","embeddable":true,"href":"https:\/\/www.mg-modelleisenbahnbau.de\/startseite-2\/wp-json\/wp\/v2\/product_tag?post=5429"}],"curies":[{"name":"wp","href":"https:\/\/api.w.org\/{rel}","templated":true}]}}