{"id":5408,"date":"2020-03-25T17:55:53","date_gmt":"2020-03-25T16:55:53","guid":{"rendered":"http:\/\/www.mg-modelleisenbahnbau.de\/?post_type=product&#038;p=5408"},"modified":"2025-07-01T10:57:01","modified_gmt":"2025-07-01T08:57:01","slug":"47765-n-mcdonalds-schnellrestaurant-mit-mcdrive","status":"publish","type":"product","link":"https:\/\/www.mg-modelleisenbahnbau.de\/startseite-2\/produkt\/47765-n-mcdonalds-schnellrestaurant-mit-mcdrive\/","title":{"rendered":"47765 N McDonald\u00b4s Schnellrestaurant mit McDrive"},"content":{"rendered":"<div class=\"content--description\">\n<div class=\"content--title\">Produktinformationen &#8222;N McDonald\u00b4s Schnellrestaurant mit McDrive&#8220;<\/div>\n<div class=\"product--description\">Das Modell wurde gemeinsam mit McDonald\u00b4s Deutschland entwickelt und genehmigt. Das Geb\u00e4ude hat eine offene, einladende Art. Die nach hinten abgeschr\u00e4gte Dachfl\u00e4che und die beiden gelben B\u00f6gen, die an das Firmenlogo erinnern sollen, pr\u00e4gen dieses Geb\u00e4ude. Durch die gro\u00dfen Fensterfl\u00e4chen f\u00e4llt viel Tageslicht in den Restaurantbereich. Als Autofahrer erh\u00e4lt man seine Bestellung an den speziellen Ausgabeschaltern des McDrive. Abh\u00e4ngig von den \u00f6rtlichen Gegebenheiten gibt es diese Art der Restaurant-Architektur in vielen Varianten, z. B. erg\u00e4nzt durch den McCaf\u00e9 Au\u00dfenbereich oder gr\u00f6\u00dfere Restaurantfl\u00e4chen durch Anbauten. Wir bedanken uns f\u00fcr die freundliche Unterst\u00fctzung von McDonald\u00b4s Deutschland. Mit Inneneinrichtung, 4 Sonnenschirmen, 2 Fahnen und Mast mit McDonald\u00b4s Logo. Ma\u00dfe: L 9,5 x B 8,5 x H 5,5 cm.<\/div>\n<\/div>\n","protected":false},"excerpt":{"rendered":"<p>Produktinformationen &#8222;N McDonald\u00b4s Schnellrestaurant mit McDrive&#8220; Das Modell wurde gemeinsam mit McDonald\u00b4s Deutschland entwickelt und genehmigt. Das Geb\u00e4ude hat eine offene, einladende Art. Die nach hinten abgeschr\u00e4gte Dachfl\u00e4che und die beiden gelben B\u00f6gen, die an das Firmenlogo erinnern sollen, pr\u00e4gen dieses Geb\u00e4ude. Durch die gro\u00dfen Fensterfl\u00e4chen f\u00e4llt viel Tageslicht in den Restaurantbereich. Als Autofahrer erh\u00e4lt&#8230;<\/p>\n","protected":false},"featured_media":5409,"comment_status":"open","ping_status":"closed","template":"","meta":[],"product_brand":[],"product_cat":[198,38,41,187],"product_tag":[292,291],"class_list":{"0":"post-5408","1":"product","2":"type-product","3":"status-publish","4":"has-post-thumbnail","6":"product_cat-stadt-dorfhaeuser-n","7":"product_cat-unkategorisiert","8":"product_cat-vollmer","9":"product_cat-vollmer-spur-n","10":"product_tag-kein-spielzeug-nicht-geeignet-fuer-kinder-unter-14-jahren","11":"product_tag-warn-und-sicherheitshinweise-modellbauartikel","13":"first","14":"instock","15":"taxable","16":"shipping-taxable","17":"purchasable","18":"product-type-simple"},"jetpack_sharing_enabled":true,"_links":{"self":[{"href":"https:\/\/www.mg-modelleisenbahnbau.de\/startseite-2\/wp-json\/wp\/v2\/product\/5408","targetHints":{"allow":["GET"]}}],"collection":[{"href":"https:\/\/www.mg-modelleisenbahnbau.de\/startseite-2\/wp-json\/wp\/v2\/product"}],"about":[{"href":"https:\/\/www.mg-modelleisenbahnbau.de\/startseite-2\/wp-json\/wp\/v2\/types\/product"}],"replies":[{"embeddable":true,"href":"https:\/\/www.mg-modelleisenbahnbau.de\/startseite-2\/wp-json\/wp\/v2\/comments?post=5408"}],"wp:featuredmedia":[{"embeddable":true,"href":"https:\/\/www.mg-modelleisenbahnbau.de\/startseite-2\/wp-json\/wp\/v2\/media\/5409"}],"wp:attachment":[{"href":"https:\/\/www.mg-modelleisenbahnbau.de\/startseite-2\/wp-json\/wp\/v2\/media?parent=5408"}],"wp:term":[{"taxonomy":"product_brand","embeddable":true,"href":"https:\/\/www.mg-modelleisenbahnbau.de\/startseite-2\/wp-json\/wp\/v2\/product_brand?post=5408"},{"taxonomy":"product_cat","embeddable":true,"href":"https:\/\/www.mg-modelleisenbahnbau.de\/startseite-2\/wp-json\/wp\/v2\/product_cat?post=5408"},{"taxonomy":"product_tag","embeddable":true,"href":"https:\/\/www.mg-modelleisenbahnbau.de\/startseite-2\/wp-json\/wp\/v2\/product_tag?post=5408"}],"curies":[{"name":"wp","href":"https:\/\/api.w.org\/{rel}","templated":true}]}}