{"id":5406,"date":"2020-03-25T17:53:36","date_gmt":"2020-03-25T16:53:36","guid":{"rendered":"http:\/\/www.mg-modelleisenbahnbau.de\/?post_type=product&#038;p=5406"},"modified":"2025-07-01T11:08:31","modified_gmt":"2025-07-01T09:08:31","slug":"47795-n-obi-baumarkt","status":"publish","type":"product","link":"https:\/\/www.mg-modelleisenbahnbau.de\/startseite-2\/produkt\/47795-n-obi-baumarkt\/","title":{"rendered":"47795 N OBI Baumarkt"},"content":{"rendered":"<div class=\"content--description\">\n<div class=\"content--title\">Produktinformationen &#8222;N OBI Baumarkt&#8220;<\/div>\n<div class=\"product--description\">Der Trend zum Selbermachen und -bauen h\u00e4lt an. Alles was man dazu ben\u00f6tigt, findet man im Baumarkt. Unser OBI-Markt strahlt in den haus\u00fcblichen Farben und es herrscht reges Treiben am Samstagvormittag. Wie, wo, was, wei\u00df eben OBI! Der Bausatz ist mit vielen liebevollen Details ausgestattet. Wir bedanken uns f\u00fcr die freundliche Unterst\u00fctzung von OBI. Ma\u00dfe: L 20,5 x B 13 x H 7,5 cm.<\/div>\n<\/div>\n","protected":false},"excerpt":{"rendered":"<p>Produktinformationen &#8222;N OBI Baumarkt&#8220; Der Trend zum Selbermachen und -bauen h\u00e4lt an. Alles was man dazu ben\u00f6tigt, findet man im Baumarkt. Unser OBI-Markt strahlt in den haus\u00fcblichen Farben und es herrscht reges Treiben am Samstagvormittag. Wie, wo, was, wei\u00df eben OBI! Der Bausatz ist mit vielen liebevollen Details ausgestattet. Wir bedanken uns f\u00fcr die freundliche&#8230;<\/p>\n","protected":false},"featured_media":5407,"comment_status":"open","ping_status":"closed","template":"","meta":[],"product_brand":[],"product_cat":[198,38,41,187],"product_tag":[292,291],"class_list":{"0":"post-5406","1":"product","2":"type-product","3":"status-publish","4":"has-post-thumbnail","6":"product_cat-stadt-dorfhaeuser-n","7":"product_cat-unkategorisiert","8":"product_cat-vollmer","9":"product_cat-vollmer-spur-n","10":"product_tag-kein-spielzeug-nicht-geeignet-fuer-kinder-unter-14-jahren","11":"product_tag-warn-und-sicherheitshinweise-modellbauartikel","13":"first","14":"instock","15":"taxable","16":"shipping-taxable","17":"purchasable","18":"product-type-simple"},"jetpack_sharing_enabled":true,"_links":{"self":[{"href":"https:\/\/www.mg-modelleisenbahnbau.de\/startseite-2\/wp-json\/wp\/v2\/product\/5406","targetHints":{"allow":["GET"]}}],"collection":[{"href":"https:\/\/www.mg-modelleisenbahnbau.de\/startseite-2\/wp-json\/wp\/v2\/product"}],"about":[{"href":"https:\/\/www.mg-modelleisenbahnbau.de\/startseite-2\/wp-json\/wp\/v2\/types\/product"}],"replies":[{"embeddable":true,"href":"https:\/\/www.mg-modelleisenbahnbau.de\/startseite-2\/wp-json\/wp\/v2\/comments?post=5406"}],"wp:featuredmedia":[{"embeddable":true,"href":"https:\/\/www.mg-modelleisenbahnbau.de\/startseite-2\/wp-json\/wp\/v2\/media\/5407"}],"wp:attachment":[{"href":"https:\/\/www.mg-modelleisenbahnbau.de\/startseite-2\/wp-json\/wp\/v2\/media?parent=5406"}],"wp:term":[{"taxonomy":"product_brand","embeddable":true,"href":"https:\/\/www.mg-modelleisenbahnbau.de\/startseite-2\/wp-json\/wp\/v2\/product_brand?post=5406"},{"taxonomy":"product_cat","embeddable":true,"href":"https:\/\/www.mg-modelleisenbahnbau.de\/startseite-2\/wp-json\/wp\/v2\/product_cat?post=5406"},{"taxonomy":"product_tag","embeddable":true,"href":"https:\/\/www.mg-modelleisenbahnbau.de\/startseite-2\/wp-json\/wp\/v2\/product_tag?post=5406"}],"curies":[{"name":"wp","href":"https:\/\/api.w.org\/{rel}","templated":true}]}}