{"id":5398,"date":"2020-03-25T17:44:55","date_gmt":"2020-03-25T16:44:55","guid":{"rendered":"http:\/\/www.mg-modelleisenbahnbau.de\/?post_type=product&#038;p=5398"},"modified":"2025-07-01T10:56:57","modified_gmt":"2025-07-01T08:56:57","slug":"47757-n-aral-tankstelle","status":"publish","type":"product","link":"https:\/\/www.mg-modelleisenbahnbau.de\/startseite-2\/produkt\/47757-n-aral-tankstelle\/","title":{"rendered":"47757 N ARAL Tankstelle"},"content":{"rendered":"<div class=\"content--description\">\n<div class=\"content--title\">Produktinformationen &#8222;N ARAL Tankstelle&#8220;<\/div>\n<div class=\"product--description\">An dieser nostalgischen ARAL-Tankstelle mit integrierter Werkstatt herrscht reges Treiben. Man f\u00fchlt sich in die Zeit der 50er und 60er Jahre versetzt. Freundliche Tankwarte sind beim Tanken behilflich und in der Werkstatt wird gleich repariert. Tankstelle mit Zapfs\u00e4ulen, Verkaufs- und Werkstattraum und vielen weiteren Details. Wir bedanken uns f\u00fcr die freundliche Unterst\u00fctzung der BP Deutschland und des Historischen Archivs BP\/ARAL. Ma\u00dfe: L 10 x B 8,5 x H 4 cm.<\/div>\n<\/div>\n","protected":false},"excerpt":{"rendered":"<p>Produktinformationen &#8222;N ARAL Tankstelle&#8220; An dieser nostalgischen ARAL-Tankstelle mit integrierter Werkstatt herrscht reges Treiben. Man f\u00fchlt sich in die Zeit der 50er und 60er Jahre versetzt. Freundliche Tankwarte sind beim Tanken behilflich und in der Werkstatt wird gleich repariert. Tankstelle mit Zapfs\u00e4ulen, Verkaufs- und Werkstattraum und vielen weiteren Details. Wir bedanken uns f\u00fcr die freundliche&#8230;<\/p>\n","protected":false},"featured_media":5399,"comment_status":"open","ping_status":"closed","template":"","meta":[],"product_brand":[],"product_cat":[198,38,41,187],"product_tag":[292,291],"class_list":{"0":"post-5398","1":"product","2":"type-product","3":"status-publish","4":"has-post-thumbnail","6":"product_cat-stadt-dorfhaeuser-n","7":"product_cat-unkategorisiert","8":"product_cat-vollmer","9":"product_cat-vollmer-spur-n","10":"product_tag-kein-spielzeug-nicht-geeignet-fuer-kinder-unter-14-jahren","11":"product_tag-warn-und-sicherheitshinweise-modellbauartikel","13":"first","14":"instock","15":"taxable","16":"shipping-taxable","17":"purchasable","18":"product-type-simple"},"jetpack_sharing_enabled":true,"_links":{"self":[{"href":"https:\/\/www.mg-modelleisenbahnbau.de\/startseite-2\/wp-json\/wp\/v2\/product\/5398","targetHints":{"allow":["GET"]}}],"collection":[{"href":"https:\/\/www.mg-modelleisenbahnbau.de\/startseite-2\/wp-json\/wp\/v2\/product"}],"about":[{"href":"https:\/\/www.mg-modelleisenbahnbau.de\/startseite-2\/wp-json\/wp\/v2\/types\/product"}],"replies":[{"embeddable":true,"href":"https:\/\/www.mg-modelleisenbahnbau.de\/startseite-2\/wp-json\/wp\/v2\/comments?post=5398"}],"wp:featuredmedia":[{"embeddable":true,"href":"https:\/\/www.mg-modelleisenbahnbau.de\/startseite-2\/wp-json\/wp\/v2\/media\/5399"}],"wp:attachment":[{"href":"https:\/\/www.mg-modelleisenbahnbau.de\/startseite-2\/wp-json\/wp\/v2\/media?parent=5398"}],"wp:term":[{"taxonomy":"product_brand","embeddable":true,"href":"https:\/\/www.mg-modelleisenbahnbau.de\/startseite-2\/wp-json\/wp\/v2\/product_brand?post=5398"},{"taxonomy":"product_cat","embeddable":true,"href":"https:\/\/www.mg-modelleisenbahnbau.de\/startseite-2\/wp-json\/wp\/v2\/product_cat?post=5398"},{"taxonomy":"product_tag","embeddable":true,"href":"https:\/\/www.mg-modelleisenbahnbau.de\/startseite-2\/wp-json\/wp\/v2\/product_tag?post=5398"}],"curies":[{"name":"wp","href":"https:\/\/api.w.org\/{rel}","templated":true}]}}