{"id":5341,"date":"2020-03-25T13:24:25","date_gmt":"2020-03-25T12:24:25","guid":{"rendered":"http:\/\/www.mg-modelleisenbahnbau.de\/?post_type=product&#038;p=5341"},"modified":"2025-07-01T11:08:30","modified_gmt":"2025-07-01T09:08:30","slug":"47780-n-feuerwehrstuetzpunkt-fuenfstaendig","status":"publish","type":"product","link":"https:\/\/www.mg-modelleisenbahnbau.de\/startseite-2\/produkt\/47780-n-feuerwehrstuetzpunkt-fuenfstaendig\/","title":{"rendered":"47780 N Feuerwehrst\u00fctzpunkt, f\u00fcnfst\u00e4ndig"},"content":{"rendered":"<div class=\"content--description\">\n<div class=\"content--title\">Produktinformationen &#8222;N Feuerwehrst\u00fctzpunkt, f\u00fcnfst\u00e4ndig&#8220;<\/div>\n<div class=\"product--description\">Ein solcher St\u00fctzpunkt ist auch heute noch in vielen Kleinst\u00e4dten zu finden. Hinter den roten Doppeltoren finden bis zu 5 Einsatzfahrzeuge Platz. Der holzverkleidete Schlauchturm dient zum Trocknen der Schl\u00e4uche nach dem Einsatz. Ma\u00dfe: L 25 x B 9,5 x H 14,5 cm.<\/div>\n<h1><span class=\"delivery--text delivery--text-not-available\" style=\"color: #ff6600;\"><strong>Lieferzeit auf Anfrage<\/strong> <\/span><\/h1>\n<\/div>\n","protected":false},"excerpt":{"rendered":"<p>Produktinformationen &#8222;N Feuerwehrst\u00fctzpunkt, f\u00fcnfst\u00e4ndig&#8220; Ein solcher St\u00fctzpunkt ist auch heute noch in vielen Kleinst\u00e4dten zu finden. Hinter den roten Doppeltoren finden bis zu 5 Einsatzfahrzeuge Platz. Der holzverkleidete Schlauchturm dient zum Trocknen der Schl\u00e4uche nach dem Einsatz. Ma\u00dfe: L 25 x B 9,5 x H 14,5 cm. Lieferzeit auf Anfrage<\/p>\n","protected":false},"featured_media":5343,"comment_status":"open","ping_status":"closed","template":"","meta":[],"product_brand":[],"product_cat":[196,38,41,187],"product_tag":[292,291],"class_list":{"0":"post-5341","1":"product","2":"type-product","3":"status-publish","4":"has-post-thumbnail","6":"product_cat-feuerwehr-polizei-brandgeschehen-n","7":"product_cat-unkategorisiert","8":"product_cat-vollmer","9":"product_cat-vollmer-spur-n","10":"product_tag-kein-spielzeug-nicht-geeignet-fuer-kinder-unter-14-jahren","11":"product_tag-warn-und-sicherheitshinweise-modellbauartikel","13":"first","14":"instock","15":"taxable","16":"shipping-taxable","17":"purchasable","18":"product-type-simple"},"jetpack_sharing_enabled":true,"_links":{"self":[{"href":"https:\/\/www.mg-modelleisenbahnbau.de\/startseite-2\/wp-json\/wp\/v2\/product\/5341","targetHints":{"allow":["GET"]}}],"collection":[{"href":"https:\/\/www.mg-modelleisenbahnbau.de\/startseite-2\/wp-json\/wp\/v2\/product"}],"about":[{"href":"https:\/\/www.mg-modelleisenbahnbau.de\/startseite-2\/wp-json\/wp\/v2\/types\/product"}],"replies":[{"embeddable":true,"href":"https:\/\/www.mg-modelleisenbahnbau.de\/startseite-2\/wp-json\/wp\/v2\/comments?post=5341"}],"wp:featuredmedia":[{"embeddable":true,"href":"https:\/\/www.mg-modelleisenbahnbau.de\/startseite-2\/wp-json\/wp\/v2\/media\/5343"}],"wp:attachment":[{"href":"https:\/\/www.mg-modelleisenbahnbau.de\/startseite-2\/wp-json\/wp\/v2\/media?parent=5341"}],"wp:term":[{"taxonomy":"product_brand","embeddable":true,"href":"https:\/\/www.mg-modelleisenbahnbau.de\/startseite-2\/wp-json\/wp\/v2\/product_brand?post=5341"},{"taxonomy":"product_cat","embeddable":true,"href":"https:\/\/www.mg-modelleisenbahnbau.de\/startseite-2\/wp-json\/wp\/v2\/product_cat?post=5341"},{"taxonomy":"product_tag","embeddable":true,"href":"https:\/\/www.mg-modelleisenbahnbau.de\/startseite-2\/wp-json\/wp\/v2\/product_tag?post=5341"}],"curies":[{"name":"wp","href":"https:\/\/api.w.org\/{rel}","templated":true}]}}