{"id":5287,"date":"2020-03-25T10:06:10","date_gmt":"2020-03-25T09:06:10","guid":{"rendered":"http:\/\/www.mg-modelleisenbahnbau.de\/?post_type=product&#038;p=5287"},"modified":"2025-07-01T09:46:26","modified_gmt":"2025-07-01T07:46:26","slug":"47503-n-gepaeckbahnsteig-fuenfteilig","status":"publish","type":"product","link":"https:\/\/www.mg-modelleisenbahnbau.de\/startseite-2\/produkt\/47503-n-gepaeckbahnsteig-fuenfteilig\/","title":{"rendered":"47503 N Gep\u00e4ckbahnsteig, f\u00fcnfteilig"},"content":{"rendered":"<div class=\"content--description\">\n<div class=\"content--title\">Produktinformationen &#8222;N Gep\u00e4ckbahnsteig, f\u00fcnfteilig&#8220;<\/div>\n<div class=\"product--description\">Ma\u00dfe: L 46 x B 1,5 x H 0,4 cm.<\/div>\n<div><a class=\"product--image\" title=\"N Deko-Set Gep\u00e4ckwagen\" href=\"https:\/\/viessmann-modell.com\/sortiment\/spur-n\/dekoration-und-gestaltung\/1972\/n-deko-set-gepaeckwagen\"> <span class=\"image--element\"> <span class=\"image--media\"> <img title=\"N Deko-Set Gep\u00e4ckwagen \" srcset=\"https:\/\/viessmann-modell.com\/media\/image\/45\/95\/cc\/37530cnOB8UYqaMq5O_200x200.jpg, https:\/\/viessmann-modell.com\/media\/image\/44\/ea\/e3\/37530cnOB8UYqaMq5O_200x200@2x.jpg 2x\" alt=\"N Deko-Set Gep\u00e4ckwagen \" data-extension=\"jpg\" \/><a class=\"product--title\" title=\"N Deko-Set Gep\u00e4ckwagen\" href=\"https:\/\/viessmann-modell.com\/sortiment\/spur-n\/dekoration-und-gestaltung\/1972\/n-deko-set-gepaeckwagen\"> 37530 N Deko-Set Gep\u00e4ckwagen <\/a> <\/span> <\/span> <\/a><\/div>\n<\/div>\n","protected":false},"excerpt":{"rendered":"<p>Produktinformationen &#8222;N Gep\u00e4ckbahnsteig, f\u00fcnfteilig&#8220; Ma\u00dfe: L 46 x B 1,5 x H 0,4 cm. 37530 N Deko-Set Gep\u00e4ckwagen<\/p>\n","protected":false},"featured_media":5288,"comment_status":"open","ping_status":"closed","template":"","meta":[],"product_brand":[],"product_cat":[190,38,41,187],"product_tag":[292,291],"class_list":{"0":"post-5287","1":"product","2":"type-product","3":"status-publish","4":"has-post-thumbnail","6":"product_cat-bahnsteige-n","7":"product_cat-unkategorisiert","8":"product_cat-vollmer","9":"product_cat-vollmer-spur-n","10":"product_tag-kein-spielzeug-nicht-geeignet-fuer-kinder-unter-14-jahren","11":"product_tag-warn-und-sicherheitshinweise-modellbauartikel","13":"first","14":"instock","15":"taxable","16":"shipping-taxable","17":"purchasable","18":"product-type-simple"},"jetpack_sharing_enabled":true,"_links":{"self":[{"href":"https:\/\/www.mg-modelleisenbahnbau.de\/startseite-2\/wp-json\/wp\/v2\/product\/5287","targetHints":{"allow":["GET"]}}],"collection":[{"href":"https:\/\/www.mg-modelleisenbahnbau.de\/startseite-2\/wp-json\/wp\/v2\/product"}],"about":[{"href":"https:\/\/www.mg-modelleisenbahnbau.de\/startseite-2\/wp-json\/wp\/v2\/types\/product"}],"replies":[{"embeddable":true,"href":"https:\/\/www.mg-modelleisenbahnbau.de\/startseite-2\/wp-json\/wp\/v2\/comments?post=5287"}],"wp:featuredmedia":[{"embeddable":true,"href":"https:\/\/www.mg-modelleisenbahnbau.de\/startseite-2\/wp-json\/wp\/v2\/media\/5288"}],"wp:attachment":[{"href":"https:\/\/www.mg-modelleisenbahnbau.de\/startseite-2\/wp-json\/wp\/v2\/media?parent=5287"}],"wp:term":[{"taxonomy":"product_brand","embeddable":true,"href":"https:\/\/www.mg-modelleisenbahnbau.de\/startseite-2\/wp-json\/wp\/v2\/product_brand?post=5287"},{"taxonomy":"product_cat","embeddable":true,"href":"https:\/\/www.mg-modelleisenbahnbau.de\/startseite-2\/wp-json\/wp\/v2\/product_cat?post=5287"},{"taxonomy":"product_tag","embeddable":true,"href":"https:\/\/www.mg-modelleisenbahnbau.de\/startseite-2\/wp-json\/wp\/v2\/product_tag?post=5287"}],"curies":[{"name":"wp","href":"https:\/\/api.w.org\/{rel}","templated":true}]}}