{"id":5271,"date":"2020-03-23T21:29:40","date_gmt":"2020-03-23T20:29:40","guid":{"rendered":"http:\/\/www.mg-modelleisenbahnbau.de\/?post_type=product&#038;p=5271"},"modified":"2025-07-01T11:34:32","modified_gmt":"2025-07-01T09:34:32","slug":"48600-n-tunnelportal-aus-steinkunst-eingleisig","status":"publish","type":"product","link":"https:\/\/www.mg-modelleisenbahnbau.de\/startseite-2\/produkt\/48600-n-tunnelportal-aus-steinkunst-eingleisig\/","title":{"rendered":"48600 N Tunnelportal aus Steinkunst, eingleisig"},"content":{"rendered":"<div class=\"content--description\">\n<div class=\"content--title\">Produktinformationen &#8222;N Tunnelportal aus Steinkunst, eingleisig&#8220;<\/div>\n<div class=\"product--description\">Tunnelportal aus der Steinkunst-Serie. Durch den wetterfesten Sedimentverbundwerkstoff wirkt das Portal wie aus echtem Stein gemei\u00dfelt. Durchfahrtsh\u00f6he: 4,9 cm, Durchfahrtsbreite: 2,6 cm. Ma\u00dfe: L 5,3 x B 0,7 x H 7,2 cm.<\/div>\n<\/div>\n","protected":false},"excerpt":{"rendered":"<p>Produktinformationen &#8222;N Tunnelportal aus Steinkunst, eingleisig&#8220; Tunnelportal aus der Steinkunst-Serie. Durch den wetterfesten Sedimentverbundwerkstoff wirkt das Portal wie aus echtem Stein gemei\u00dfelt. Durchfahrtsh\u00f6he: 4,9 cm, Durchfahrtsbreite: 2,6 cm. Ma\u00dfe: L 5,3 x B 0,7 x H 7,2 cm.<\/p>\n","protected":false},"featured_media":5272,"comment_status":"open","ping_status":"closed","template":"","meta":[],"product_brand":[],"product_cat":[188,38,41,187],"product_tag":[292,291],"class_list":{"0":"post-5271","1":"product","2":"type-product","3":"status-publish","4":"has-post-thumbnail","6":"product_cat-steinkunst-spur-n","7":"product_cat-unkategorisiert","8":"product_cat-vollmer","9":"product_cat-vollmer-spur-n","10":"product_tag-kein-spielzeug-nicht-geeignet-fuer-kinder-unter-14-jahren","11":"product_tag-warn-und-sicherheitshinweise-modellbauartikel","13":"first","14":"instock","15":"taxable","16":"shipping-taxable","17":"purchasable","18":"product-type-simple"},"jetpack_sharing_enabled":true,"_links":{"self":[{"href":"https:\/\/www.mg-modelleisenbahnbau.de\/startseite-2\/wp-json\/wp\/v2\/product\/5271","targetHints":{"allow":["GET"]}}],"collection":[{"href":"https:\/\/www.mg-modelleisenbahnbau.de\/startseite-2\/wp-json\/wp\/v2\/product"}],"about":[{"href":"https:\/\/www.mg-modelleisenbahnbau.de\/startseite-2\/wp-json\/wp\/v2\/types\/product"}],"replies":[{"embeddable":true,"href":"https:\/\/www.mg-modelleisenbahnbau.de\/startseite-2\/wp-json\/wp\/v2\/comments?post=5271"}],"wp:featuredmedia":[{"embeddable":true,"href":"https:\/\/www.mg-modelleisenbahnbau.de\/startseite-2\/wp-json\/wp\/v2\/media\/5272"}],"wp:attachment":[{"href":"https:\/\/www.mg-modelleisenbahnbau.de\/startseite-2\/wp-json\/wp\/v2\/media?parent=5271"}],"wp:term":[{"taxonomy":"product_brand","embeddable":true,"href":"https:\/\/www.mg-modelleisenbahnbau.de\/startseite-2\/wp-json\/wp\/v2\/product_brand?post=5271"},{"taxonomy":"product_cat","embeddable":true,"href":"https:\/\/www.mg-modelleisenbahnbau.de\/startseite-2\/wp-json\/wp\/v2\/product_cat?post=5271"},{"taxonomy":"product_tag","embeddable":true,"href":"https:\/\/www.mg-modelleisenbahnbau.de\/startseite-2\/wp-json\/wp\/v2\/product_tag?post=5271"}],"curies":[{"name":"wp","href":"https:\/\/api.w.org\/{rel}","templated":true}]}}