{"id":5269,"date":"2020-03-23T21:28:08","date_gmt":"2020-03-23T20:28:08","guid":{"rendered":"http:\/\/www.mg-modelleisenbahnbau.de\/?post_type=product&#038;p=5269"},"modified":"2026-02-08T20:54:12","modified_gmt":"2026-02-08T19:54:12","slug":"48601-n-stuetzwand-aus-steinkunst-passend-zu-48600-2-stueck","status":"publish","type":"product","link":"https:\/\/www.mg-modelleisenbahnbau.de\/startseite-2\/produkt\/48601-n-stuetzwand-aus-steinkunst-passend-zu-48600-2-stueck\/","title":{"rendered":"48601 N St\u00fctzwand aus Steinkunst, passend zu 48600, 2 St\u00fcck"},"content":{"rendered":"<div class=\"content--description\">\n<div class=\"content--title\">Produktinformationen &#8222;N St\u00fctzwand aus Steinkunst, passend zu 48600, 2 St\u00fcck&#8220;<\/div>\n<div class=\"product--description\">Diese St\u00fctzw\u00e4nde aus der Steinkunst-Serie erweitern das Tunnelportal Art. 48600 nach rechts und links. So entsteht eine realistische Tunneleinfahrt wie aus echtem Stein. Ma\u00dfe: L 7,5 x B 0,5 x H 6 cm.<\/div>\n<\/div>\n","protected":false},"excerpt":{"rendered":"<p>Produktinformationen &#8222;N St\u00fctzwand aus Steinkunst, passend zu 48600, 2 St\u00fcck&#8220; Diese St\u00fctzw\u00e4nde aus der Steinkunst-Serie erweitern das Tunnelportal Art. 48600 nach rechts und links. So entsteht eine realistische Tunneleinfahrt wie aus echtem Stein. Ma\u00dfe: L 7,5 x B 0,5 x H 6 cm.<\/p>\n","protected":false},"featured_media":5270,"comment_status":"open","ping_status":"closed","template":"","meta":[],"product_brand":[],"product_cat":[188,38,41,187],"product_tag":[292,291],"class_list":{"0":"post-5269","1":"product","2":"type-product","3":"status-publish","4":"has-post-thumbnail","6":"product_cat-steinkunst-spur-n","7":"product_cat-unkategorisiert","8":"product_cat-vollmer","9":"product_cat-vollmer-spur-n","10":"product_tag-kein-spielzeug-nicht-geeignet-fuer-kinder-unter-14-jahren","11":"product_tag-warn-und-sicherheitshinweise-modellbauartikel","13":"first","14":"instock","15":"taxable","16":"shipping-taxable","17":"purchasable","18":"product-type-simple"},"jetpack_sharing_enabled":true,"_links":{"self":[{"href":"https:\/\/www.mg-modelleisenbahnbau.de\/startseite-2\/wp-json\/wp\/v2\/product\/5269","targetHints":{"allow":["GET"]}}],"collection":[{"href":"https:\/\/www.mg-modelleisenbahnbau.de\/startseite-2\/wp-json\/wp\/v2\/product"}],"about":[{"href":"https:\/\/www.mg-modelleisenbahnbau.de\/startseite-2\/wp-json\/wp\/v2\/types\/product"}],"replies":[{"embeddable":true,"href":"https:\/\/www.mg-modelleisenbahnbau.de\/startseite-2\/wp-json\/wp\/v2\/comments?post=5269"}],"wp:featuredmedia":[{"embeddable":true,"href":"https:\/\/www.mg-modelleisenbahnbau.de\/startseite-2\/wp-json\/wp\/v2\/media\/5270"}],"wp:attachment":[{"href":"https:\/\/www.mg-modelleisenbahnbau.de\/startseite-2\/wp-json\/wp\/v2\/media?parent=5269"}],"wp:term":[{"taxonomy":"product_brand","embeddable":true,"href":"https:\/\/www.mg-modelleisenbahnbau.de\/startseite-2\/wp-json\/wp\/v2\/product_brand?post=5269"},{"taxonomy":"product_cat","embeddable":true,"href":"https:\/\/www.mg-modelleisenbahnbau.de\/startseite-2\/wp-json\/wp\/v2\/product_cat?post=5269"},{"taxonomy":"product_tag","embeddable":true,"href":"https:\/\/www.mg-modelleisenbahnbau.de\/startseite-2\/wp-json\/wp\/v2\/product_tag?post=5269"}],"curies":[{"name":"wp","href":"https:\/\/api.w.org\/{rel}","templated":true}]}}