{"id":5263,"date":"2020-03-23T21:17:16","date_gmt":"2020-03-23T20:17:16","guid":{"rendered":"http:\/\/www.mg-modelleisenbahnbau.de\/?post_type=product&#038;p=5263"},"modified":"2026-02-08T20:54:13","modified_gmt":"2026-02-08T19:54:13","slug":"48722-0-mauerplatte-ziegel-aus-steinkunst-gealtert-l-535-x-b-16-cm","status":"publish","type":"product","link":"https:\/\/www.mg-modelleisenbahnbau.de\/startseite-2\/produkt\/48722-0-mauerplatte-ziegel-aus-steinkunst-gealtert-l-535-x-b-16-cm\/","title":{"rendered":"48722 0 Mauerplatte Ziegel aus Steinkunst, gealtert, L 53,5 x B 16 cm"},"content":{"rendered":"<div class=\"content--description\">\n<div class=\"content--title\">Produktinformationen &#8222;0 Mauerplatte Ziegel aus Steinkunst, gealtert, L 53,5 x B 16 cm&#8220;<\/div>\n<div class=\"product--description\">Die Mauerplatten aus der Steinkunst-Serie bestehen aus wetterfestem Sedimentverbundwerkstoff. Dieser Werkstoff erzeugt eine un\u00fcbertroffen realistische Steinoberfl\u00e4che. Aufgrund der zweifarbigen Gestaltung, heben sich die Fugen optisch ab. Die Platten sind flexibel und einfach mit einem Cutter-Messer zuschneidbar. Eine realistische, gealterte Oberfl\u00e4che erh\u00e4lt diese Mauerplatte durch einige gebrochene und unvollst\u00e4ndige Ziegelsteine.<\/div>\n<h1><span class=\"delivery--text delivery--text-not-available\" style=\"color: #ff6600;\"><strong>Lieferzeit auf Anfrage<\/strong> <\/span><\/h1>\n<\/div>\n","protected":false},"excerpt":{"rendered":"<p>Produktinformationen &#8222;0 Mauerplatte Ziegel aus Steinkunst, gealtert, L 53,5 x B 16 cm&#8220; Die Mauerplatten aus der Steinkunst-Serie bestehen aus wetterfestem Sedimentverbundwerkstoff. Dieser Werkstoff erzeugt eine un\u00fcbertroffen realistische Steinoberfl\u00e4che. Aufgrund der zweifarbigen Gestaltung, heben sich die Fugen optisch ab. Die Platten sind flexibel und einfach mit einem Cutter-Messer zuschneidbar. Eine realistische, gealterte Oberfl\u00e4che erh\u00e4lt diese&#8230;<\/p>\n","protected":false},"featured_media":5264,"comment_status":"open","ping_status":"closed","template":"","meta":[],"product_brand":[],"product_cat":[183,38,41,180],"product_tag":[292,291],"class_list":{"0":"post-5263","1":"product","2":"type-product","3":"status-publish","4":"has-post-thumbnail","6":"product_cat-steinkunst-0-vollmer-spur-0","7":"product_cat-unkategorisiert","8":"product_cat-vollmer","9":"product_cat-vollmer-spur-0","10":"product_tag-kein-spielzeug-nicht-geeignet-fuer-kinder-unter-14-jahren","11":"product_tag-warn-und-sicherheitshinweise-modellbauartikel","13":"first","14":"instock","15":"taxable","16":"shipping-taxable","17":"purchasable","18":"product-type-simple"},"jetpack_sharing_enabled":true,"_links":{"self":[{"href":"https:\/\/www.mg-modelleisenbahnbau.de\/startseite-2\/wp-json\/wp\/v2\/product\/5263","targetHints":{"allow":["GET"]}}],"collection":[{"href":"https:\/\/www.mg-modelleisenbahnbau.de\/startseite-2\/wp-json\/wp\/v2\/product"}],"about":[{"href":"https:\/\/www.mg-modelleisenbahnbau.de\/startseite-2\/wp-json\/wp\/v2\/types\/product"}],"replies":[{"embeddable":true,"href":"https:\/\/www.mg-modelleisenbahnbau.de\/startseite-2\/wp-json\/wp\/v2\/comments?post=5263"}],"wp:featuredmedia":[{"embeddable":true,"href":"https:\/\/www.mg-modelleisenbahnbau.de\/startseite-2\/wp-json\/wp\/v2\/media\/5264"}],"wp:attachment":[{"href":"https:\/\/www.mg-modelleisenbahnbau.de\/startseite-2\/wp-json\/wp\/v2\/media?parent=5263"}],"wp:term":[{"taxonomy":"product_brand","embeddable":true,"href":"https:\/\/www.mg-modelleisenbahnbau.de\/startseite-2\/wp-json\/wp\/v2\/product_brand?post=5263"},{"taxonomy":"product_cat","embeddable":true,"href":"https:\/\/www.mg-modelleisenbahnbau.de\/startseite-2\/wp-json\/wp\/v2\/product_cat?post=5263"},{"taxonomy":"product_tag","embeddable":true,"href":"https:\/\/www.mg-modelleisenbahnbau.de\/startseite-2\/wp-json\/wp\/v2\/product_tag?post=5263"}],"curies":[{"name":"wp","href":"https:\/\/api.w.org\/{rel}","templated":true}]}}