{"id":5249,"date":"2020-03-23T21:05:07","date_gmt":"2020-03-23T20:05:07","guid":{"rendered":"http:\/\/www.mg-modelleisenbahnbau.de\/?post_type=product&#038;p=5249"},"modified":"2026-02-08T20:54:14","modified_gmt":"2026-02-08T19:54:14","slug":"48727-0-polygonalplatte-aus-steinkunst-mediterran-l-555-x-b-16","status":"publish","type":"product","link":"https:\/\/www.mg-modelleisenbahnbau.de\/startseite-2\/produkt\/48727-0-polygonalplatte-aus-steinkunst-mediterran-l-555-x-b-16\/","title":{"rendered":"48727 0 Polygonalplatte aus Steinkunst, mediterran L 55,5 x B 16"},"content":{"rendered":"<div class=\"content--description\">\n<div class=\"content--title\">Produktinformationen &#8222;0 Polygonalplatte aus Steinkunst, mediterran L 55,5 x B 16 cm&#8220;<\/div>\n<div class=\"product--description\">Die Polygonalplatten aus der Steinkunst-Serie bestehen aus wetterfestem Mineralverbundwerkstoff. Dieser Werkstoff erzeugt eine un\u00fcbertroffen realistische Steinoberfl\u00e4che. Die Platten k\u00f6nnen ohne sichtbare Fugen nahtlos aneinandergef\u00fcgt werden. Sie sind flexibel und einfach mit einem Cutter-Messer zuschneidbar. Ma\u00dfe: L 55,5 x B 16 cm.<\/div>\n<\/div>\n","protected":false},"excerpt":{"rendered":"<p>Produktinformationen &#8222;0 Polygonalplatte aus Steinkunst, mediterran L 55,5 x B 16 cm&#8220; Die Polygonalplatten aus der Steinkunst-Serie bestehen aus wetterfestem Mineralverbundwerkstoff. Dieser Werkstoff erzeugt eine un\u00fcbertroffen realistische Steinoberfl\u00e4che. Die Platten k\u00f6nnen ohne sichtbare Fugen nahtlos aneinandergef\u00fcgt werden. Sie sind flexibel und einfach mit einem Cutter-Messer zuschneidbar. Ma\u00dfe: L 55,5 x B 16 cm.<\/p>\n","protected":false},"featured_media":5250,"comment_status":"open","ping_status":"closed","template":"","meta":[],"product_brand":[],"product_cat":[183,38,41,180],"product_tag":[292,291],"class_list":{"0":"post-5249","1":"product","2":"type-product","3":"status-publish","4":"has-post-thumbnail","6":"product_cat-steinkunst-0-vollmer-spur-0","7":"product_cat-unkategorisiert","8":"product_cat-vollmer","9":"product_cat-vollmer-spur-0","10":"product_tag-kein-spielzeug-nicht-geeignet-fuer-kinder-unter-14-jahren","11":"product_tag-warn-und-sicherheitshinweise-modellbauartikel","13":"first","14":"instock","15":"taxable","16":"shipping-taxable","17":"purchasable","18":"product-type-simple"},"jetpack_sharing_enabled":true,"_links":{"self":[{"href":"https:\/\/www.mg-modelleisenbahnbau.de\/startseite-2\/wp-json\/wp\/v2\/product\/5249","targetHints":{"allow":["GET"]}}],"collection":[{"href":"https:\/\/www.mg-modelleisenbahnbau.de\/startseite-2\/wp-json\/wp\/v2\/product"}],"about":[{"href":"https:\/\/www.mg-modelleisenbahnbau.de\/startseite-2\/wp-json\/wp\/v2\/types\/product"}],"replies":[{"embeddable":true,"href":"https:\/\/www.mg-modelleisenbahnbau.de\/startseite-2\/wp-json\/wp\/v2\/comments?post=5249"}],"wp:featuredmedia":[{"embeddable":true,"href":"https:\/\/www.mg-modelleisenbahnbau.de\/startseite-2\/wp-json\/wp\/v2\/media\/5250"}],"wp:attachment":[{"href":"https:\/\/www.mg-modelleisenbahnbau.de\/startseite-2\/wp-json\/wp\/v2\/media?parent=5249"}],"wp:term":[{"taxonomy":"product_brand","embeddable":true,"href":"https:\/\/www.mg-modelleisenbahnbau.de\/startseite-2\/wp-json\/wp\/v2\/product_brand?post=5249"},{"taxonomy":"product_cat","embeddable":true,"href":"https:\/\/www.mg-modelleisenbahnbau.de\/startseite-2\/wp-json\/wp\/v2\/product_cat?post=5249"},{"taxonomy":"product_tag","embeddable":true,"href":"https:\/\/www.mg-modelleisenbahnbau.de\/startseite-2\/wp-json\/wp\/v2\/product_tag?post=5249"}],"curies":[{"name":"wp","href":"https:\/\/api.w.org\/{rel}","templated":true}]}}