{"id":5194,"date":"2020-03-23T10:42:25","date_gmt":"2020-03-23T09:42:25","guid":{"rendered":"http:\/\/www.mg-modelleisenbahnbau.de\/?post_type=product&#038;p=5194"},"modified":"2025-06-29T17:32:36","modified_gmt":"2025-06-29T15:32:36","slug":"1542-h0-feuerwehrmaenner-beim-loeschangriff","status":"publish","type":"product","link":"https:\/\/www.mg-modelleisenbahnbau.de\/startseite-2\/produkt\/1542-h0-feuerwehrmaenner-beim-loeschangriff\/","title":{"rendered":"1542 H0 Feuerwehrm\u00e4nner beim L\u00f6schangriff"},"content":{"rendered":"<div class=\"content--description\">\n<div class=\"content--title\">Produktinformationen &#8222;H0 Feuerwehrm\u00e4nner beim L\u00f6schangriff&#8220;<\/div>\n<div class=\"product--description\">Die t\u00e4uschend echte Imitation des Wasserstrahls wird durch ein sich drehendes Element im Schlauch erzeugt. Der Schlauch ist biegsam und erlaubt daher einen sehr flexiblen Einsatz. Die Figur ist die ideale Erg\u00e4nzung zu den Viessmann Feuerwehrfahrzeugen Art. 1141 und 1125. Der Antrieb befindet sich am Ende des Schlauchs und wird im Geb\u00e4ude montiert.<\/div>\n<\/div>\n","protected":false},"excerpt":{"rendered":"<p>Produktinformationen &#8222;H0 Feuerwehrm\u00e4nner beim L\u00f6schangriff&#8220; Die t\u00e4uschend echte Imitation des Wasserstrahls wird durch ein sich drehendes Element im Schlauch erzeugt. Der Schlauch ist biegsam und erlaubt daher einen sehr flexiblen Einsatz. Die Figur ist die ideale Erg\u00e4nzung zu den Viessmann Feuerwehrfahrzeugen Art. 1141 und 1125. Der Antrieb befindet sich am Ende des Schlauchs und wird&#8230;<\/p>\n","protected":false},"featured_media":5195,"comment_status":"open","ping_status":"closed","template":"","meta":[],"product_brand":[],"product_cat":[129,38,37,124],"product_tag":[292,291],"class_list":{"0":"post-5194","1":"product","2":"type-product","3":"status-publish","4":"has-post-thumbnail","6":"product_cat-emotion-h0","7":"product_cat-unkategorisiert","8":"product_cat-viessmann","9":"product_cat-viessmann-spur-h0","10":"product_tag-kein-spielzeug-nicht-geeignet-fuer-kinder-unter-14-jahren","11":"product_tag-warn-und-sicherheitshinweise-modellbauartikel","13":"first","14":"instock","15":"taxable","16":"shipping-taxable","17":"purchasable","18":"product-type-simple"},"jetpack_sharing_enabled":true,"_links":{"self":[{"href":"https:\/\/www.mg-modelleisenbahnbau.de\/startseite-2\/wp-json\/wp\/v2\/product\/5194","targetHints":{"allow":["GET"]}}],"collection":[{"href":"https:\/\/www.mg-modelleisenbahnbau.de\/startseite-2\/wp-json\/wp\/v2\/product"}],"about":[{"href":"https:\/\/www.mg-modelleisenbahnbau.de\/startseite-2\/wp-json\/wp\/v2\/types\/product"}],"replies":[{"embeddable":true,"href":"https:\/\/www.mg-modelleisenbahnbau.de\/startseite-2\/wp-json\/wp\/v2\/comments?post=5194"}],"wp:featuredmedia":[{"embeddable":true,"href":"https:\/\/www.mg-modelleisenbahnbau.de\/startseite-2\/wp-json\/wp\/v2\/media\/5195"}],"wp:attachment":[{"href":"https:\/\/www.mg-modelleisenbahnbau.de\/startseite-2\/wp-json\/wp\/v2\/media?parent=5194"}],"wp:term":[{"taxonomy":"product_brand","embeddable":true,"href":"https:\/\/www.mg-modelleisenbahnbau.de\/startseite-2\/wp-json\/wp\/v2\/product_brand?post=5194"},{"taxonomy":"product_cat","embeddable":true,"href":"https:\/\/www.mg-modelleisenbahnbau.de\/startseite-2\/wp-json\/wp\/v2\/product_cat?post=5194"},{"taxonomy":"product_tag","embeddable":true,"href":"https:\/\/www.mg-modelleisenbahnbau.de\/startseite-2\/wp-json\/wp\/v2\/product_tag?post=5194"}],"curies":[{"name":"wp","href":"https:\/\/api.w.org\/{rel}","templated":true}]}}