{"id":5178,"date":"2020-03-23T09:58:46","date_gmt":"2020-03-23T08:58:46","guid":{"rendered":"http:\/\/www.mg-modelleisenbahnbau.de\/?post_type=product&#038;p=5178"},"modified":"2025-06-29T17:32:43","modified_gmt":"2025-06-29T15:32:43","slug":"1580-h0-hirsch-mit-bewegtem-kopf","status":"publish","type":"product","link":"https:\/\/www.mg-modelleisenbahnbau.de\/startseite-2\/produkt\/1580-h0-hirsch-mit-bewegtem-kopf\/","title":{"rendered":"1580 H0 Hirsch mit bewegtem Kopf"},"content":{"rendered":"<div class=\"content--description\">\n<div class=\"content--title\">Produktinformationen &#8222;H0 Hirsch mit bewegtem Kopf&#8220;<\/div>\n<div class=\"product--description\">Achtung \u2013<a class=\"product--image\" title=\"H0 J\u00e4ger mit Gewehr und M\u00fcndungsfeuer\" href=\"https:\/\/viessmann-modell.com\/sortiment\/spur-h0\/emotion\/602\/h0-jaeger-mit-gewehr-und-muendungsfeuer\">\u00a0   <\/a> lebende Tiere! Der Hirsch schwenkt den Kopf. Passt perfekt zum Art. 1529 H0 J\u00e4ger mit Gewehr und M\u00fcndungsfeuer. Einbautiefe: 39 mm.<\/div>\n<div>\n<div class=\"content--description\">\n<div class=\"product--description\"><a class=\"product--image\" title=\"H0 J\u00e4ger mit Gewehr und M\u00fcndungsfeuer\" href=\"https:\/\/viessmann-modell.com\/sortiment\/spur-h0\/emotion\/602\/h0-jaeger-mit-gewehr-und-muendungsfeuer\"> <span class=\"image--element\"> <span class=\"image--media\"> <a class=\"product--title\" title=\"H0 J\u00e4ger mit Gewehr und M\u00fcndungsfeuer\" href=\"https:\/\/viessmann-modell.com\/sortiment\/spur-h0\/emotion\/602\/h0-jaeger-mit-gewehr-und-muendungsfeuer\"> 1529 H0 J\u00e4ger mit Gewehr und M\u00fcndungsfeuer <\/a><img title=\"H0 J\u00e4ger mit Gewehr und M\u00fcndungsfeuer\" srcset=\"https:\/\/viessmann-modell.com\/media\/image\/c4\/58\/73\/1529NfH9sUwY1ZXY3_200x200.jpg, https:\/\/viessmann-modell.com\/media\/image\/52\/21\/f1\/1529NfH9sUwY1ZXY3_200x200@2x.jpg 2x\" alt=\"H0 J\u00e4ger mit Gewehr und M\u00fcndungsfeuer\" data-extension=\"jpg\" \/> <\/span> <\/span> <\/a><\/div>\n<\/div>\n<\/div>\n<\/div>\n","protected":false},"excerpt":{"rendered":"<p>Produktinformationen &#8222;H0 Hirsch mit bewegtem Kopf&#8220; Achtung \u2013\u00a0 lebende Tiere! Der Hirsch schwenkt den Kopf. Passt perfekt zum Art. 1529 H0 J\u00e4ger mit Gewehr und M\u00fcndungsfeuer. Einbautiefe: 39 mm. 1529 H0 J\u00e4ger mit Gewehr und M\u00fcndungsfeuer<\/p>\n","protected":false},"featured_media":5179,"comment_status":"open","ping_status":"closed","template":"","meta":[],"product_brand":[],"product_cat":[129,38,37,124],"product_tag":[292,291],"class_list":{"0":"post-5178","1":"product","2":"type-product","3":"status-publish","4":"has-post-thumbnail","6":"product_cat-emotion-h0","7":"product_cat-unkategorisiert","8":"product_cat-viessmann","9":"product_cat-viessmann-spur-h0","10":"product_tag-kein-spielzeug-nicht-geeignet-fuer-kinder-unter-14-jahren","11":"product_tag-warn-und-sicherheitshinweise-modellbauartikel","13":"first","14":"instock","15":"taxable","16":"shipping-taxable","17":"purchasable","18":"product-type-simple"},"jetpack_sharing_enabled":true,"_links":{"self":[{"href":"https:\/\/www.mg-modelleisenbahnbau.de\/startseite-2\/wp-json\/wp\/v2\/product\/5178","targetHints":{"allow":["GET"]}}],"collection":[{"href":"https:\/\/www.mg-modelleisenbahnbau.de\/startseite-2\/wp-json\/wp\/v2\/product"}],"about":[{"href":"https:\/\/www.mg-modelleisenbahnbau.de\/startseite-2\/wp-json\/wp\/v2\/types\/product"}],"replies":[{"embeddable":true,"href":"https:\/\/www.mg-modelleisenbahnbau.de\/startseite-2\/wp-json\/wp\/v2\/comments?post=5178"}],"wp:featuredmedia":[{"embeddable":true,"href":"https:\/\/www.mg-modelleisenbahnbau.de\/startseite-2\/wp-json\/wp\/v2\/media\/5179"}],"wp:attachment":[{"href":"https:\/\/www.mg-modelleisenbahnbau.de\/startseite-2\/wp-json\/wp\/v2\/media?parent=5178"}],"wp:term":[{"taxonomy":"product_brand","embeddable":true,"href":"https:\/\/www.mg-modelleisenbahnbau.de\/startseite-2\/wp-json\/wp\/v2\/product_brand?post=5178"},{"taxonomy":"product_cat","embeddable":true,"href":"https:\/\/www.mg-modelleisenbahnbau.de\/startseite-2\/wp-json\/wp\/v2\/product_cat?post=5178"},{"taxonomy":"product_tag","embeddable":true,"href":"https:\/\/www.mg-modelleisenbahnbau.de\/startseite-2\/wp-json\/wp\/v2\/product_tag?post=5178"}],"curies":[{"name":"wp","href":"https:\/\/api.w.org\/{rel}","templated":true}]}}