{"id":5155,"date":"2020-03-21T21:06:36","date_gmt":"2020-03-21T20:06:36","guid":{"rendered":"http:\/\/www.mg-modelleisenbahnbau.de\/?post_type=product&#038;p=5155"},"modified":"2025-06-29T21:52:56","modified_gmt":"2025-06-29T19:52:56","slug":"4567-tt-motorischer-weichenantrieb-fuer-tillig-bettungsweiche-ersetzt-4557","status":"publish","type":"product","link":"https:\/\/www.mg-modelleisenbahnbau.de\/startseite-2\/produkt\/4567-tt-motorischer-weichenantrieb-fuer-tillig-bettungsweiche-ersetzt-4557\/","title":{"rendered":"4567 TT Motorischer Weichenantrieb f\u00fcr Tillig-Bettungsweiche &#8211; ersetzt 4557"},"content":{"rendered":"<div class=\"content--description\">\n<div class=\"content--title\">Produktinformationen &#8222;TT Motorischer Weichenantrieb f\u00fcr Tillig-Bettungsweiche &#8211; ersetzt 4557&#8220;<\/div>\n<div class=\"product--description\">Dieser spezielle Weichenantrieb ist ein kraftvoller, ger\u00e4uscharmer Antrieb mit zugeh\u00f6rigem Digitaldecoder zum Einbau in TT-Bettungsweichen. Der Decoder befindet sich als Baugruppe im Kabel, daher ist der Antrieb besonders kompakt. Der Weichenantrieb zeichnet sich durch vorbildgerecht langsame Bewegung der Weichenzungen aus. Geschwindigkeit und Bewegungsablauf sind elektronisch gesteuert und gew\u00e4hrleisten einen feinf\u00fchligen Antrieb. Wenn aufgrund der Eigenschaften Ihrer Weiche die Bewegungsrichtung nicht mit der Schaltrichtung auf Ihrem Eingabeger\u00e4t \u00fcbereinstimmt, k\u00f6nnen Sie im Digitalbetrieb die Stellrichtung des Antriebs invertieren. Der zugeh\u00f6rige Decoder versteht die Formate M\u00e4rklin-Motorola und DCC und kann die angeforderte Soll-Stellung oder die Ist-Stellung per RailCom an geeignete Digitalzentralen, z. B. Viessmann Commander Art. 5300\/5320, zur\u00fcckmelden. Er kann aber auch analog betrieben werden. Zus\u00e4tzliche Schaltausg\u00e4nge f\u00fcr konventionelle Stellungsr\u00fcckmeldung und Herzst\u00fcckpolarisation vervollst\u00e4ndigen den Funktionsumfang. Deren Funktion ist konfigurierbar.<\/p>\n<p>Tillig TT Weichen (Bettungsweiche 15\u00b0):<br \/>\n83816 Weiche, rechts mit Handantrieb (EW-re)<br \/>\n83817 Weiche, links mit Handantrieb (EW-li)<br \/>\n83818 Weiche, rechts mit Elektroantrieb (EW-re)<br \/>\n83819 Weiche, links mit Elektroantrieb (EW-li)<br \/>\n83861 B-Innenbogenweiche, rechts (BIB-W-re)<br \/>\n83862 B-Innenbogenweiche, links (BIBW-li)<\/p><\/div>\n<\/div>\n<h1><span class=\"delivery--text delivery--text-not-available\" style=\"color: #ff6600;\"><strong>Lieferzeit auf Anfrage<\/strong> <\/span><\/h1>\n","protected":false},"excerpt":{"rendered":"<p>Produktinformationen &#8222;TT Motorischer Weichenantrieb f\u00fcr Tillig-Bettungsweiche &#8211; ersetzt 4557&#8220; Dieser spezielle Weichenantrieb ist ein kraftvoller, ger\u00e4uscharmer Antrieb mit zugeh\u00f6rigem Digitaldecoder zum Einbau in TT-Bettungsweichen. Der Decoder befindet sich als Baugruppe im Kabel, daher ist der Antrieb besonders kompakt. Der Weichenantrieb zeichnet sich durch vorbildgerecht langsame Bewegung der Weichenzungen aus. Geschwindigkeit und Bewegungsablauf sind elektronisch gesteuert&#8230;<\/p>\n","protected":false},"featured_media":5156,"comment_status":"open","ping_status":"closed","template":"","meta":[],"product_brand":[],"product_cat":[137,38,37,131],"product_tag":[292,291],"class_list":{"0":"post-5155","1":"product","2":"type-product","3":"status-publish","4":"has-post-thumbnail","6":"product_cat-bahnzubehoer-tt","7":"product_cat-unkategorisiert","8":"product_cat-viessmann","9":"product_cat-viessmann-spur-tt","10":"product_tag-kein-spielzeug-nicht-geeignet-fuer-kinder-unter-14-jahren","11":"product_tag-warn-und-sicherheitshinweise-modellbauartikel","13":"first","14":"instock","15":"taxable","16":"shipping-taxable","17":"purchasable","18":"product-type-simple"},"jetpack_sharing_enabled":true,"_links":{"self":[{"href":"https:\/\/www.mg-modelleisenbahnbau.de\/startseite-2\/wp-json\/wp\/v2\/product\/5155","targetHints":{"allow":["GET"]}}],"collection":[{"href":"https:\/\/www.mg-modelleisenbahnbau.de\/startseite-2\/wp-json\/wp\/v2\/product"}],"about":[{"href":"https:\/\/www.mg-modelleisenbahnbau.de\/startseite-2\/wp-json\/wp\/v2\/types\/product"}],"replies":[{"embeddable":true,"href":"https:\/\/www.mg-modelleisenbahnbau.de\/startseite-2\/wp-json\/wp\/v2\/comments?post=5155"}],"wp:featuredmedia":[{"embeddable":true,"href":"https:\/\/www.mg-modelleisenbahnbau.de\/startseite-2\/wp-json\/wp\/v2\/media\/5156"}],"wp:attachment":[{"href":"https:\/\/www.mg-modelleisenbahnbau.de\/startseite-2\/wp-json\/wp\/v2\/media?parent=5155"}],"wp:term":[{"taxonomy":"product_brand","embeddable":true,"href":"https:\/\/www.mg-modelleisenbahnbau.de\/startseite-2\/wp-json\/wp\/v2\/product_brand?post=5155"},{"taxonomy":"product_cat","embeddable":true,"href":"https:\/\/www.mg-modelleisenbahnbau.de\/startseite-2\/wp-json\/wp\/v2\/product_cat?post=5155"},{"taxonomy":"product_tag","embeddable":true,"href":"https:\/\/www.mg-modelleisenbahnbau.de\/startseite-2\/wp-json\/wp\/v2\/product_tag?post=5155"}],"curies":[{"name":"wp","href":"https:\/\/api.w.org\/{rel}","templated":true}]}}