{"id":5153,"date":"2020-03-21T21:00:15","date_gmt":"2020-03-21T20:00:15","guid":{"rendered":"http:\/\/www.mg-modelleisenbahnbau.de\/?post_type=product&#038;p=5153"},"modified":"2025-06-29T22:14:52","modified_gmt":"2025-06-29T20:14:52","slug":"50505-tt-waggon-innenbeleuchtung-8-leds-warmweiss","status":"publish","type":"product","link":"https:\/\/www.mg-modelleisenbahnbau.de\/startseite-2\/produkt\/50505-tt-waggon-innenbeleuchtung-8-leds-warmweiss\/","title":{"rendered":"50505 TT Waggon-Innenbeleuchtung, 8 LEDs warmwei\u00df"},"content":{"rendered":"<div class=\"content--description\">\n<div class=\"content--title\">Produktinformationen &#8222;TT Waggon-Innenbeleuchtung, 8 LEDs warmwei\u00df&#8220;<\/div>\n<div class=\"product--description\">Mehrfach k\u00fcrzbare Innenbeleuchtung mit wartungsfreien, stromsparenden LEDs und wei\u00dfem Licht. Helligkeit durch Potentiometer einstellbar. Zus\u00e4tzlich sind 2 L\u00f6tpads f\u00fcr Zugschlussbeleuchtung enthalten. Geeignet f\u00fcr Waggons<br \/>\naller Hersteller, die f\u00fcr Beleuchtung vorgesehen sind. Befestigung der Platinen unter dem Waggondach. Durch K\u00fcrzen k\u00f6nnen die Platinen auf jede Waggonl\u00e4nge angepasst werden. Flackerschutz und Konstantstromquelle f\u00fcr gleichbleibend helles Licht integriert. Die Stromversorgung erfolgt durch am Waggon vorhandene Schleifer\/Kontakts\u00e4tze oder durch stromf\u00fchrende Kupplungen. F\u00fcr Gleich-, Wechsel- und Digitalstrom geeignet. Stromaufnahme ca. 22 mA. Ma\u00dfe: ca. 0,7 x 21,1 cm.<\/div>\n<\/div>\n","protected":false},"excerpt":{"rendered":"<p>Produktinformationen &#8222;TT Waggon-Innenbeleuchtung, 8 LEDs warmwei\u00df&#8220; Mehrfach k\u00fcrzbare Innenbeleuchtung mit wartungsfreien, stromsparenden LEDs und wei\u00dfem Licht. Helligkeit durch Potentiometer einstellbar. Zus\u00e4tzlich sind 2 L\u00f6tpads f\u00fcr Zugschlussbeleuchtung enthalten. Geeignet f\u00fcr Waggons aller Hersteller, die f\u00fcr Beleuchtung vorgesehen sind. Befestigung der Platinen unter dem Waggondach. Durch K\u00fcrzen k\u00f6nnen die Platinen auf jede Waggonl\u00e4nge angepasst werden. Flackerschutz und&#8230;<\/p>\n","protected":false},"featured_media":5154,"comment_status":"open","ping_status":"closed","template":"","meta":[],"product_brand":[],"product_cat":[137,38,37,131],"product_tag":[292,291],"class_list":{"0":"post-5153","1":"product","2":"type-product","3":"status-publish","4":"has-post-thumbnail","6":"product_cat-bahnzubehoer-tt","7":"product_cat-unkategorisiert","8":"product_cat-viessmann","9":"product_cat-viessmann-spur-tt","10":"product_tag-kein-spielzeug-nicht-geeignet-fuer-kinder-unter-14-jahren","11":"product_tag-warn-und-sicherheitshinweise-modellbauartikel","13":"first","14":"instock","15":"taxable","16":"shipping-taxable","17":"purchasable","18":"product-type-simple"},"jetpack_sharing_enabled":true,"_links":{"self":[{"href":"https:\/\/www.mg-modelleisenbahnbau.de\/startseite-2\/wp-json\/wp\/v2\/product\/5153","targetHints":{"allow":["GET"]}}],"collection":[{"href":"https:\/\/www.mg-modelleisenbahnbau.de\/startseite-2\/wp-json\/wp\/v2\/product"}],"about":[{"href":"https:\/\/www.mg-modelleisenbahnbau.de\/startseite-2\/wp-json\/wp\/v2\/types\/product"}],"replies":[{"embeddable":true,"href":"https:\/\/www.mg-modelleisenbahnbau.de\/startseite-2\/wp-json\/wp\/v2\/comments?post=5153"}],"wp:featuredmedia":[{"embeddable":true,"href":"https:\/\/www.mg-modelleisenbahnbau.de\/startseite-2\/wp-json\/wp\/v2\/media\/5154"}],"wp:attachment":[{"href":"https:\/\/www.mg-modelleisenbahnbau.de\/startseite-2\/wp-json\/wp\/v2\/media?parent=5153"}],"wp:term":[{"taxonomy":"product_brand","embeddable":true,"href":"https:\/\/www.mg-modelleisenbahnbau.de\/startseite-2\/wp-json\/wp\/v2\/product_brand?post=5153"},{"taxonomy":"product_cat","embeddable":true,"href":"https:\/\/www.mg-modelleisenbahnbau.de\/startseite-2\/wp-json\/wp\/v2\/product_cat?post=5153"},{"taxonomy":"product_tag","embeddable":true,"href":"https:\/\/www.mg-modelleisenbahnbau.de\/startseite-2\/wp-json\/wp\/v2\/product_tag?post=5153"}],"curies":[{"name":"wp","href":"https:\/\/api.w.org\/{rel}","templated":true}]}}