{"id":5147,"date":"2020-03-21T20:53:47","date_gmt":"2020-03-21T19:53:47","guid":{"rendered":"http:\/\/www.mg-modelleisenbahnbau.de\/?post_type=product&#038;p=5147"},"modified":"2025-06-29T23:30:41","modified_gmt":"2025-06-29T21:30:41","slug":"5700-tt-bahnschranke-vollautomatisch","status":"publish","type":"product","link":"https:\/\/www.mg-modelleisenbahnbau.de\/startseite-2\/produkt\/5700-tt-bahnschranke-vollautomatisch\/","title":{"rendered":"5700 TT Bahnschranke, vollautomatisch"},"content":{"rendered":"<div class=\"content--description\">\n<div class=\"content--title\">Produktinformationen &#8222;TT Bahnschranke, vollautomatisch&#8220;<\/div>\n<div class=\"product--description\">Bahn\u00fcbergang mit 2 Bahnschranken, angetrieben durch 2 getrennte Unterflur-Kompaktantriebe. Die Schranken zeichnen sich durch langsames \u00d6ffnen und Schlie\u00dfen der Schrankenb\u00e4ume aus. Gleisf\u00fcllst\u00fccke, Auffahrrampen sowie bedruckte Verkehrszeichen liegen bei. F\u00fcr den automatischen Betrieb sind zus\u00e4tzlich Schaltgleise bzw. Schaltkontakte erforderlich, bei zweigleisiger Strecke wird dazu au\u00dferdem ein elektronisches Relais Art. 5552 ben\u00f6tigt. Passendes Soundmodul: Art. 5556. L\u00e4nge eines Schrankenbaumes: ca. 5,8 cm.<\/div>\n<\/div>\n","protected":false},"excerpt":{"rendered":"<p>Produktinformationen &#8222;TT Bahnschranke, vollautomatisch&#8220; Bahn\u00fcbergang mit 2 Bahnschranken, angetrieben durch 2 getrennte Unterflur-Kompaktantriebe. Die Schranken zeichnen sich durch langsames \u00d6ffnen und Schlie\u00dfen der Schrankenb\u00e4ume aus. Gleisf\u00fcllst\u00fccke, Auffahrrampen sowie bedruckte Verkehrszeichen liegen bei. F\u00fcr den automatischen Betrieb sind zus\u00e4tzlich Schaltgleise bzw. Schaltkontakte erforderlich, bei zweigleisiger Strecke wird dazu au\u00dferdem ein elektronisches Relais Art. 5552 ben\u00f6tigt. Passendes&#8230;<\/p>\n","protected":false},"featured_media":5148,"comment_status":"open","ping_status":"closed","template":"","meta":[],"product_brand":[],"product_cat":[137,38,37,131],"product_tag":[292,291],"class_list":{"0":"post-5147","1":"product","2":"type-product","3":"status-publish","4":"has-post-thumbnail","6":"product_cat-bahnzubehoer-tt","7":"product_cat-unkategorisiert","8":"product_cat-viessmann","9":"product_cat-viessmann-spur-tt","10":"product_tag-kein-spielzeug-nicht-geeignet-fuer-kinder-unter-14-jahren","11":"product_tag-warn-und-sicherheitshinweise-modellbauartikel","13":"first","14":"instock","15":"taxable","16":"shipping-taxable","17":"purchasable","18":"product-type-simple"},"jetpack_sharing_enabled":true,"_links":{"self":[{"href":"https:\/\/www.mg-modelleisenbahnbau.de\/startseite-2\/wp-json\/wp\/v2\/product\/5147","targetHints":{"allow":["GET"]}}],"collection":[{"href":"https:\/\/www.mg-modelleisenbahnbau.de\/startseite-2\/wp-json\/wp\/v2\/product"}],"about":[{"href":"https:\/\/www.mg-modelleisenbahnbau.de\/startseite-2\/wp-json\/wp\/v2\/types\/product"}],"replies":[{"embeddable":true,"href":"https:\/\/www.mg-modelleisenbahnbau.de\/startseite-2\/wp-json\/wp\/v2\/comments?post=5147"}],"wp:featuredmedia":[{"embeddable":true,"href":"https:\/\/www.mg-modelleisenbahnbau.de\/startseite-2\/wp-json\/wp\/v2\/media\/5148"}],"wp:attachment":[{"href":"https:\/\/www.mg-modelleisenbahnbau.de\/startseite-2\/wp-json\/wp\/v2\/media?parent=5147"}],"wp:term":[{"taxonomy":"product_brand","embeddable":true,"href":"https:\/\/www.mg-modelleisenbahnbau.de\/startseite-2\/wp-json\/wp\/v2\/product_brand?post=5147"},{"taxonomy":"product_cat","embeddable":true,"href":"https:\/\/www.mg-modelleisenbahnbau.de\/startseite-2\/wp-json\/wp\/v2\/product_cat?post=5147"},{"taxonomy":"product_tag","embeddable":true,"href":"https:\/\/www.mg-modelleisenbahnbau.de\/startseite-2\/wp-json\/wp\/v2\/product_tag?post=5147"}],"curies":[{"name":"wp","href":"https:\/\/api.w.org\/{rel}","templated":true}]}}