{"id":5143,"date":"2020-03-21T20:49:17","date_gmt":"2020-03-21T19:49:17","guid":{"rendered":"http:\/\/www.mg-modelleisenbahnbau.de\/?post_type=product&#038;p=5143"},"modified":"2025-06-29T16:32:17","modified_gmt":"2025-06-29T14:32:17","slug":"1314-tt-h0-zierbrunnen-bewegt","status":"publish","type":"product","link":"https:\/\/www.mg-modelleisenbahnbau.de\/startseite-2\/produkt\/1314-tt-h0-zierbrunnen-bewegt\/","title":{"rendered":"1314 TT\/H0 Zierbrunnen, bewegt"},"content":{"rendered":"<div class=\"content--description\">\n<div class=\"content--title\">Produktinformationen &#8222;TT\/H0 Zierbrunnen, bewegt&#8220;<\/div>\n<div class=\"product--description\">T\u00e4uschend echter Brunnen, jedoch ohne Wasser. Ein flie\u00dfender Wasserstrahl wird durch ein sich drehendes Acrylglas-Element simuliert. Mit Unterflur-Antrieb. H\u00f6he: 3,2 cm. Einbautiefe: 42 mm.<\/div>\n<\/div>\n","protected":false},"excerpt":{"rendered":"<p>Produktinformationen &#8222;TT\/H0 Zierbrunnen, bewegt&#8220; T\u00e4uschend echter Brunnen, jedoch ohne Wasser. Ein flie\u00dfender Wasserstrahl wird durch ein sich drehendes Acrylglas-Element simuliert. Mit Unterflur-Antrieb. H\u00f6he: 3,2 cm. Einbautiefe: 42 mm.<\/p>\n","protected":false},"featured_media":5144,"comment_status":"open","ping_status":"closed","template":"","meta":[],"product_brand":[],"product_cat":[129,136,38,37,124,131],"product_tag":[292,291],"class_list":{"0":"post-5143","1":"product","2":"type-product","3":"status-publish","4":"has-post-thumbnail","6":"product_cat-emotion-h0","7":"product_cat-emotion-tt","8":"product_cat-unkategorisiert","9":"product_cat-viessmann","10":"product_cat-viessmann-spur-h0","11":"product_cat-viessmann-spur-tt","12":"product_tag-kein-spielzeug-nicht-geeignet-fuer-kinder-unter-14-jahren","13":"product_tag-warn-und-sicherheitshinweise-modellbauartikel","15":"first","16":"instock","17":"taxable","18":"shipping-taxable","19":"purchasable","20":"product-type-simple"},"jetpack_sharing_enabled":true,"_links":{"self":[{"href":"https:\/\/www.mg-modelleisenbahnbau.de\/startseite-2\/wp-json\/wp\/v2\/product\/5143","targetHints":{"allow":["GET"]}}],"collection":[{"href":"https:\/\/www.mg-modelleisenbahnbau.de\/startseite-2\/wp-json\/wp\/v2\/product"}],"about":[{"href":"https:\/\/www.mg-modelleisenbahnbau.de\/startseite-2\/wp-json\/wp\/v2\/types\/product"}],"replies":[{"embeddable":true,"href":"https:\/\/www.mg-modelleisenbahnbau.de\/startseite-2\/wp-json\/wp\/v2\/comments?post=5143"}],"wp:featuredmedia":[{"embeddable":true,"href":"https:\/\/www.mg-modelleisenbahnbau.de\/startseite-2\/wp-json\/wp\/v2\/media\/5144"}],"wp:attachment":[{"href":"https:\/\/www.mg-modelleisenbahnbau.de\/startseite-2\/wp-json\/wp\/v2\/media?parent=5143"}],"wp:term":[{"taxonomy":"product_brand","embeddable":true,"href":"https:\/\/www.mg-modelleisenbahnbau.de\/startseite-2\/wp-json\/wp\/v2\/product_brand?post=5143"},{"taxonomy":"product_cat","embeddable":true,"href":"https:\/\/www.mg-modelleisenbahnbau.de\/startseite-2\/wp-json\/wp\/v2\/product_cat?post=5143"},{"taxonomy":"product_tag","embeddable":true,"href":"https:\/\/www.mg-modelleisenbahnbau.de\/startseite-2\/wp-json\/wp\/v2\/product_tag?post=5143"}],"curies":[{"name":"wp","href":"https:\/\/api.w.org\/{rel}","templated":true}]}}