{"id":5108,"date":"2020-03-21T19:26:49","date_gmt":"2020-03-21T18:26:49","guid":{"rendered":"http:\/\/www.mg-modelleisenbahnbau.de\/?post_type=product&#038;p=5108"},"modified":"2025-06-29T19:00:10","modified_gmt":"2025-06-29T17:00:10","slug":"4214-tt-abspannmast","status":"publish","type":"product","link":"https:\/\/www.mg-modelleisenbahnbau.de\/startseite-2\/produkt\/4214-tt-abspannmast\/","title":{"rendered":"4214 TT Abspannmast"},"content":{"rendered":"<div class=\"content--description\">\n<div class=\"content--title\">Produktinformationen &#8222;TT Abspannmast&#8220;<\/div>\n<div class=\"product--description\">Filigrane Metallausf\u00fchrung mit eingepr\u00e4gten Nietenimitationen. Passend f\u00fcr die Montage des Radspannwerkes Art. 4273. H\u00f6he: 8,5 cm.<\/div>\n<\/div>\n","protected":false},"excerpt":{"rendered":"<p>Produktinformationen &#8222;TT Abspannmast&#8220; Filigrane Metallausf\u00fchrung mit eingepr\u00e4gten Nietenimitationen. Passend f\u00fcr die Montage des Radspannwerkes Art. 4273. H\u00f6he: 8,5 cm.<\/p>\n","protected":false},"featured_media":5109,"comment_status":"open","ping_status":"closed","template":"","meta":[],"product_brand":[],"product_cat":[135,38,37,131],"product_tag":[292,291],"class_list":{"0":"post-5108","1":"product","2":"type-product","3":"status-publish","4":"has-post-thumbnail","6":"product_cat-oberleitung-tt","7":"product_cat-unkategorisiert","8":"product_cat-viessmann","9":"product_cat-viessmann-spur-tt","10":"product_tag-kein-spielzeug-nicht-geeignet-fuer-kinder-unter-14-jahren","11":"product_tag-warn-und-sicherheitshinweise-modellbauartikel","13":"first","14":"instock","15":"taxable","16":"shipping-taxable","17":"purchasable","18":"product-type-simple"},"jetpack_sharing_enabled":true,"_links":{"self":[{"href":"https:\/\/www.mg-modelleisenbahnbau.de\/startseite-2\/wp-json\/wp\/v2\/product\/5108","targetHints":{"allow":["GET"]}}],"collection":[{"href":"https:\/\/www.mg-modelleisenbahnbau.de\/startseite-2\/wp-json\/wp\/v2\/product"}],"about":[{"href":"https:\/\/www.mg-modelleisenbahnbau.de\/startseite-2\/wp-json\/wp\/v2\/types\/product"}],"replies":[{"embeddable":true,"href":"https:\/\/www.mg-modelleisenbahnbau.de\/startseite-2\/wp-json\/wp\/v2\/comments?post=5108"}],"wp:featuredmedia":[{"embeddable":true,"href":"https:\/\/www.mg-modelleisenbahnbau.de\/startseite-2\/wp-json\/wp\/v2\/media\/5109"}],"wp:attachment":[{"href":"https:\/\/www.mg-modelleisenbahnbau.de\/startseite-2\/wp-json\/wp\/v2\/media?parent=5108"}],"wp:term":[{"taxonomy":"product_brand","embeddable":true,"href":"https:\/\/www.mg-modelleisenbahnbau.de\/startseite-2\/wp-json\/wp\/v2\/product_brand?post=5108"},{"taxonomy":"product_cat","embeddable":true,"href":"https:\/\/www.mg-modelleisenbahnbau.de\/startseite-2\/wp-json\/wp\/v2\/product_cat?post=5108"},{"taxonomy":"product_tag","embeddable":true,"href":"https:\/\/www.mg-modelleisenbahnbau.de\/startseite-2\/wp-json\/wp\/v2\/product_tag?post=5108"}],"curies":[{"name":"wp","href":"https:\/\/api.w.org\/{rel}","templated":true}]}}