{"id":5104,"date":"2020-03-21T19:21:54","date_gmt":"2020-03-21T18:21:54","guid":{"rendered":"http:\/\/www.mg-modelleisenbahnbau.de\/?post_type=product&#038;p=5104"},"modified":"2025-06-29T19:11:03","modified_gmt":"2025-06-29T17:11:03","slug":"4260-tt-rohrausleger-ueber-2-gleise","status":"publish","type":"product","link":"https:\/\/www.mg-modelleisenbahnbau.de\/startseite-2\/produkt\/4260-tt-rohrausleger-ueber-2-gleise\/","title":{"rendered":"4260 TT Rohrausleger \u00fcber 2 Gleise"},"content":{"rendered":"<div class=\"content--description\">\n<div class=\"content--title\">Produktinformationen &#8222;TT Rohrausleger \u00fcber 2 Gleise&#8220;<\/div>\n<div class=\"product--description\">Komplett mit Turmmast, fertig montiert und lackiert. Mit 2 elektrisch getrennten Auslegern. Die Auslegereinheiten sind frei verschiebbar und umklipsbar. Mit r\u00fcckseitiger Aussparung zur Aufnahme weiterer Ausleger. Filigrane Metallausf\u00fchrung mit eingepr\u00e4gten Nietenimitationen. Maximale Spannweite: 7,3 cm, H\u00f6he: 10,9 cm.<\/div>\n<h1><span style=\"color: #ff6600;\"><strong><span class=\"delivery--text delivery--text-not-available\">Lieferzeit auf Anfrage<\/span><\/strong><\/span><\/h1>\n<\/div>\n","protected":false},"excerpt":{"rendered":"<p>Produktinformationen &#8222;TT Rohrausleger \u00fcber 2 Gleise&#8220; Komplett mit Turmmast, fertig montiert und lackiert. Mit 2 elektrisch getrennten Auslegern. Die Auslegereinheiten sind frei verschiebbar und umklipsbar. Mit r\u00fcckseitiger Aussparung zur Aufnahme weiterer Ausleger. Filigrane Metallausf\u00fchrung mit eingepr\u00e4gten Nietenimitationen. Maximale Spannweite: 7,3 cm, H\u00f6he: 10,9 cm. Lieferzeit auf Anfrage<\/p>\n","protected":false},"featured_media":5105,"comment_status":"open","ping_status":"closed","template":"","meta":[],"product_brand":[],"product_cat":[135,38,37,131],"product_tag":[292,291],"class_list":{"0":"post-5104","1":"product","2":"type-product","3":"status-publish","4":"has-post-thumbnail","6":"product_cat-oberleitung-tt","7":"product_cat-unkategorisiert","8":"product_cat-viessmann","9":"product_cat-viessmann-spur-tt","10":"product_tag-kein-spielzeug-nicht-geeignet-fuer-kinder-unter-14-jahren","11":"product_tag-warn-und-sicherheitshinweise-modellbauartikel","13":"first","14":"instock","15":"taxable","16":"shipping-taxable","17":"purchasable","18":"product-type-simple"},"jetpack_sharing_enabled":true,"_links":{"self":[{"href":"https:\/\/www.mg-modelleisenbahnbau.de\/startseite-2\/wp-json\/wp\/v2\/product\/5104","targetHints":{"allow":["GET"]}}],"collection":[{"href":"https:\/\/www.mg-modelleisenbahnbau.de\/startseite-2\/wp-json\/wp\/v2\/product"}],"about":[{"href":"https:\/\/www.mg-modelleisenbahnbau.de\/startseite-2\/wp-json\/wp\/v2\/types\/product"}],"replies":[{"embeddable":true,"href":"https:\/\/www.mg-modelleisenbahnbau.de\/startseite-2\/wp-json\/wp\/v2\/comments?post=5104"}],"wp:featuredmedia":[{"embeddable":true,"href":"https:\/\/www.mg-modelleisenbahnbau.de\/startseite-2\/wp-json\/wp\/v2\/media\/5105"}],"wp:attachment":[{"href":"https:\/\/www.mg-modelleisenbahnbau.de\/startseite-2\/wp-json\/wp\/v2\/media?parent=5104"}],"wp:term":[{"taxonomy":"product_brand","embeddable":true,"href":"https:\/\/www.mg-modelleisenbahnbau.de\/startseite-2\/wp-json\/wp\/v2\/product_brand?post=5104"},{"taxonomy":"product_cat","embeddable":true,"href":"https:\/\/www.mg-modelleisenbahnbau.de\/startseite-2\/wp-json\/wp\/v2\/product_cat?post=5104"},{"taxonomy":"product_tag","embeddable":true,"href":"https:\/\/www.mg-modelleisenbahnbau.de\/startseite-2\/wp-json\/wp\/v2\/product_tag?post=5104"}],"curies":[{"name":"wp","href":"https:\/\/api.w.org\/{rel}","templated":true}]}}