{"id":5093,"date":"2020-03-21T18:59:15","date_gmt":"2020-03-21T17:59:15","guid":{"rendered":"http:\/\/www.mg-modelleisenbahnbau.de\/?post_type=product&#038;p=5093"},"modified":"2025-06-29T19:00:08","modified_gmt":"2025-06-29T17:00:08","slug":"4200-tt-startset-oberleitung","status":"publish","type":"product","link":"https:\/\/www.mg-modelleisenbahnbau.de\/startseite-2\/produkt\/4200-tt-startset-oberleitung\/","title":{"rendered":"4200 TT Startset Oberleitung"},"content":{"rendered":"<div class=\"content--description\">\n<div class=\"content--title\">Produktinformationen &#8222;TT Startset Oberleitung&#8220;<\/div>\n<div class=\"product--description\">Oberleitungsset f\u00fcr ein Gleisoval mit einer Weiche, bestehend aus 20 Streckenmasten Art. 4210, Abspannmast Art. 4214 zum Fahrdrahtabspannen, 17 Fahrdr\u00e4hten 12,2 cm Art. 4230, 2 Fahrdr\u00e4hten 20 cm Art. 4231, 2 Fahrdr\u00e4hten 33,2 cm Art. 4232 und der Fahrdrahtmontagelehre Art. 4296. Wenn Sie die Oberleitung funktionsf\u00e4hig (d. h. stromf\u00fchrend) betreiben wollen, ben\u00f6tigen Sie einen Anschlussmast Art. 4211 und den Sicherungshalter Art. 4188 mit Sicherungen.<\/div>\n<\/div>\n","protected":false},"excerpt":{"rendered":"<p>Produktinformationen &#8222;TT Startset Oberleitung&#8220; Oberleitungsset f\u00fcr ein Gleisoval mit einer Weiche, bestehend aus 20 Streckenmasten Art. 4210, Abspannmast Art. 4214 zum Fahrdrahtabspannen, 17 Fahrdr\u00e4hten 12,2 cm Art. 4230, 2 Fahrdr\u00e4hten 20 cm Art. 4231, 2 Fahrdr\u00e4hten 33,2 cm Art. 4232 und der Fahrdrahtmontagelehre Art. 4296. Wenn Sie die Oberleitung funktionsf\u00e4hig (d. h. stromf\u00fchrend) betreiben wollen,&#8230;<\/p>\n","protected":false},"featured_media":5094,"comment_status":"open","ping_status":"closed","template":"","meta":[],"product_brand":[],"product_cat":[135,38,37,131],"product_tag":[292,291],"class_list":{"0":"post-5093","1":"product","2":"type-product","3":"status-publish","4":"has-post-thumbnail","6":"product_cat-oberleitung-tt","7":"product_cat-unkategorisiert","8":"product_cat-viessmann","9":"product_cat-viessmann-spur-tt","10":"product_tag-kein-spielzeug-nicht-geeignet-fuer-kinder-unter-14-jahren","11":"product_tag-warn-und-sicherheitshinweise-modellbauartikel","13":"first","14":"instock","15":"taxable","16":"shipping-taxable","17":"purchasable","18":"product-type-simple"},"jetpack_sharing_enabled":true,"_links":{"self":[{"href":"https:\/\/www.mg-modelleisenbahnbau.de\/startseite-2\/wp-json\/wp\/v2\/product\/5093","targetHints":{"allow":["GET"]}}],"collection":[{"href":"https:\/\/www.mg-modelleisenbahnbau.de\/startseite-2\/wp-json\/wp\/v2\/product"}],"about":[{"href":"https:\/\/www.mg-modelleisenbahnbau.de\/startseite-2\/wp-json\/wp\/v2\/types\/product"}],"replies":[{"embeddable":true,"href":"https:\/\/www.mg-modelleisenbahnbau.de\/startseite-2\/wp-json\/wp\/v2\/comments?post=5093"}],"wp:featuredmedia":[{"embeddable":true,"href":"https:\/\/www.mg-modelleisenbahnbau.de\/startseite-2\/wp-json\/wp\/v2\/media\/5094"}],"wp:attachment":[{"href":"https:\/\/www.mg-modelleisenbahnbau.de\/startseite-2\/wp-json\/wp\/v2\/media?parent=5093"}],"wp:term":[{"taxonomy":"product_brand","embeddable":true,"href":"https:\/\/www.mg-modelleisenbahnbau.de\/startseite-2\/wp-json\/wp\/v2\/product_brand?post=5093"},{"taxonomy":"product_cat","embeddable":true,"href":"https:\/\/www.mg-modelleisenbahnbau.de\/startseite-2\/wp-json\/wp\/v2\/product_cat?post=5093"},{"taxonomy":"product_tag","embeddable":true,"href":"https:\/\/www.mg-modelleisenbahnbau.de\/startseite-2\/wp-json\/wp\/v2\/product_tag?post=5093"}],"curies":[{"name":"wp","href":"https:\/\/api.w.org\/{rel}","templated":true}]}}