{"id":5066,"date":"2020-03-21T18:19:22","date_gmt":"2020-03-21T17:19:22","guid":{"rendered":"http:\/\/www.mg-modelleisenbahnbau.de\/?post_type=product&#038;p=5066"},"modified":"2025-06-29T22:03:37","modified_gmt":"2025-06-29T20:03:37","slug":"4906-tt-form-vorsignal-dr-scheibe-beweglich","status":"publish","type":"product","link":"https:\/\/www.mg-modelleisenbahnbau.de\/startseite-2\/produkt\/4906-tt-form-vorsignal-dr-scheibe-beweglich\/","title":{"rendered":"4906 TT Form-Vorsignal DR, Scheibe beweglich"},"content":{"rendered":"<div class=\"content--description\">\n<div class=\"content--title\">Produktinformationen &#8222;TT Form-Vorsignal DR, Scheibe beweglich&#8220;<\/div>\n<div class=\"product--description\">Mit filigranem Messingmast in originalgetreuer Lackierung, bedruckter Signalscheibe, Gl\u00fchlampe und Unterflur-Kompaktantrieb. Integrierte Schaltkontakte sorgen f\u00fcr eine echte Zugbremsung bei Halt erwarten. F\u00fcr eine echte Langsamfahr-Funktion wird lediglich noch der Langsamfahrwiderstand Art. 5216 ben\u00f6tigt. Signalbilder Vr0 und Vr1. Ersatzgl\u00fchlampe Art. 6200. H\u00f6he: 3,9 cm.<\/div>\n<\/div>\n","protected":false},"excerpt":{"rendered":"<p>Produktinformationen &#8222;TT Form-Vorsignal DR, Scheibe beweglich&#8220; Mit filigranem Messingmast in originalgetreuer Lackierung, bedruckter Signalscheibe, Gl\u00fchlampe und Unterflur-Kompaktantrieb. Integrierte Schaltkontakte sorgen f\u00fcr eine echte Zugbremsung bei Halt erwarten. F\u00fcr eine echte Langsamfahr-Funktion wird lediglich noch der Langsamfahrwiderstand Art. 5216 ben\u00f6tigt. Signalbilder Vr0 und Vr1. Ersatzgl\u00fchlampe Art. 6200. H\u00f6he: 3,9 cm.<\/p>\n","protected":false},"featured_media":5067,"comment_status":"open","ping_status":"closed","template":"","meta":[],"product_brand":[],"product_cat":[133,38,37,131],"product_tag":[292,291],"class_list":{"0":"post-5066","1":"product","2":"type-product","3":"status-publish","4":"has-post-thumbnail","6":"product_cat-formsignale-tt","7":"product_cat-unkategorisiert","8":"product_cat-viessmann","9":"product_cat-viessmann-spur-tt","10":"product_tag-kein-spielzeug-nicht-geeignet-fuer-kinder-unter-14-jahren","11":"product_tag-warn-und-sicherheitshinweise-modellbauartikel","13":"first","14":"instock","15":"taxable","16":"shipping-taxable","17":"purchasable","18":"product-type-simple"},"jetpack_sharing_enabled":true,"_links":{"self":[{"href":"https:\/\/www.mg-modelleisenbahnbau.de\/startseite-2\/wp-json\/wp\/v2\/product\/5066","targetHints":{"allow":["GET"]}}],"collection":[{"href":"https:\/\/www.mg-modelleisenbahnbau.de\/startseite-2\/wp-json\/wp\/v2\/product"}],"about":[{"href":"https:\/\/www.mg-modelleisenbahnbau.de\/startseite-2\/wp-json\/wp\/v2\/types\/product"}],"replies":[{"embeddable":true,"href":"https:\/\/www.mg-modelleisenbahnbau.de\/startseite-2\/wp-json\/wp\/v2\/comments?post=5066"}],"wp:featuredmedia":[{"embeddable":true,"href":"https:\/\/www.mg-modelleisenbahnbau.de\/startseite-2\/wp-json\/wp\/v2\/media\/5067"}],"wp:attachment":[{"href":"https:\/\/www.mg-modelleisenbahnbau.de\/startseite-2\/wp-json\/wp\/v2\/media?parent=5066"}],"wp:term":[{"taxonomy":"product_brand","embeddable":true,"href":"https:\/\/www.mg-modelleisenbahnbau.de\/startseite-2\/wp-json\/wp\/v2\/product_brand?post=5066"},{"taxonomy":"product_cat","embeddable":true,"href":"https:\/\/www.mg-modelleisenbahnbau.de\/startseite-2\/wp-json\/wp\/v2\/product_cat?post=5066"},{"taxonomy":"product_tag","embeddable":true,"href":"https:\/\/www.mg-modelleisenbahnbau.de\/startseite-2\/wp-json\/wp\/v2\/product_tag?post=5066"}],"curies":[{"name":"wp","href":"https:\/\/api.w.org\/{rel}","templated":true}]}}