{"id":5026,"date":"2020-03-21T17:24:58","date_gmt":"2020-03-21T16:24:58","guid":{"rendered":"http:\/\/www.mg-modelleisenbahnbau.de\/?post_type=product&#038;p=5026"},"modified":"2025-06-29T17:32:45","modified_gmt":"2025-06-29T15:32:45","slug":"1897-n-zugzielanzeiger-mit-led-beleuchtung","status":"publish","type":"product","link":"https:\/\/www.mg-modelleisenbahnbau.de\/startseite-2\/produkt\/1897-n-zugzielanzeiger-mit-led-beleuchtung\/","title":{"rendered":"1897 N Zugzielanzeiger mit LED-Beleuchtung"},"content":{"rendered":"<div class=\"content--description\">\n<div class=\"content--title\">Produktinformationen &#8222;N Zugzielanzeiger mit LED-Beleuchtung&#8220;<\/div>\n<div class=\"product--description\">Zugzielanzeiger der Epochen IV \u2013 V mit beidseitiger Anzeige. Wartungsfrei dank LED-Beleuchtung. Kann unter dem Bahnsteigdach oder seitlich, z. B. an einem Mast montiert werden. Vorgefertigte Papierb\u00f6gen zur Beschriftung liegen bei. Auf unserer Internetseite www.viessmann-modell.de k\u00f6nnen Sie sich au\u00dferdem Ihre eigene Beschriftung erstellen. Ma\u00dfe: L 1,4 x B 0,4 x H 0,6 cm.<\/div>\n<\/div>\n","protected":false},"excerpt":{"rendered":"<p>Produktinformationen &#8222;N Zugzielanzeiger mit LED-Beleuchtung&#8220; Zugzielanzeiger der Epochen IV \u2013 V mit beidseitiger Anzeige. Wartungsfrei dank LED-Beleuchtung. Kann unter dem Bahnsteigdach oder seitlich, z. B. an einem Mast montiert werden. Vorgefertigte Papierb\u00f6gen zur Beschriftung liegen bei. Auf unserer Internetseite www.viessmann-modell.de k\u00f6nnen Sie sich au\u00dferdem Ihre eigene Beschriftung erstellen. Ma\u00dfe: L 1,4 x B 0,4 x&#8230;<\/p>\n","protected":false},"featured_media":5027,"comment_status":"open","ping_status":"closed","template":"","meta":[],"product_brand":[],"product_cat":[143,38,37,138],"product_tag":[292,291],"class_list":{"0":"post-5026","1":"product","2":"type-product","3":"status-publish","4":"has-post-thumbnail","6":"product_cat-emotion-n","7":"product_cat-unkategorisiert","8":"product_cat-viessmann","9":"product_cat-viessmann-spur-n","10":"product_tag-kein-spielzeug-nicht-geeignet-fuer-kinder-unter-14-jahren","11":"product_tag-warn-und-sicherheitshinweise-modellbauartikel","13":"first","14":"instock","15":"taxable","16":"shipping-taxable","17":"purchasable","18":"product-type-simple"},"jetpack_sharing_enabled":true,"_links":{"self":[{"href":"https:\/\/www.mg-modelleisenbahnbau.de\/startseite-2\/wp-json\/wp\/v2\/product\/5026","targetHints":{"allow":["GET"]}}],"collection":[{"href":"https:\/\/www.mg-modelleisenbahnbau.de\/startseite-2\/wp-json\/wp\/v2\/product"}],"about":[{"href":"https:\/\/www.mg-modelleisenbahnbau.de\/startseite-2\/wp-json\/wp\/v2\/types\/product"}],"replies":[{"embeddable":true,"href":"https:\/\/www.mg-modelleisenbahnbau.de\/startseite-2\/wp-json\/wp\/v2\/comments?post=5026"}],"wp:featuredmedia":[{"embeddable":true,"href":"https:\/\/www.mg-modelleisenbahnbau.de\/startseite-2\/wp-json\/wp\/v2\/media\/5027"}],"wp:attachment":[{"href":"https:\/\/www.mg-modelleisenbahnbau.de\/startseite-2\/wp-json\/wp\/v2\/media?parent=5026"}],"wp:term":[{"taxonomy":"product_brand","embeddable":true,"href":"https:\/\/www.mg-modelleisenbahnbau.de\/startseite-2\/wp-json\/wp\/v2\/product_brand?post=5026"},{"taxonomy":"product_cat","embeddable":true,"href":"https:\/\/www.mg-modelleisenbahnbau.de\/startseite-2\/wp-json\/wp\/v2\/product_cat?post=5026"},{"taxonomy":"product_tag","embeddable":true,"href":"https:\/\/www.mg-modelleisenbahnbau.de\/startseite-2\/wp-json\/wp\/v2\/product_tag?post=5026"}],"curies":[{"name":"wp","href":"https:\/\/api.w.org\/{rel}","templated":true}]}}