{"id":5024,"date":"2020-03-21T17:22:51","date_gmt":"2020-03-21T16:22:51","guid":{"rendered":"http:\/\/www.mg-modelleisenbahnbau.de\/?post_type=product&#038;p=5024"},"modified":"2025-06-29T17:32:44","modified_gmt":"2025-06-29T15:32:44","slug":"1843-n-feuerwehr-lf-16-magirus-mit-elektrischem-blaulicht-und-beleuchtung","status":"publish","type":"product","link":"https:\/\/www.mg-modelleisenbahnbau.de\/startseite-2\/produkt\/1843-n-feuerwehr-lf-16-magirus-mit-elektrischem-blaulicht-und-beleuchtung\/","title":{"rendered":"1843 N Feuerwehr-LF 16 MAGIRUS mit elektrischem Blaulicht und Beleuchtung"},"content":{"rendered":"<div class=\"content--description\">\n<div class=\"content--title\">Produktinformationen &#8222;N Feuerwehr-LF 16 MAGIRUS mit elektrischem Blaulicht und Beleuchtung&#8220;<\/div>\n<div class=\"product--description\">Funtionsmodell. Mit 2 funktionsf\u00e4higen Blaulichtern, Blinkelektronik sowie Front- und Heckbeleuchtung. Basismodell: Wiking. Ersatzgl\u00fchlampen Art. 3506, 6206. Das passende Soundmodul Art. 5559 erzeugt die realistischen, auf das Fahrzeug abgestimmten \u00adGer\u00e4usche. Es verf\u00fcgt au\u00dferdem \u00fcber 7 frei w\u00e4hlbare Soundvarianten.<\/div>\n<\/div>\n","protected":false},"excerpt":{"rendered":"<p>Produktinformationen &#8222;N Feuerwehr-LF 16 MAGIRUS mit elektrischem Blaulicht und Beleuchtung&#8220; Funtionsmodell. Mit 2 funktionsf\u00e4higen Blaulichtern, Blinkelektronik sowie Front- und Heckbeleuchtung. Basismodell: Wiking. Ersatzgl\u00fchlampen Art. 3506, 6206. Das passende Soundmodul Art. 5559 erzeugt die realistischen, auf das Fahrzeug abgestimmten \u00adGer\u00e4usche. Es verf\u00fcgt au\u00dferdem \u00fcber 7 frei w\u00e4hlbare Soundvarianten.<\/p>\n","protected":false},"featured_media":5025,"comment_status":"open","ping_status":"closed","template":"","meta":[],"product_brand":[],"product_cat":[143,38,37,138],"product_tag":[292,291],"class_list":{"0":"post-5024","1":"product","2":"type-product","3":"status-publish","4":"has-post-thumbnail","6":"product_cat-emotion-n","7":"product_cat-unkategorisiert","8":"product_cat-viessmann","9":"product_cat-viessmann-spur-n","10":"product_tag-kein-spielzeug-nicht-geeignet-fuer-kinder-unter-14-jahren","11":"product_tag-warn-und-sicherheitshinweise-modellbauartikel","13":"first","14":"instock","15":"taxable","16":"shipping-taxable","17":"purchasable","18":"product-type-simple"},"jetpack_sharing_enabled":true,"_links":{"self":[{"href":"https:\/\/www.mg-modelleisenbahnbau.de\/startseite-2\/wp-json\/wp\/v2\/product\/5024","targetHints":{"allow":["GET"]}}],"collection":[{"href":"https:\/\/www.mg-modelleisenbahnbau.de\/startseite-2\/wp-json\/wp\/v2\/product"}],"about":[{"href":"https:\/\/www.mg-modelleisenbahnbau.de\/startseite-2\/wp-json\/wp\/v2\/types\/product"}],"replies":[{"embeddable":true,"href":"https:\/\/www.mg-modelleisenbahnbau.de\/startseite-2\/wp-json\/wp\/v2\/comments?post=5024"}],"wp:featuredmedia":[{"embeddable":true,"href":"https:\/\/www.mg-modelleisenbahnbau.de\/startseite-2\/wp-json\/wp\/v2\/media\/5025"}],"wp:attachment":[{"href":"https:\/\/www.mg-modelleisenbahnbau.de\/startseite-2\/wp-json\/wp\/v2\/media?parent=5024"}],"wp:term":[{"taxonomy":"product_brand","embeddable":true,"href":"https:\/\/www.mg-modelleisenbahnbau.de\/startseite-2\/wp-json\/wp\/v2\/product_brand?post=5024"},{"taxonomy":"product_cat","embeddable":true,"href":"https:\/\/www.mg-modelleisenbahnbau.de\/startseite-2\/wp-json\/wp\/v2\/product_cat?post=5024"},{"taxonomy":"product_tag","embeddable":true,"href":"https:\/\/www.mg-modelleisenbahnbau.de\/startseite-2\/wp-json\/wp\/v2\/product_tag?post=5024"}],"curies":[{"name":"wp","href":"https:\/\/api.w.org\/{rel}","templated":true}]}}