{"id":5022,"date":"2020-03-21T12:52:37","date_gmt":"2020-03-21T11:52:37","guid":{"rendered":"http:\/\/www.mg-modelleisenbahnbau.de\/?post_type=product&#038;p=5022"},"modified":"2025-06-29T21:05:44","modified_gmt":"2025-06-29T19:05:44","slug":"4397-n-mastpositionslehre","status":"publish","type":"product","link":"https:\/\/www.mg-modelleisenbahnbau.de\/startseite-2\/produkt\/4397-n-mastpositionslehre\/","title":{"rendered":"4397 N Mastpositionslehre"},"content":{"rendered":"<div class=\"content--description\">\n<div class=\"content--title\">Produktinformationen &#8222;N Mastpositionslehre&#8220;<\/div>\n<div class=\"product--description\">Mit dieser Mastpositionslehre k\u00f6nnen Sie die richtige Position Ihrer Oberleitungsmasten in Kurvenbereichen spielend leicht bestimmen. Die zus\u00e4tzlich enthaltene Fahrdrahtabweichungslehre erm\u00f6glicht Ihnen eine Kontrolle der Abweichung des Fahrdrahtes von der Gleismitte. Dadurch ist sichergestellt, dass der Stromabnehmer immer Kontakt mit dem Fahrdraht hat.<\/div>\n<\/div>\n","protected":false},"excerpt":{"rendered":"<p>Produktinformationen &#8222;N Mastpositionslehre&#8220; Mit dieser Mastpositionslehre k\u00f6nnen Sie die richtige Position Ihrer Oberleitungsmasten in Kurvenbereichen spielend leicht bestimmen. Die zus\u00e4tzlich enthaltene Fahrdrahtabweichungslehre erm\u00f6glicht Ihnen eine Kontrolle der Abweichung des Fahrdrahtes von der Gleismitte. Dadurch ist sichergestellt, dass der Stromabnehmer immer Kontakt mit dem Fahrdraht hat.<\/p>\n","protected":false},"featured_media":5023,"comment_status":"open","ping_status":"closed","template":"","meta":[],"product_brand":[],"product_cat":[142,38,37,138],"product_tag":[292,291],"class_list":{"0":"post-5022","1":"product","2":"type-product","3":"status-publish","4":"has-post-thumbnail","6":"product_cat-oberleitung-n","7":"product_cat-unkategorisiert","8":"product_cat-viessmann","9":"product_cat-viessmann-spur-n","10":"product_tag-kein-spielzeug-nicht-geeignet-fuer-kinder-unter-14-jahren","11":"product_tag-warn-und-sicherheitshinweise-modellbauartikel","13":"first","14":"instock","15":"taxable","16":"shipping-taxable","17":"purchasable","18":"product-type-simple"},"jetpack_sharing_enabled":true,"_links":{"self":[{"href":"https:\/\/www.mg-modelleisenbahnbau.de\/startseite-2\/wp-json\/wp\/v2\/product\/5022","targetHints":{"allow":["GET"]}}],"collection":[{"href":"https:\/\/www.mg-modelleisenbahnbau.de\/startseite-2\/wp-json\/wp\/v2\/product"}],"about":[{"href":"https:\/\/www.mg-modelleisenbahnbau.de\/startseite-2\/wp-json\/wp\/v2\/types\/product"}],"replies":[{"embeddable":true,"href":"https:\/\/www.mg-modelleisenbahnbau.de\/startseite-2\/wp-json\/wp\/v2\/comments?post=5022"}],"wp:featuredmedia":[{"embeddable":true,"href":"https:\/\/www.mg-modelleisenbahnbau.de\/startseite-2\/wp-json\/wp\/v2\/media\/5023"}],"wp:attachment":[{"href":"https:\/\/www.mg-modelleisenbahnbau.de\/startseite-2\/wp-json\/wp\/v2\/media?parent=5022"}],"wp:term":[{"taxonomy":"product_brand","embeddable":true,"href":"https:\/\/www.mg-modelleisenbahnbau.de\/startseite-2\/wp-json\/wp\/v2\/product_brand?post=5022"},{"taxonomy":"product_cat","embeddable":true,"href":"https:\/\/www.mg-modelleisenbahnbau.de\/startseite-2\/wp-json\/wp\/v2\/product_cat?post=5022"},{"taxonomy":"product_tag","embeddable":true,"href":"https:\/\/www.mg-modelleisenbahnbau.de\/startseite-2\/wp-json\/wp\/v2\/product_tag?post=5022"}],"curies":[{"name":"wp","href":"https:\/\/api.w.org\/{rel}","templated":true}]}}