{"id":4987,"date":"2020-03-21T11:37:46","date_gmt":"2020-03-21T10:37:46","guid":{"rendered":"http:\/\/www.mg-modelleisenbahnbau.de\/?post_type=product&#038;p=4987"},"modified":"2025-06-29T20:54:32","modified_gmt":"2025-06-29T18:54:32","slug":"4340-n-fahrdraht-1355-mm-5-stueck","status":"publish","type":"product","link":"https:\/\/www.mg-modelleisenbahnbau.de\/startseite-2\/produkt\/4340-n-fahrdraht-1355-mm-5-stueck\/","title":{"rendered":"4340 N Fahrdraht 135,5 mm, 5 St\u00fcck"},"content":{"rendered":"<div class=\"content--description\">\n<div class=\"content--title\">Produktinformationen &#8222;N Fahrdraht 135,5 mm, 5 St\u00fcck&#8220;<\/div>\n<div class=\"product--description\">Fertig konfektionierte Fahrdr\u00e4hte mit Befestigungs\u00f6sen zum einfachen Einh\u00e4ngen am Ausleger. Fahrdraht: \u00d8 0,4 mm. Geeignet f\u00fcr Arnold R4 (Gleismittenradius 430 mm) und Fleischmann R4 (Gleismittenradius 430 mm).<\/div>\n<\/div>\n","protected":false},"excerpt":{"rendered":"<p>Produktinformationen &#8222;N Fahrdraht 135,5 mm, 5 St\u00fcck&#8220; Fertig konfektionierte Fahrdr\u00e4hte mit Befestigungs\u00f6sen zum einfachen Einh\u00e4ngen am Ausleger. Fahrdraht: \u00d8 0,4 mm. Geeignet f\u00fcr Arnold R4 (Gleismittenradius 430 mm) und Fleischmann R4 (Gleismittenradius 430 mm).<\/p>\n","protected":false},"featured_media":4986,"comment_status":"open","ping_status":"closed","template":"","meta":[],"product_brand":[],"product_cat":[142,38,37,138],"product_tag":[292,291],"class_list":{"0":"post-4987","1":"product","2":"type-product","3":"status-publish","4":"has-post-thumbnail","6":"product_cat-oberleitung-n","7":"product_cat-unkategorisiert","8":"product_cat-viessmann","9":"product_cat-viessmann-spur-n","10":"product_tag-kein-spielzeug-nicht-geeignet-fuer-kinder-unter-14-jahren","11":"product_tag-warn-und-sicherheitshinweise-modellbauartikel","13":"first","14":"instock","15":"taxable","16":"shipping-taxable","17":"purchasable","18":"product-type-simple"},"jetpack_sharing_enabled":true,"_links":{"self":[{"href":"https:\/\/www.mg-modelleisenbahnbau.de\/startseite-2\/wp-json\/wp\/v2\/product\/4987","targetHints":{"allow":["GET"]}}],"collection":[{"href":"https:\/\/www.mg-modelleisenbahnbau.de\/startseite-2\/wp-json\/wp\/v2\/product"}],"about":[{"href":"https:\/\/www.mg-modelleisenbahnbau.de\/startseite-2\/wp-json\/wp\/v2\/types\/product"}],"replies":[{"embeddable":true,"href":"https:\/\/www.mg-modelleisenbahnbau.de\/startseite-2\/wp-json\/wp\/v2\/comments?post=4987"}],"wp:featuredmedia":[{"embeddable":true,"href":"https:\/\/www.mg-modelleisenbahnbau.de\/startseite-2\/wp-json\/wp\/v2\/media\/4986"}],"wp:attachment":[{"href":"https:\/\/www.mg-modelleisenbahnbau.de\/startseite-2\/wp-json\/wp\/v2\/media?parent=4987"}],"wp:term":[{"taxonomy":"product_brand","embeddable":true,"href":"https:\/\/www.mg-modelleisenbahnbau.de\/startseite-2\/wp-json\/wp\/v2\/product_brand?post=4987"},{"taxonomy":"product_cat","embeddable":true,"href":"https:\/\/www.mg-modelleisenbahnbau.de\/startseite-2\/wp-json\/wp\/v2\/product_cat?post=4987"},{"taxonomy":"product_tag","embeddable":true,"href":"https:\/\/www.mg-modelleisenbahnbau.de\/startseite-2\/wp-json\/wp\/v2\/product_tag?post=4987"}],"curies":[{"name":"wp","href":"https:\/\/api.w.org\/{rel}","templated":true}]}}