{"id":4956,"date":"2020-03-19T21:24:38","date_gmt":"2020-03-19T20:24:38","guid":{"rendered":"http:\/\/www.mg-modelleisenbahnbau.de\/?post_type=product&#038;p=4956"},"modified":"2025-06-29T20:43:19","modified_gmt":"2025-06-29T18:43:19","slug":"4300-n-startset-oberleitung","status":"publish","type":"product","link":"https:\/\/www.mg-modelleisenbahnbau.de\/startseite-2\/produkt\/4300-n-startset-oberleitung\/","title":{"rendered":"4300 N Startset Oberleitung"},"content":{"rendered":"<div class=\"content--description\">\n<div class=\"content--title\">Produktinformationen &#8222;N Startset Oberleitung&#8220;<\/div>\n<div class=\"product--description\">Oberleitungsset f\u00fcr ein Gleisoval (120 cm x 54 cm), bestehend aus 22 Streckenmasten Art. 4310, 16 Fahrdr\u00e4hten 8,9 cm Art. 4330, 6 Fahrdr\u00e4hten 22,2 cm Art. 4331 und einer Fahrdrahtmontagelehre Art. 4396. Wenn Sie die Oberleitung funktionsf\u00e4hig (d. h. stromf\u00fchrend) betreiben wollen, ben\u00f6tigen Sie einen Anschlussmast Art. 4311 sowie Y-Seile Art. 4370, welche eine optimale Verbindung zwischen den Fahrdr\u00e4hten sicherstellen.<\/div>\n<\/div>\n","protected":false},"excerpt":{"rendered":"<p>Produktinformationen &#8222;N Startset Oberleitung&#8220; Oberleitungsset f\u00fcr ein Gleisoval (120 cm x 54 cm), bestehend aus 22 Streckenmasten Art. 4310, 16 Fahrdr\u00e4hten 8,9 cm Art. 4330, 6 Fahrdr\u00e4hten 22,2 cm Art. 4331 und einer Fahrdrahtmontagelehre Art. 4396. Wenn Sie die Oberleitung funktionsf\u00e4hig (d. h. stromf\u00fchrend) betreiben wollen, ben\u00f6tigen Sie einen Anschlussmast Art. 4311 sowie Y-Seile Art&#8230;.<\/p>\n","protected":false},"featured_media":4957,"comment_status":"open","ping_status":"closed","template":"","meta":[],"product_brand":[],"product_cat":[142,38,37,138],"product_tag":[292,291],"class_list":{"0":"post-4956","1":"product","2":"type-product","3":"status-publish","4":"has-post-thumbnail","6":"product_cat-oberleitung-n","7":"product_cat-unkategorisiert","8":"product_cat-viessmann","9":"product_cat-viessmann-spur-n","10":"product_tag-kein-spielzeug-nicht-geeignet-fuer-kinder-unter-14-jahren","11":"product_tag-warn-und-sicherheitshinweise-modellbauartikel","13":"first","14":"instock","15":"taxable","16":"shipping-taxable","17":"purchasable","18":"product-type-simple"},"jetpack_sharing_enabled":true,"_links":{"self":[{"href":"https:\/\/www.mg-modelleisenbahnbau.de\/startseite-2\/wp-json\/wp\/v2\/product\/4956","targetHints":{"allow":["GET"]}}],"collection":[{"href":"https:\/\/www.mg-modelleisenbahnbau.de\/startseite-2\/wp-json\/wp\/v2\/product"}],"about":[{"href":"https:\/\/www.mg-modelleisenbahnbau.de\/startseite-2\/wp-json\/wp\/v2\/types\/product"}],"replies":[{"embeddable":true,"href":"https:\/\/www.mg-modelleisenbahnbau.de\/startseite-2\/wp-json\/wp\/v2\/comments?post=4956"}],"wp:featuredmedia":[{"embeddable":true,"href":"https:\/\/www.mg-modelleisenbahnbau.de\/startseite-2\/wp-json\/wp\/v2\/media\/4957"}],"wp:attachment":[{"href":"https:\/\/www.mg-modelleisenbahnbau.de\/startseite-2\/wp-json\/wp\/v2\/media?parent=4956"}],"wp:term":[{"taxonomy":"product_brand","embeddable":true,"href":"https:\/\/www.mg-modelleisenbahnbau.de\/startseite-2\/wp-json\/wp\/v2\/product_brand?post=4956"},{"taxonomy":"product_cat","embeddable":true,"href":"https:\/\/www.mg-modelleisenbahnbau.de\/startseite-2\/wp-json\/wp\/v2\/product_cat?post=4956"},{"taxonomy":"product_tag","embeddable":true,"href":"https:\/\/www.mg-modelleisenbahnbau.de\/startseite-2\/wp-json\/wp\/v2\/product_tag?post=4956"}],"curies":[{"name":"wp","href":"https:\/\/api.w.org\/{rel}","templated":true}]}}