{"id":4952,"date":"2020-03-19T21:18:08","date_gmt":"2020-03-19T20:18:08","guid":{"rendered":"http:\/\/www.mg-modelleisenbahnbau.de\/?post_type=product&#038;p=4952"},"modified":"2025-06-29T21:05:51","modified_gmt":"2025-06-29T19:05:51","slug":"4418-n-licht-sperrsignal-nieder","status":"publish","type":"product","link":"https:\/\/www.mg-modelleisenbahnbau.de\/startseite-2\/produkt\/4418-n-licht-sperrsignal-nieder\/","title":{"rendered":"4418 N Licht-Sperrsignal, nieder"},"content":{"rendered":"<div class=\"content--description\">\n<div class=\"content--title\">Produktinformationen &#8222;N Licht-Sperrsignal, nieder&#8220;<\/div>\n<div class=\"product--description\">Signal der Einheitsbauart mit Patentsteckfu\u00df f\u00fcr einfache Montage. Mit je 2 roten und wei\u00dfen LEDs, wartungsfrei. Es handelt sich um das kleinste serienm\u00e4\u00dfig hergestellte Lichtsignalmodell. Signalbilder Sh0 und Sh1. Passendes Steuermodul: Art. 5221. H\u00f6he: 0,56 cm.<\/div>\n<h3><span class=\"delivery--text delivery--text-more-is-coming\" style=\"color: #ff9900;\"><strong>Voraussichtlich verf\u00fcgbar ab (ohne Gew\u00e4hr): 26. M\u00e4rz 2020<\/strong> <\/span><\/h3>\n<\/div>\n","protected":false},"excerpt":{"rendered":"<p>Produktinformationen &#8222;N Licht-Sperrsignal, nieder&#8220; Signal der Einheitsbauart mit Patentsteckfu\u00df f\u00fcr einfache Montage. Mit je 2 roten und wei\u00dfen LEDs, wartungsfrei. Es handelt sich um das kleinste serienm\u00e4\u00dfig hergestellte Lichtsignalmodell. Signalbilder Sh0 und Sh1. Passendes Steuermodul: Art. 5221. H\u00f6he: 0,56 cm. Voraussichtlich verf\u00fcgbar ab (ohne Gew\u00e4hr): 26. M\u00e4rz 2020<\/p>\n","protected":false},"featured_media":4953,"comment_status":"open","ping_status":"closed","template":"","meta":[],"product_brand":[],"product_cat":[141,38,37,138],"product_tag":[292,291],"class_list":{"0":"post-4952","1":"product","2":"type-product","3":"status-publish","4":"has-post-thumbnail","6":"product_cat-lichtsignale-n","7":"product_cat-unkategorisiert","8":"product_cat-viessmann","9":"product_cat-viessmann-spur-n","10":"product_tag-kein-spielzeug-nicht-geeignet-fuer-kinder-unter-14-jahren","11":"product_tag-warn-und-sicherheitshinweise-modellbauartikel","13":"first","14":"instock","15":"taxable","16":"shipping-taxable","17":"purchasable","18":"product-type-simple"},"jetpack_sharing_enabled":true,"_links":{"self":[{"href":"https:\/\/www.mg-modelleisenbahnbau.de\/startseite-2\/wp-json\/wp\/v2\/product\/4952","targetHints":{"allow":["GET"]}}],"collection":[{"href":"https:\/\/www.mg-modelleisenbahnbau.de\/startseite-2\/wp-json\/wp\/v2\/product"}],"about":[{"href":"https:\/\/www.mg-modelleisenbahnbau.de\/startseite-2\/wp-json\/wp\/v2\/types\/product"}],"replies":[{"embeddable":true,"href":"https:\/\/www.mg-modelleisenbahnbau.de\/startseite-2\/wp-json\/wp\/v2\/comments?post=4952"}],"wp:featuredmedia":[{"embeddable":true,"href":"https:\/\/www.mg-modelleisenbahnbau.de\/startseite-2\/wp-json\/wp\/v2\/media\/4953"}],"wp:attachment":[{"href":"https:\/\/www.mg-modelleisenbahnbau.de\/startseite-2\/wp-json\/wp\/v2\/media?parent=4952"}],"wp:term":[{"taxonomy":"product_brand","embeddable":true,"href":"https:\/\/www.mg-modelleisenbahnbau.de\/startseite-2\/wp-json\/wp\/v2\/product_brand?post=4952"},{"taxonomy":"product_cat","embeddable":true,"href":"https:\/\/www.mg-modelleisenbahnbau.de\/startseite-2\/wp-json\/wp\/v2\/product_cat?post=4952"},{"taxonomy":"product_tag","embeddable":true,"href":"https:\/\/www.mg-modelleisenbahnbau.de\/startseite-2\/wp-json\/wp\/v2\/product_tag?post=4952"}],"curies":[{"name":"wp","href":"https:\/\/api.w.org\/{rel}","templated":true}]}}